{"id":16987,"date":"2024-03-03T02:31:28","date_gmt":"2024-03-03T00:31:28","guid":{"rendered":"http:\/\/mareksj17.sg-host.com\/?post_type=product&#038;p=16987"},"modified":"2026-02-09T20:02:39","modified_gmt":"2026-02-09T18:02:39","slug":"push-med-potites-ortoze-aequi-flex","status":"publish","type":"product","link":"https:\/\/medapp.lv\/lt\/produktas\/push-med-potites-ortoze-aequi-flex\/","title":{"rendered":"PUSH Med kulk\u0161nies ortoz\u0117"},"content":{"rendered":"<p><strong><strong>Kada reikia naudoti push med kulk\u0161nies ortoz\u0119?<br \/>\n<\/strong><\/strong><\/p>\n<ul>\n<li>\u016aminis \u0161onin\u0117s kulk\u0161nies patempimas<\/li>\n<li>\u010ciurnos l\u016b\u017eis<\/li>\n<li>Vidutinis ar sunkus nestabilumas<\/li>\n<li>Vidutinio sunkumo osteoartritas<\/li>\n<\/ul>\n<p><strong>Aequi<\/strong> koncepcija su medialiniu apvalkalu ir \u012fstri\u017ea inkaro juostele buvo labai s\u0117kminga daugel\u012f met\u0173. Naujasis <strong>Stumkite Aequi Flex<\/strong> dizainas yra naujov\u0117, pagr\u012fsta originalia atramos ir komforto pusiausvyros koncepcija. \u201c<strong>Flex-Protect<\/strong>&quot;saugaus atkaklumo. Vidurinis apvalkalas yra tvirtas centre, bet mink\u0161tas aplink p\u0117d\u0105 ir kra\u0161tus. Priekyje dir\u017eelis pritvirtina koj\u0105 \u012f apvalkal\u0105. Dir\u017eelis susideda i\u0161 elastingos ir neelastin\u0117s dalies, kurios yra integruotos su \u017eemo profilio u\u017esegimu. Kartu su bat\u0173 u\u017evalkalu \u0161is dir\u017eelis apsaugo nuo pasikartojan\u010dio \u012ftempimo. Tuo pa\u010diu metu ortoz\u0117 u\u017etikrina tolyg\u0173 suspaudim\u0105 aplink skausming\u0105 kulk\u0161n\u012f. \u201eFlex-protect\u201c naujov\u0117: tvirta apsauga ir lankstumas komfortui.<br \/>\n<iframe title=\"YouTube vaizdo grotuvas\" src=\"https:\/\/www.youtube.com\/embed\/C7wD433G-kQ?si=Na34VCkdO41Vyilf\" width=\"560\" height=\"315\" frameborder=\"0\" allowfullscreen=\"allowfullscreen\"><\/iframe><\/p>","protected":false},"excerpt":{"rendered":"<p>Push med Aequi Flex u\u017etikrina \u010diurnos s\u0105nario stabilum\u0105 funkcinio (po\u016bmi\u0173) \u010diurnos traum\u0173 gydymo metu. Naudojant Flex-protect sistem\u0105, kuri\u0105 sudaro medialinis apvalkalas ir vidurinis \u0161oninis tvirtinimo dir\u017eas, pacientas gali saugiai ir patogiai atsigauti. U\u017edara apvalkalo ir dir\u017eelio kilpa u\u017etikrina apversimo valdym\u0105 ir suspaudim\u0105 vienu metu. Suspaudim\u0105 galima reguliuoti pagal paciento poreikius suver\u017eiant arba atlaisvinant elastines juosteles.<\/p>\n<p>Kulk\u0161nies \u012ftvaras yra 3 dyd\u017ei\u0173. Pad\u0117kite koj\u0105 90\u00b0 kampu blauzdos at\u017evilgiu. Tada i\u0161matuokite perimetr\u0105 aplink kuln\u0105 ir p\u0117dos vir\u0161\u0173.<\/p>","protected":false},"featured_media":18381,"comment_status":"open","ping_status":"closed","template":"","meta":[],"product_brand":[],"product_cat":[137,133],"product_tag":[],"class_list":{"0":"post-16987","1":"product","2":"type-product","3":"status-publish","4":"has-post-thumbnail","6":"product_cat-kajai-cela-locitivai-un-pedai","7":"product_cat-ortozes","9":"first","10":"instock","11":"taxable","12":"shipping-taxable","13":"purchasable","14":"product-type-variable"},"_links":{"self":[{"href":"https:\/\/medapp.lv\/lt\/wp-json\/wp\/v2\/product\/16987","targetHints":{"allow":["GET"]}}],"collection":[{"href":"https:\/\/medapp.lv\/lt\/wp-json\/wp\/v2\/product"}],"about":[{"href":"https:\/\/medapp.lv\/lt\/wp-json\/wp\/v2\/types\/product"}],"replies":[{"embeddable":true,"href":"https:\/\/medapp.lv\/lt\/wp-json\/wp\/v2\/comments?post=16987"}],"version-history":[{"count":10,"href":"https:\/\/medapp.lv\/lt\/wp-json\/wp\/v2\/product\/16987\/revisions"}],"predecessor-version":[{"id":20017,"href":"https:\/\/medapp.lv\/lt\/wp-json\/wp\/v2\/product\/16987\/revisions\/20017"}],"wp:featuredmedia":[{"embeddable":true,"href":"https:\/\/medapp.lv\/lt\/wp-json\/wp\/v2\/media\/18381"}],"wp:attachment":[{"href":"https:\/\/medapp.lv\/lt\/wp-json\/wp\/v2\/media?parent=16987"}],"wp:term":[{"taxonomy":"product_brand","embeddable":true,"href":"https:\/\/medapp.lv\/lt\/wp-json\/wp\/v2\/product_brand?post=16987"},{"taxonomy":"product_cat","embeddable":true,"href":"https:\/\/medapp.lv\/lt\/wp-json\/wp\/v2\/product_cat?post=16987"},{"taxonomy":"product_tag","embeddable":true,"href":"https:\/\/medapp.lv\/lt\/wp-json\/wp\/v2\/product_tag?post=16987"}],"curies":[{"name":"wp","href":"https:\/\/api.w.org\/{rel}","templated":true}]}}