{"id":16994,"date":"2024-03-03T02:50:46","date_gmt":"2024-03-03T00:50:46","guid":{"rendered":"http:\/\/mareksj17.sg-host.com\/?post_type=product&#038;p=16994"},"modified":"2025-07-17T09:58:08","modified_gmt":"2025-07-17T07:58:08","slug":"push-ortho-potites-ortoze-afo","status":"publish","type":"product","link":"https:\/\/medapp.lv\/lt\/produktas\/push-ortho-potites-ortoze-afo\/","title":{"rendered":"PUSH kulk\u0161nies ortoz\u0117 AFO"},"content":{"rendered":"<p><strong><strong>Kada reikia naudoti Push ortho kulk\u0161nies ortozes?<br \/>\n<\/strong><\/strong><\/p>\n<ul>\n<li>Kulk\u0161nies nugarini\u0173 lenkiam\u0173j\u0173 raumen\u0173 kontrol\u0117s praradimas si\u016bbuojant ir reaguojant \u012f apkrov\u0105 (kulno nepakankamumas\/plok\u0161\u010diap\u0117dyst\u0117) d\u0117l blauzdikaulio priekinio raumens problem\u0173 ir galimo kulk\u0161nies nestabilumo.<\/li>\n<li>Ligos, d\u0117l kuri\u0173 gali b\u016bti prarasta \u010diurnos nugaros lenkimo funkcija, yra: CVA, i\u0161var\u017ea, i\u0161s\u0117tin\u0117 skleroz\u0117, sindromas po poliomielito, raumen\u0173 distrofija, nugaros smegen\u0173 pa\u017eeidimas, polineuropatija.<\/li>\n<li>Vidutinis ar sunkus spazmi\u0161kumas (neuromotorinis sutrikimas), p\u0117dos deformacija.<\/li>\n<\/ul>\n<p><strong>Paspauskite AFO<\/strong> elastiniai dir\u017eeliai reguliuojami. Jis stabilizuoja p\u0117d\u0105, neleid\u017eia jai si\u016bbuoti, netaisyklingai jud\u0117ti. Kulno sm\u016bgio atveju elastinis dir\u017eelis laikosi, u\u017etikrindamas gerai valdom\u0105 pad\u0173 lenkim\u0105. Stovintis <strong>Paspauskite AFO<\/strong> leid\u017eia sulenkti ir prat\u0119sti \u010diurnos s\u0105nar\u012f ir leid\u017eia jud\u0117ti blauzdos raumenims jud\u0117jimo metu. Rezultatas yra efektyvus ir nat\u016braliai progresuoja.<\/p>\n<p>Jei \u012fprasti batai leid\u017eia pritvirtinti ortoz\u0119 aplink p\u0117d\u0105, <strong>Paspauskite AFO<\/strong> turi savo tvirtinimo dir\u017e\u0173 sistem\u0105. \u0160is naujovi\u0161kas dizainas leid\u017eia <strong>Paspauskite AFO<\/strong> d\u0117v\u0117kite su lengvais batais, pavyzd\u017eiui, kambarin\u0117mis \u0161lepet\u0117mis.<\/p>\n<p><iframe title=\"YouTube vaizdo grotuvas\" src=\"https:\/\/www.youtube.com\/embed\/urvg5jvcCTY?si=8FmNODi4NRHaRi1W\" width=\"560\" height=\"315\" frameborder=\"0\" allowfullscreen=\"allowfullscreen\"><\/iframe><\/p>","protected":false},"excerpt":{"rendered":"<p>Push ortho Ankle Foot Orthosis AFO kulk\u0161nies p\u0117dos ortoz\u0117 AFO si\u016blo puiki\u0105 atram\u0105, kai praradote galimyb\u0119 pakelti p\u0117d\u0105 ir kyla problem\u0173 suvaldyti p\u0117d\u0105 einant. Naujovi\u0161kas dizainas u\u017etikrina nat\u016brali\u0105 eisen\u0105 ir v\u0117l leid\u017eia saugiai bei efektyviai vaik\u0161\u010dioti. Push AFO pakelia p\u0117d\u0105 si\u016bbavimo faz\u0117s metu, kontroliuoja pad\u0173 lenkim\u0105 po kulno sm\u016bgio ir leid\u017eia p\u0117dai netrukdomai ried\u0117ti. Be to, ortoz\u0117 u\u017etikrina \u010diurnos s\u0105nario \u0161onin\u012f stabilum\u0105. Kulk\u0161nies \u012ftvaras yra 3 dyd\u017ei\u0173. Pad\u0117kite p\u0117d\u0105 90\u00b0 kampu blauzdos at\u017evilgiu. Tada i\u0161matuokite perimetr\u0105 aplink kuln\u0105 ir p\u0117dos vir\u0161\u0173.<\/p>","protected":false},"featured_media":18353,"comment_status":"open","ping_status":"closed","template":"","meta":[],"product_brand":[],"product_cat":[137,133],"product_tag":[],"class_list":{"0":"post-16994","1":"product","2":"type-product","3":"status-publish","4":"has-post-thumbnail","6":"product_cat-kajai-cela-locitivai-un-pedai","7":"product_cat-ortozes","9":"first","10":"instock","11":"taxable","12":"shipping-taxable","13":"purchasable","14":"product-type-variable"},"_links":{"self":[{"href":"https:\/\/medapp.lv\/lt\/wp-json\/wp\/v2\/product\/16994","targetHints":{"allow":["GET"]}}],"collection":[{"href":"https:\/\/medapp.lv\/lt\/wp-json\/wp\/v2\/product"}],"about":[{"href":"https:\/\/medapp.lv\/lt\/wp-json\/wp\/v2\/types\/product"}],"replies":[{"embeddable":true,"href":"https:\/\/medapp.lv\/lt\/wp-json\/wp\/v2\/comments?post=16994"}],"version-history":[{"count":9,"href":"https:\/\/medapp.lv\/lt\/wp-json\/wp\/v2\/product\/16994\/revisions"}],"predecessor-version":[{"id":20013,"href":"https:\/\/medapp.lv\/lt\/wp-json\/wp\/v2\/product\/16994\/revisions\/20013"}],"wp:featuredmedia":[{"embeddable":true,"href":"https:\/\/medapp.lv\/lt\/wp-json\/wp\/v2\/media\/18353"}],"wp:attachment":[{"href":"https:\/\/medapp.lv\/lt\/wp-json\/wp\/v2\/media?parent=16994"}],"wp:term":[{"taxonomy":"product_brand","embeddable":true,"href":"https:\/\/medapp.lv\/lt\/wp-json\/wp\/v2\/product_brand?post=16994"},{"taxonomy":"product_cat","embeddable":true,"href":"https:\/\/medapp.lv\/lt\/wp-json\/wp\/v2\/product_cat?post=16994"},{"taxonomy":"product_tag","embeddable":true,"href":"https:\/\/medapp.lv\/lt\/wp-json\/wp\/v2\/product_tag?post=16994"}],"curies":[{"name":"wp","href":"https:\/\/api.w.org\/{rel}","templated":true}]}}