{"id":17155,"date":"2024-03-05T00:27:07","date_gmt":"2024-03-04T22:27:07","guid":{"rendered":"https:\/\/mareksj17.sg-host.com\/?post_type=product&#038;p=17155"},"modified":"2026-02-11T09:26:30","modified_gmt":"2026-02-11T07:26:30","slug":"darco-tas-kaju-pirkstu-izlidzinasanas-ortoze","status":"publish","type":"product","link":"https:\/\/medapp.lv\/lt\/produktas\/darco-tas-kaju-pirkstu-izlidzinasanas-ortoze\/","title":{"rendered":"DARCO TAS\u2122 pir\u0161t\u0173 i\u0161lyginimo ortoz\u0117"},"content":{"rendered":"<p><strong><strong>Kada tur\u0117tum\u0117te naudoti Darco Toe Alignment ortozes?<\/strong><\/strong><\/p>\n<ul>\n<li>Tvirtai pritvirtinkite padikaulio dir\u017eel\u012f aplink p\u0117d\u0105 i\u0161kart u\u017e padikaulio galvu\u010di\u0173.<\/li>\n<li>U\u017efiksuokite kulno juost\u0105 u\u017ed\u0117dami aplink kulno gal\u0105 ir pritvirtindami prie 2-osios padikaulio juostos vidurinio ir \u0161oninio kra\u0161t\u0173.<\/li>\n<\/ul>\n<p><strong>TAI\u2122<\/strong> yra efektyvus ir nebrangus b\u016bdas palaikyti tinkam\u0105 koj\u0173 pir\u0161t\u0173 i\u0161lyginim\u0105 gijimo proceso metu. Plonas guminis padikaulio dir\u017eelis suma\u017eina slydim\u0105, o mink\u0161tos koj\u0173 pir\u0161t\u0173 kilpos i\u0161laiko pir\u0161tus tinkamoje pad\u0117tyje, kad b\u016bt\u0173 i\u0161laikytas j\u0173 lygis po operacijos, skirtos koreguoti hallux valgus ar k\u016bjinius pir\u0161tus.<br \/>\n<iframe title=\"YouTube vaizdo grotuvas\" src=\"https:\/\/www.youtube.com\/embed\/CQwJvpwqBHA?si=RfWD-uNx5Ba7G4a3\" width=\"560\" height=\"315\" frameborder=\"0\" allowfullscreen=\"allowfullscreen\"><\/iframe><\/p>","protected":false},"excerpt":{"rendered":"<p><strong>Kod\u0117l verta naudoti Darco Orthosis?<\/strong><\/p>\n<ul>\n<li>\u017demo profilio padikaulio dir\u017eelis lengvai priglunda prie daugumos bat\u0173 ir suma\u017eina slydim\u0105.<\/li>\n<li>Specialus T formos dir\u017eelis \u0161velniai palaiko tinkam\u0105 i\u0161lyginim\u0105 po gijimo proced\u016bros<\/li>\n<li>Vienas dydis tinka visiems.<\/li>\n<li>N\u0117ra latekso<\/li>\n<\/ul>\n<p><span class=\"selectable-text copyable-text\"><strong>Dydis<\/strong>: Universalus<\/span><\/p>","protected":false},"featured_media":17171,"comment_status":"open","ping_status":"closed","template":"","meta":[],"product_brand":[],"product_cat":[137,133],"product_tag":[],"class_list":{"0":"post-17155","1":"product","2":"type-product","3":"status-publish","4":"has-post-thumbnail","6":"product_cat-kajai-cela-locitivai-un-pedai","7":"product_cat-ortozes","9":"first","10":"instock","11":"taxable","12":"shipping-taxable","13":"purchasable","14":"product-type-simple"},"_links":{"self":[{"href":"https:\/\/medapp.lv\/lt\/wp-json\/wp\/v2\/product\/17155","targetHints":{"allow":["GET"]}}],"collection":[{"href":"https:\/\/medapp.lv\/lt\/wp-json\/wp\/v2\/product"}],"about":[{"href":"https:\/\/medapp.lv\/lt\/wp-json\/wp\/v2\/types\/product"}],"replies":[{"embeddable":true,"href":"https:\/\/medapp.lv\/lt\/wp-json\/wp\/v2\/comments?post=17155"}],"version-history":[{"count":6,"href":"https:\/\/medapp.lv\/lt\/wp-json\/wp\/v2\/product\/17155\/revisions"}],"predecessor-version":[{"id":20001,"href":"https:\/\/medapp.lv\/lt\/wp-json\/wp\/v2\/product\/17155\/revisions\/20001"}],"wp:featuredmedia":[{"embeddable":true,"href":"https:\/\/medapp.lv\/lt\/wp-json\/wp\/v2\/media\/17171"}],"wp:attachment":[{"href":"https:\/\/medapp.lv\/lt\/wp-json\/wp\/v2\/media?parent=17155"}],"wp:term":[{"taxonomy":"product_brand","embeddable":true,"href":"https:\/\/medapp.lv\/lt\/wp-json\/wp\/v2\/product_brand?post=17155"},{"taxonomy":"product_cat","embeddable":true,"href":"https:\/\/medapp.lv\/lt\/wp-json\/wp\/v2\/product_cat?post=17155"},{"taxonomy":"product_tag","embeddable":true,"href":"https:\/\/medapp.lv\/lt\/wp-json\/wp\/v2\/product_tag?post=17155"}],"curies":[{"name":"wp","href":"https:\/\/api.w.org\/{rel}","templated":true}]}}