{"id":17861,"date":"2024-03-08T21:35:23","date_gmt":"2024-03-08T19:35:23","guid":{"rendered":"https:\/\/mareksj17.sg-host.com\/?post_type=product&#038;p=17861"},"modified":"2025-07-16T10:21:29","modified_gmt":"2025-07-16T08:21:29","slug":"revvi-instant-cold-packtuliteja-aukstuma-iepakojums-280-gr","status":"publish","type":"product","link":"https:\/\/medapp.lv\/lt\/produktas\/revvi-instant-cold-packtuliteja-aukstuma-iepakojums-280-gr\/","title":{"rendered":"R\u00c9VVI Momentin\u0117 \u0161al\u010dio pakuot\u0117 280gr."},"content":{"rendered":"<p>Revvi momentinis \u0161al\u010dio paketas skirtas raumenims v\u0117sinti, \u0161alto paketas gali b\u016bti naudojamas kartu su \u0161al\u010dio geliu. R\u00c9VVI raumen\u0173 gelis aktyvuoja ilgalaik\u012f ir gil\u0173 skausmo mal\u0161inim\u0105. Po u\u017edegimo nenaudokite \u0161ilumos gelio ar kit\u0173 \u0161ilumos turin\u010di\u0173 produkt\u0173, nes kar\u0161tis i\u0161 tikr\u0173j\u0173 gali pabloginti problem\u0105 ir skausm\u0105. \u0160ilum\u0105 naudokite tik i\u0161kilus \u016bmiai problemai.<\/p>\n<p><strong>Kaip naudoti \u0161alt\u0105 pakuot\u0119:<\/strong><\/p>\n<ol>\n<li>&quot;Liesti&quot;<br \/>\nNuimkite vidin\u012f au\u0161inimo paketo mai\u0161el\u012f ir palieskite j\u012f abiem rankomis, kad suaktyvintum\u0117te au\u0161inimo proces\u0105.<\/li>\n<li>&quot;Pakratyk&quot;<br \/>\nTada pakratykite mai\u0161el\u012f, kad au\u0161inimo skystis pasiskirstyt\u0173 po vis\u0105 pakuot\u0119.<\/li>\n<li>&quot;suvynioti \u012f audin\u012f&quot;<br \/>\nPrie\u0161 tepdami ant odos, v\u0117sinimo pakuot\u0119 apvyniokite rank\u0161luos\u010diu. Audinys veikia kaip apsauginis sluoksnis.<\/li>\n<li>&quot;At\u0161aldymas&quot;<br \/>\nDabar galite naudoti momentin\u012f \u0161al\u010dio paket\u0105 norimai k\u016bno daliai atv\u0117sinti. \u0160velniai prispauskite pakuot\u0119 prie u\u017edegusios ar patinusios k\u016bno dalies. Mai\u0161elis i\u0161lieka \u0161altas apie trisde\u0161imt minu\u010di\u0173. Atv\u0117sus pakuot\u0119 galima i\u0161mesti. <strong>Jis gali b\u016bti naudojamas tik vien\u0105 kart\u0105.<\/strong><\/li>\n<\/ol>\n<p>Tu gali naudoti <strong>nedelsiant \u0161alta pakuot\u0117<\/strong>, atv\u0117sinti k\u016bno dal\u012f \u0161iose situacijose:<\/p>\n<ul>\n<li>D\u0117l patempim\u0173;<\/li>\n<li>Raumen\u0173 pa\u017eeidimai;<\/li>\n<li>Perkaitimas;<\/li>\n<li>Sumu\u0161imai;<\/li>\n<li>D\u0117l galvos skausmo;<\/li>\n<li>Nudegimai;<\/li>\n<li>Patinimas;<\/li>\n<li>M\u0117\u0161lungis;<\/li>\n<li>D\u0117l danties skausmo.<\/li>\n<\/ul>\n<p>Tokiose situacijose greitoji \u0161al\u010dio pakuot\u0117 da\u017enai yra veiksminga pirmosios pagalbos akimirkomis. Ypa\u010d \u016bmi\u0173 su\u017ealojim\u0173, patinim\u0173 ir u\u017edegim\u0173 atveju rekomenduojama nedelsiant atv\u0117sinti.<\/p>\n<p>Jei pajutote u\u017edegim\u0105 ar patinim\u0105, protinga nedelsiant taikyti v\u0117sinim\u0105. Taip u\u017ekertamas kelias patinimui ir skausmui. Ta\u010diau ne\u0161aldykite ilgiau nei 15-20 minu\u010di\u0173 vienu metu. \u0160altis siaurina kraujagysles, l\u0117tina kraujotak\u0105. Au\u0161inimas gali b\u016bti kartojamas reguliariai, pavyzd\u017eiui, kas dvi valandas.<\/p>","protected":false},"excerpt":{"rendered":"<p>Ar turite traum\u0105, u\u017edegim\u0105 ar patinim\u0105 d\u0117l sporto? Tada labai svarbu nedelsiant imtis veiksm\u0173 <strong>au\u0161inimas<\/strong>. Tai galima padaryti su <em><strong>momentinis \u0161altas paketas<\/strong><\/em>.<\/p>\n<p>Tai mink\u0161tas v\u0117sinantis elementas, kuris visi\u0161kai prisitaiko prie j\u016bs\u0173 k\u016bno form\u0173. Jis turi tok\u012f pat\u012f v\u0117sinant\u012f ir skausm\u0105 mal\u0161inant\u012f poveik\u012f kaip ledas, ta\u010diau yra daug patogesnis naudoti.<\/p>\n<p>Puiki \u0161io medicinos prietaiso savyb\u0117 \u2013 jo nereikia laikyti \u0161aldiklyje. \u0160al\u010dio pakuot\u0119 galite pasiimti su savimi visur \u2013 \u012f sporto sal\u0119, \u012f kelion\u0119 ir pan. Tokiu b\u016bdu avarijos atveju visada po ranka tur\u0117site au\u0161inimo element\u0105.<\/p>\n<p><strong>Momentinis \u0161al\u010dio paketas<\/strong> susideda i\u0161 patvarios, bet mink\u0161tos pakuot\u0117s su v\u0117sinimo skyriumi viduje. Kai suspaud\u017eiate mai\u0161el\u012f, \u012fvyksta chemin\u0117 reakcija, kuri pradeda au\u0161inimo proces\u0105. D\u0117l to au\u0161inimo mai\u0161elis akimirksniu tampa \u0161altas kaip ledas. \u0160io per\u0161alimo trukm\u0117 yra apie 30 minu\u010di\u0173. Tai suteikia pakankamai laiko norimai k\u016bno daliai atv\u0117sti.<\/p>","protected":false},"featured_media":17862,"comment_status":"open","ping_status":"closed","template":"","meta":[],"product_brand":[],"product_cat":[143,141],"product_tag":[151],"class_list":{"0":"post-17861","1":"product","2":"type-product","3":"status-publish","4":"has-post-thumbnail","6":"product_cat-kermena-kopsanai","7":"product_cat-preces-muskuliem","8":"product_tag-pirms-sporta","10":"first","11":"instock","12":"taxable","13":"shipping-taxable","14":"purchasable","15":"product-type-simple"},"_links":{"self":[{"href":"https:\/\/medapp.lv\/lt\/wp-json\/wp\/v2\/product\/17861","targetHints":{"allow":["GET"]}}],"collection":[{"href":"https:\/\/medapp.lv\/lt\/wp-json\/wp\/v2\/product"}],"about":[{"href":"https:\/\/medapp.lv\/lt\/wp-json\/wp\/v2\/types\/product"}],"replies":[{"embeddable":true,"href":"https:\/\/medapp.lv\/lt\/wp-json\/wp\/v2\/comments?post=17861"}],"version-history":[{"count":12,"href":"https:\/\/medapp.lv\/lt\/wp-json\/wp\/v2\/product\/17861\/revisions"}],"predecessor-version":[{"id":19911,"href":"https:\/\/medapp.lv\/lt\/wp-json\/wp\/v2\/product\/17861\/revisions\/19911"}],"wp:featuredmedia":[{"embeddable":true,"href":"https:\/\/medapp.lv\/lt\/wp-json\/wp\/v2\/media\/17862"}],"wp:attachment":[{"href":"https:\/\/medapp.lv\/lt\/wp-json\/wp\/v2\/media?parent=17861"}],"wp:term":[{"taxonomy":"product_brand","embeddable":true,"href":"https:\/\/medapp.lv\/lt\/wp-json\/wp\/v2\/product_brand?post=17861"},{"taxonomy":"product_cat","embeddable":true,"href":"https:\/\/medapp.lv\/lt\/wp-json\/wp\/v2\/product_cat?post=17861"},{"taxonomy":"product_tag","embeddable":true,"href":"https:\/\/medapp.lv\/lt\/wp-json\/wp\/v2\/product_tag?post=17861"}],"curies":[{"name":"wp","href":"https:\/\/api.w.org\/{rel}","templated":true}]}}