{"id":17951,"date":"2024-03-08T23:31:02","date_gmt":"2024-03-08T21:31:02","guid":{"rendered":"https:\/\/mareksj17.sg-host.com\/?post_type=product&#038;p=17951"},"modified":"2025-12-29T09:00:00","modified_gmt":"2025-12-29T07:00:00","slug":"push-med-med-kakla-ortoze","status":"publish","type":"product","link":"https:\/\/medapp.lv\/lt\/produktas\/push-med-med-kakla-ortoze\/","title":{"rendered":"PUSH Med Kaklo ortoz\u0117"},"content":{"rendered":"<p><strong>Sympress\u2122<\/strong> technologija<br \/>\n\u0160is kaklo \u012ftvaras pagamintas i\u0161 Sympress\u2122, auk\u0161tos kokyb\u0117s med\u017eiagos. Naudojant mikropluo\u0161t\u0105, vidus tampa mink\u0161tas ir oda i\u0161lieka sausa. Push med kaklo ortoz\u0119 lengva u\u017ed\u0117ti ir galima skalbti.<\/p>\n<p><strong>Kaip naudoti ortoz\u0119?<\/strong><\/p>\n<ol>\n<li>Laikykite ortoz\u0119 u\u017e abiej\u0173 gal\u0173 priekyje, kad b\u016bt\u0173 matoma vidin\u0117 dalis, o vidurinis ortoz\u0117s ta\u0161kas turi b\u016bti nukreiptas \u017eemyn.<\/li>\n<li>Tada u\u017esukite kilp\u0105 kaklo gale.<\/li>\n<li>Priver\u017ekite ir u\u017esukite elastinius dir\u017eelius. Jei ortopedas tinkamai pritvirtintas, jis tur\u0117t\u0173 jaustis patogiai.<\/li>\n<\/ol>\n<p><strong>Tvirtinimo elemento nu\u0117mimas ir montavimas:<\/strong><\/p>\n<p>U\u017ed\u0117kite tvirtinimo detal\u0119 puse \u017eemyn ant kieto pavir\u0161iaus su ta\u0161ku centre, kad spaustukas b\u016bt\u0173 nukreiptas \u012f jus. De\u0161in\u0117je pus\u0117je yra u\u017etrauktukas.<br \/>\nAtidarykite u\u017etrauktuk\u0105, kad nuimtum\u0117te u\u017esegim\u0105. Suraskite tvirtinimo detal\u0119 ir nuimkite j\u0105 tvirtai laikydami.<iframe title=\"YouTube vaizdo grotuvas\" src=\"https:\/\/www.youtube.com\/embed\/8Skz0TtNjJU?si=8RQZng_cveXKqHDv\" width=\"560\" height=\"315\" frameborder=\"0\" allowfullscreen=\"allowfullscreen\"><\/iframe><\/p>","protected":false},"excerpt":{"rendered":"<p>Push med kaklo ortoz\u0117 suteikia atram\u0105 stuburui d\u0117l savo anatomin\u0117s formos ir pusiau kietos med\u017eiagos. Kaklo petne\u0161\u0117l\u0117 turi nuimam\u0105 element\u0105 papildomai atramai. \u0160is elementas remiasi \u012f raktikaul\u012f ir \u017eandikaul\u012f, suteikdamas labai veiksming\u0105 atram\u0105. Tinkamas anatominis prigludimas ir saus\u0105 od\u0105 i\u0161laikan\u010di\u0173 med\u017eiag\u0173 naudojimas u\u017etikrina, kad ortoz\u0119 d\u0117v\u0117ti b\u016bt\u0173 itin patogu. Kaklo petne\u0161os yra dviej\u0173 auk\u0161\u010di\u0173. Tiesia galva i\u0161matuokite kaklo perimetr\u0105 nuo nugaros iki kaklo priekio. Pakuot\u0117je esan\u010dioje lentel\u0117je nurodytas teisingas ortoz\u0117s dydis pagal J\u016bs\u0173 kaklo apimt\u012f.<\/p>","protected":false},"featured_media":18239,"comment_status":"open","ping_status":"closed","template":"","meta":[],"product_brand":[],"product_cat":[134,133],"product_tag":[],"class_list":{"0":"post-17951","1":"product","2":"type-product","3":"status-publish","4":"has-post-thumbnail","6":"product_cat-kaklam","7":"product_cat-ortozes","9":"first","10":"instock","11":"taxable","12":"shipping-taxable","13":"purchasable","14":"product-type-variable"},"_links":{"self":[{"href":"https:\/\/medapp.lv\/lt\/wp-json\/wp\/v2\/product\/17951","targetHints":{"allow":["GET"]}}],"collection":[{"href":"https:\/\/medapp.lv\/lt\/wp-json\/wp\/v2\/product"}],"about":[{"href":"https:\/\/medapp.lv\/lt\/wp-json\/wp\/v2\/types\/product"}],"replies":[{"embeddable":true,"href":"https:\/\/medapp.lv\/lt\/wp-json\/wp\/v2\/comments?post=17951"}],"version-history":[{"count":16,"href":"https:\/\/medapp.lv\/lt\/wp-json\/wp\/v2\/product\/17951\/revisions"}],"predecessor-version":[{"id":20016,"href":"https:\/\/medapp.lv\/lt\/wp-json\/wp\/v2\/product\/17951\/revisions\/20016"}],"wp:featuredmedia":[{"embeddable":true,"href":"https:\/\/medapp.lv\/lt\/wp-json\/wp\/v2\/media\/18239"}],"wp:attachment":[{"href":"https:\/\/medapp.lv\/lt\/wp-json\/wp\/v2\/media?parent=17951"}],"wp:term":[{"taxonomy":"product_brand","embeddable":true,"href":"https:\/\/medapp.lv\/lt\/wp-json\/wp\/v2\/product_brand?post=17951"},{"taxonomy":"product_cat","embeddable":true,"href":"https:\/\/medapp.lv\/lt\/wp-json\/wp\/v2\/product_cat?post=17951"},{"taxonomy":"product_tag","embeddable":true,"href":"https:\/\/medapp.lv\/lt\/wp-json\/wp\/v2\/product_tag?post=17951"}],"curies":[{"name":"wp","href":"https:\/\/api.w.org\/{rel}","templated":true}]}}