{"id":18074,"date":"2024-03-09T00:53:58","date_gmt":"2024-03-08T22:53:58","guid":{"rendered":"https:\/\/mareksj17.sg-host.com\/?post_type=product&#038;p=18074"},"modified":"2025-07-17T10:11:50","modified_gmt":"2025-07-17T08:11:50","slug":"meditrade-operaciju-cimdi-polyisoprene-polychloroprene","status":"publish","type":"product","link":"https:\/\/medapp.lv\/lt\/produktas\/meditrade-operaciju-cimdi-polyisoprene-polychloroprene\/","title":{"rendered":"Meditrade chirurgin\u0117s pir\u0161tin\u0117s (poliizoprenas \/ polichloroprenas)"},"content":{"rendered":"<p>Poliizoprenas\/polichloroprenas<\/p>","protected":false},"excerpt":{"rendered":"<p>Poliizoprenas\/polichloroprenas<\/p>","protected":false},"featured_media":18082,"comment_status":"open","ping_status":"closed","template":"","meta":[],"product_brand":[],"product_cat":[108,162],"product_tag":[],"class_list":{"0":"post-18074","1":"product","2":"type-product","3":"status-publish","4":"has-post-thumbnail","6":"product_cat-produkti-profesionaliem","7":"product_cat-kirurgijas-piederumi","9":"first","10":"instock","11":"taxable","12":"shipping-taxable","13":"product-type-simple"},"_links":{"self":[{"href":"https:\/\/medapp.lv\/lt\/wp-json\/wp\/v2\/product\/18074","targetHints":{"allow":["GET"]}}],"collection":[{"href":"https:\/\/medapp.lv\/lt\/wp-json\/wp\/v2\/product"}],"about":[{"href":"https:\/\/medapp.lv\/lt\/wp-json\/wp\/v2\/types\/product"}],"replies":[{"embeddable":true,"href":"https:\/\/medapp.lv\/lt\/wp-json\/wp\/v2\/comments?post=18074"}],"version-history":[{"count":1,"href":"https:\/\/medapp.lv\/lt\/wp-json\/wp\/v2\/product\/18074\/revisions"}],"predecessor-version":[{"id":18083,"href":"https:\/\/medapp.lv\/lt\/wp-json\/wp\/v2\/product\/18074\/revisions\/18083"}],"wp:featuredmedia":[{"embeddable":true,"href":"https:\/\/medapp.lv\/lt\/wp-json\/wp\/v2\/media\/18082"}],"wp:attachment":[{"href":"https:\/\/medapp.lv\/lt\/wp-json\/wp\/v2\/media?parent=18074"}],"wp:term":[{"taxonomy":"product_brand","embeddable":true,"href":"https:\/\/medapp.lv\/lt\/wp-json\/wp\/v2\/product_brand?post=18074"},{"taxonomy":"product_cat","embeddable":true,"href":"https:\/\/medapp.lv\/lt\/wp-json\/wp\/v2\/product_cat?post=18074"},{"taxonomy":"product_tag","embeddable":true,"href":"https:\/\/medapp.lv\/lt\/wp-json\/wp\/v2\/product_tag?post=18074"}],"curies":[{"name":"wp","href":"https:\/\/api.w.org\/{rel}","templated":true}]}}