{"id":18245,"date":"2024-03-09T22:00:27","date_gmt":"2024-03-09T20:00:27","guid":{"rendered":"https:\/\/mareksj17.sg-host.com\/?post_type=product&#038;p=18245"},"modified":"2025-07-17T10:04:42","modified_gmt":"2025-07-17T08:04:42","slug":"vertebroplastic-vertebroplastijas-adata-plastmasas-rokturis","status":"publish","type":"product","link":"https:\/\/medapp.lv\/lt\/produktas\/vertebroplastic-vertebroplastijas-adata-plastmasas-rokturis\/","title":{"rendered":"VERTEBROPLASTIC\u2122 Vertebroplastikos adata \u2013 plastikin\u0117 rankena."},"content":{"rendered":"<p>Stuburo suspaudimo ritinys (VCR) rei\u0161kia bet kurio stuburo stuburo kaulo (-\u0173) \u012ftr\u016bkim\u0105. Paprastai tai atsitinka, kai priekin\u0117 slankstelio k\u016bno dalis gri\u016bva \u012f nugar\u0105 ir gali atsirasti d\u0117l:<\/p>\n<p><strong>Osteoporoz\u0117:<\/strong> skausmingi osteoporoziniai nugaros slanksteli\u0173 kompresiniai \u012ftr\u016bkimai be u\u017epakalin\u0117s sienel\u0117s pa\u017eeidimo<br \/>\n<strong>Traumos:<\/strong> skausmingi suspaudimo \u012ftr\u016bkimai nugaros slanksteliuose<br \/>\n<strong>V\u0117\u017eys:<\/strong> Osteolitini\u0173 pakitim\u0173, esan\u010di\u0173 nugaros slanksteli\u0173 k\u016bnuose su i\u0161saugotu \u017eiev\u0117s apvalkalu, gydymas<\/p>\n<p>Kai konservatyvaus gydymo nepakanka, cemento priauginimo proced\u016bra gali b\u016bti veiksminga priemon\u0117, suma\u017einanti b\u016bsim\u0173 \u012ftr\u016bkim\u0173 rizik\u0105.<\/p>\n<p>Vertebroplastika yra labai nusistov\u0117j\u0119s metodas nugaros skausmui, kur\u012f sukelia sunki osteoporoz\u0117 arba augliai, su v\u0117lesniu \u016bgio netekimu ar stuburo k\u016bno \u012ftr\u016bkimu, gydyti.<\/p>\n<p>Perimetras: 11G \u2013 13G \u2013 15G<br \/>\nIlgis: 100 mm \u2013 120 mm \u2013 150 mm<\/p>","protected":false},"excerpt":{"rendered":"<p><strong>VERTEBROPLASTIC\u2122<\/strong> adata naudojama vertebroplastikos proced\u016broms cementui \u012f\u0161virk\u0161ti \u012f nugaros stuburo k\u016bn\u0105.<\/p>","protected":false},"featured_media":18246,"comment_status":"open","ping_status":"closed","template":"","meta":[],"product_brand":[],"product_cat":[108,125],"product_tag":[],"class_list":{"0":"post-18245","1":"product","2":"type-product","3":"status-publish","4":"has-post-thumbnail","6":"product_cat-produkti-profesionaliem","7":"product_cat-implanti","9":"first","10":"instock","11":"taxable","12":"shipping-taxable","13":"product-type-simple"},"_links":{"self":[{"href":"https:\/\/medapp.lv\/lt\/wp-json\/wp\/v2\/product\/18245","targetHints":{"allow":["GET"]}}],"collection":[{"href":"https:\/\/medapp.lv\/lt\/wp-json\/wp\/v2\/product"}],"about":[{"href":"https:\/\/medapp.lv\/lt\/wp-json\/wp\/v2\/types\/product"}],"replies":[{"embeddable":true,"href":"https:\/\/medapp.lv\/lt\/wp-json\/wp\/v2\/comments?post=18245"}],"version-history":[{"count":3,"href":"https:\/\/medapp.lv\/lt\/wp-json\/wp\/v2\/product\/18245\/revisions"}],"predecessor-version":[{"id":18249,"href":"https:\/\/medapp.lv\/lt\/wp-json\/wp\/v2\/product\/18245\/revisions\/18249"}],"wp:featuredmedia":[{"embeddable":true,"href":"https:\/\/medapp.lv\/lt\/wp-json\/wp\/v2\/media\/18246"}],"wp:attachment":[{"href":"https:\/\/medapp.lv\/lt\/wp-json\/wp\/v2\/media?parent=18245"}],"wp:term":[{"taxonomy":"product_brand","embeddable":true,"href":"https:\/\/medapp.lv\/lt\/wp-json\/wp\/v2\/product_brand?post=18245"},{"taxonomy":"product_cat","embeddable":true,"href":"https:\/\/medapp.lv\/lt\/wp-json\/wp\/v2\/product_cat?post=18245"},{"taxonomy":"product_tag","embeddable":true,"href":"https:\/\/medapp.lv\/lt\/wp-json\/wp\/v2\/product_tag?post=18245"}],"curies":[{"name":"wp","href":"https:\/\/api.w.org\/{rel}","templated":true}]}}