{"id":18250,"date":"2024-03-09T22:14:34","date_gmt":"2024-03-09T20:14:34","guid":{"rendered":"https:\/\/mareksj17.sg-host.com\/?post_type=product&#038;p=18250"},"modified":"2025-07-17T10:04:41","modified_gmt":"2025-07-17T08:04:41","slug":"spinos-kaulu-cements-lietosanai-muguras-aplikacijam","status":"publish","type":"product","link":"https:\/\/medapp.lv\/lt\/produktas\/spinos-kaulu-cements-lietosanai-muguras-aplikacijam\/","title":{"rendered":"SPINOS Kaul\u0173 cementas nugaros aplikacijai"},"content":{"rendered":"<p><strong>SUKIMAS<\/strong> atitikti visus patenkinamus kaul\u0173 cemento naudojimo nugaros chirurgijoje reikalavim\u0173 aspektus.<\/p>\n<p><strong>SUKIMAS<\/strong> privalumai:<\/p>\n<p><strong>SUKIMAS<\/strong> gali b\u016bti naudojamas vertebroplastikai ir kifoplastikai.<br \/>\nPatvirtintas kaul\u0173 sraigt\u0173 priauginimui tais atvejais, kai kaul\u0173 kokyb\u0117 yra bloga, pavyzd\u017eiui, pacientams, sergantiems osteoporoze arba degeneraciniais ar neoplastiniais poky\u010diais.<br \/>\nTrumpas mai\u0161ymo laikas ir greitas klampumo pasiekimas.<br \/>\nPolimero sud\u0117tis u\u017etikrina auk\u0161t\u0105 pradin\u0119 sanglaud\u0105, tod\u0117l suma\u017e\u0117ja cemento nutek\u0117jimo rizika. Po trumpo laukimo cementas pasiekia ideali\u0105 naudoti klampum\u0105.<br \/>\nIlgas naudojimo laikas.<br \/>\nAbu komponentai (24 g milteliai ir 10 ml skys\u010dio) greitai susijungia \u012f homogenin\u0119, tinkamo klampumo past\u0105, skirt\u0105 \u0161virk\u0161ti per od\u0105.<br \/>\nPo trumpo pamai\u0161ymo chirurgas turi pakankamai laiko perkelti SPINOS \u012f aplikacijos instrumentus, o po to trunka ilgai.<br \/>\nDidelis radioaktyvumas su 45% ZrO2.<br \/>\nCinko dioksido (ZrO2) prid\u0117jimas leid\u017eia optimaliai SPINOS vizualizuoti rentgeno spinduliais, kad b\u016bt\u0173 galima saugiai naudoti.<br \/>\nGeros atsparumo nuovargiui savyb\u0117s.<br \/>\nSPINOS sud\u0117tis garantuoja optimizuotas mechanines savybes, vir\u0161ijan\u010dias atitinkamus ISO 5833 standarto reikalavimus.<br \/>\nD\u0117l vidutinio klampumo SPINOS galima naudoti su tinkamais patvirtintais PMMA cemento dengimo \u012frankiais.<\/p>","protected":false},"excerpt":{"rendered":"<p>SPINOS visi\u0161kai atitinka visus kaul\u0173 cemento reikalavimus nugaros chirurgijoje.<\/p>","protected":false},"featured_media":18251,"comment_status":"open","ping_status":"closed","template":"","meta":[],"product_brand":[],"product_cat":[125,108,207],"product_tag":[],"class_list":{"0":"post-18250","1":"product","2":"type-product","3":"status-publish","4":"has-post-thumbnail","6":"product_cat-implanti","7":"product_cat-produkti-profesionaliem","8":"product_cat-vertebroplastijas-cements","10":"first","11":"instock","12":"taxable","13":"shipping-taxable","14":"product-type-simple"},"_links":{"self":[{"href":"https:\/\/medapp.lv\/lt\/wp-json\/wp\/v2\/product\/18250","targetHints":{"allow":["GET"]}}],"collection":[{"href":"https:\/\/medapp.lv\/lt\/wp-json\/wp\/v2\/product"}],"about":[{"href":"https:\/\/medapp.lv\/lt\/wp-json\/wp\/v2\/types\/product"}],"replies":[{"embeddable":true,"href":"https:\/\/medapp.lv\/lt\/wp-json\/wp\/v2\/comments?post=18250"}],"version-history":[{"count":1,"href":"https:\/\/medapp.lv\/lt\/wp-json\/wp\/v2\/product\/18250\/revisions"}],"predecessor-version":[{"id":18252,"href":"https:\/\/medapp.lv\/lt\/wp-json\/wp\/v2\/product\/18250\/revisions\/18252"}],"wp:featuredmedia":[{"embeddable":true,"href":"https:\/\/medapp.lv\/lt\/wp-json\/wp\/v2\/media\/18251"}],"wp:attachment":[{"href":"https:\/\/medapp.lv\/lt\/wp-json\/wp\/v2\/media?parent=18250"}],"wp:term":[{"taxonomy":"product_brand","embeddable":true,"href":"https:\/\/medapp.lv\/lt\/wp-json\/wp\/v2\/product_brand?post=18250"},{"taxonomy":"product_cat","embeddable":true,"href":"https:\/\/medapp.lv\/lt\/wp-json\/wp\/v2\/product_cat?post=18250"},{"taxonomy":"product_tag","embeddable":true,"href":"https:\/\/medapp.lv\/lt\/wp-json\/wp\/v2\/product_tag?post=18250"}],"curies":[{"name":"wp","href":"https:\/\/api.w.org\/{rel}","templated":true}]}}