{"id":18861,"date":"2024-03-11T13:04:00","date_gmt":"2024-03-11T11:04:00","guid":{"rendered":"https:\/\/mareksj17.sg-host.com\/?post_type=product&#038;p=18861"},"modified":"2025-07-17T10:04:40","modified_gmt":"2025-07-17T08:04:40","slug":"krusu-jostas-fiksacijas-sistema","status":"publish","type":"product","link":"https:\/\/medapp.lv\/lt\/produktas\/krusu-jostas-fiksacijas-sistema\/","title":{"rendered":"Kr\u016btin\u0117s-juosmens fiksavimo sistema"},"content":{"rendered":"<p>KM sistema turi patikim\u0105 klinikin\u0119 patirt\u012f, Pranc\u016bzijoje ir tarptautiniu mastu platinama daugiau nei 10 met\u0173. Kartu su CTJ kr\u016btin\u0117s l\u0105stos var\u017etais KM sistema leid\u017eia sukurti ilgas konstrukcijas, pritaikytas skolioz\u0117s korekcijai.<\/p>","protected":false},"excerpt":{"rendered":"<p>KM sistema turi patikim\u0105 klinikin\u0119 patirt\u012f, Pranc\u016bzijoje ir tarptautiniu mastu platinama daugiau nei 10 met\u0173. Kartu su CTJ kr\u016btin\u0117s l\u0105stos var\u017etais KM sistema leid\u017eia sukurti ilgas konstrukcijas, pritaikytas skolioz\u0117s korekcijai.<\/p>","protected":false},"featured_media":18864,"comment_status":"open","ping_status":"closed","template":"","meta":[],"product_brand":[],"product_cat":[203,108,125],"product_tag":[],"class_list":{"0":"post-18861","1":"product","2":"type-product","3":"status-publish","4":"has-post-thumbnail","6":"product_cat-titana-skruves-un-piederumi","7":"product_cat-produkti-profesionaliem","8":"product_cat-implanti","10":"first","11":"instock","12":"taxable","13":"shipping-taxable","14":"product-type-simple"},"_links":{"self":[{"href":"https:\/\/medapp.lv\/lt\/wp-json\/wp\/v2\/product\/18861","targetHints":{"allow":["GET"]}}],"collection":[{"href":"https:\/\/medapp.lv\/lt\/wp-json\/wp\/v2\/product"}],"about":[{"href":"https:\/\/medapp.lv\/lt\/wp-json\/wp\/v2\/types\/product"}],"replies":[{"embeddable":true,"href":"https:\/\/medapp.lv\/lt\/wp-json\/wp\/v2\/comments?post=18861"}],"version-history":[{"count":1,"href":"https:\/\/medapp.lv\/lt\/wp-json\/wp\/v2\/product\/18861\/revisions"}],"predecessor-version":[{"id":18865,"href":"https:\/\/medapp.lv\/lt\/wp-json\/wp\/v2\/product\/18861\/revisions\/18865"}],"wp:featuredmedia":[{"embeddable":true,"href":"https:\/\/medapp.lv\/lt\/wp-json\/wp\/v2\/media\/18864"}],"wp:attachment":[{"href":"https:\/\/medapp.lv\/lt\/wp-json\/wp\/v2\/media?parent=18861"}],"wp:term":[{"taxonomy":"product_brand","embeddable":true,"href":"https:\/\/medapp.lv\/lt\/wp-json\/wp\/v2\/product_brand?post=18861"},{"taxonomy":"product_cat","embeddable":true,"href":"https:\/\/medapp.lv\/lt\/wp-json\/wp\/v2\/product_cat?post=18861"},{"taxonomy":"product_tag","embeddable":true,"href":"https:\/\/medapp.lv\/lt\/wp-json\/wp\/v2\/product_tag?post=18861"}],"curies":[{"name":"wp","href":"https:\/\/api.w.org\/{rel}","templated":true}]}}