{"id":18866,"date":"2024-03-11T13:07:47","date_gmt":"2024-03-11T11:07:47","guid":{"rendered":"https:\/\/mareksj17.sg-host.com\/?post_type=product&#038;p=18866"},"modified":"2025-07-17T10:04:40","modified_gmt":"2025-07-17T08:04:40","slug":"plaksnes-visai-vai-dalejai-korpektomijai","status":"publish","type":"product","link":"https:\/\/medapp.lv\/lt\/produktas\/plaksnes-visai-vai-dalejai-korpektomijai\/","title":{"rendered":"Plok\u0161tel\u0117s visai arba dalinei korpektomijai"},"content":{"rendered":"<p>Tarpslankstelini\u0173 plok\u0161teli\u0173 fiksavimo sistema pilnai arba dalinei korpektomijai.<\/p>\n<p>Skirtingi plok\u0161tel\u0117s dyd\u017eiai leid\u017eia fiksuoti vien\u0105 ar daugiau tarpslankstelini\u0173 tarp\u0173.<\/p>\n<p>ARTHEMIS plok\u0161tel\u0117s puikiai prisitvirtina prie stuburo. Galimi du plok\u0161\u010di\u0173 dizainai. Platesnis - stuburo plok\u0161tel\u0117ms, ma\u017eesnis - kr\u016btin\u0117s plok\u0161tel\u0117ms.<\/p>","protected":false},"excerpt":{"rendered":"<p>Tarpslankstelini\u0173 plok\u0161teli\u0173 fiksavimo sistema pilnai arba dalinei korpektomijai.<\/p>\n<p>Skirtingi plok\u0161tel\u0117s dyd\u017eiai leid\u017eia fiksuoti vien\u0105 ar daugiau tarpslankstelini\u0173 tarp\u0173.<\/p>\n<p>ARTHEMIS plok\u0161tel\u0117s puikiai prisitvirtina prie stuburo. Galimi du plok\u0161\u010di\u0173 dizainai. Platesnis - stuburo plok\u0161tel\u0117ms, ma\u017eesnis - kr\u016btin\u0117s plok\u0161tel\u0117ms.<\/p>","protected":false},"featured_media":18869,"comment_status":"open","ping_status":"closed","template":"","meta":[],"product_brand":[],"product_cat":[125,108,204],"product_tag":[],"class_list":{"0":"post-18866","1":"product","2":"type-product","3":"status-publish","4":"has-post-thumbnail","6":"product_cat-implanti","7":"product_cat-produkti-profesionaliem","8":"product_cat-mugurkaula-plaksnes","10":"first","11":"instock","12":"taxable","13":"shipping-taxable","14":"product-type-simple"},"_links":{"self":[{"href":"https:\/\/medapp.lv\/lt\/wp-json\/wp\/v2\/product\/18866","targetHints":{"allow":["GET"]}}],"collection":[{"href":"https:\/\/medapp.lv\/lt\/wp-json\/wp\/v2\/product"}],"about":[{"href":"https:\/\/medapp.lv\/lt\/wp-json\/wp\/v2\/types\/product"}],"replies":[{"embeddable":true,"href":"https:\/\/medapp.lv\/lt\/wp-json\/wp\/v2\/comments?post=18866"}],"version-history":[{"count":1,"href":"https:\/\/medapp.lv\/lt\/wp-json\/wp\/v2\/product\/18866\/revisions"}],"predecessor-version":[{"id":18870,"href":"https:\/\/medapp.lv\/lt\/wp-json\/wp\/v2\/product\/18866\/revisions\/18870"}],"wp:featuredmedia":[{"embeddable":true,"href":"https:\/\/medapp.lv\/lt\/wp-json\/wp\/v2\/media\/18869"}],"wp:attachment":[{"href":"https:\/\/medapp.lv\/lt\/wp-json\/wp\/v2\/media?parent=18866"}],"wp:term":[{"taxonomy":"product_brand","embeddable":true,"href":"https:\/\/medapp.lv\/lt\/wp-json\/wp\/v2\/product_brand?post=18866"},{"taxonomy":"product_cat","embeddable":true,"href":"https:\/\/medapp.lv\/lt\/wp-json\/wp\/v2\/product_cat?post=18866"},{"taxonomy":"product_tag","embeddable":true,"href":"https:\/\/medapp.lv\/lt\/wp-json\/wp\/v2\/product_tag?post=18866"}],"curies":[{"name":"wp","href":"https:\/\/api.w.org\/{rel}","templated":true}]}}