{"id":18871,"date":"2024-03-11T13:13:04","date_gmt":"2024-03-11T11:13:04","guid":{"rendered":"https:\/\/mareksj17.sg-host.com\/?post_type=product&#038;p=18871"},"modified":"2025-07-17T10:04:39","modified_gmt":"2025-07-17T08:04:39","slug":"athlet","status":"publish","type":"product","link":"https:\/\/medapp.lv\/lt\/produktas\/athlet\/","title":{"rendered":"Sportininkas"},"content":{"rendered":"<p>ATHLET\u00ae yra stuburo k\u016bno pakeitimo implantas, naudojamas kaklo stuburo (C3 \u2013 C7) stabilizavimui ir rekonstrukcijai. Jis naudojamas po gimdos kaklelio korpektomijos su priekine prieiga, esant nestabilumui ir susiaur\u0117jimui d\u0117l \u012fvairi\u0173 pagrindini\u0173 prie\u017eas\u010di\u0173.<\/p>\n<p>ATHLET\u00ae (i\u0161 graik\u0173 kalbos \u2013 \u201ekonkurentas\u201c) gali i\u0161spr\u0119sti \u0161\u012f i\u0161\u0161\u016bk\u012f! Jo unikalus dizainas sujungia visas b\u016btinas savybes viename gaminyje, tod\u0117l jis yra savo srities nugal\u0117tojas.<\/p>","protected":false},"excerpt":{"rendered":"<p>ATHLET\u00ae yra stuburo k\u016bno pakeitimo implantas, naudojamas kaklo stuburo (C3 \u2013 C7) stabilizavimui ir rekonstrukcijai. Jis naudojamas po gimdos kaklelio korpektomijos su priekine prieiga, esant nestabilumui ir susiaur\u0117jimui d\u0117l \u012fvairi\u0173 pagrindini\u0173 prie\u017eas\u010di\u0173.<\/p>\n<p>ATHLET\u00ae (i\u0161 graik\u0173 kalbos \u2013 \u201ekonkurentas\u201c) gali i\u0161spr\u0119sti \u0161\u012f i\u0161\u0161\u016bk\u012f! Jo unikalus dizainas sujungia visas b\u016btinas savybes viename gaminyje, tod\u0117l jis yra savo srities nugal\u0117tojas.<\/p>","protected":false},"featured_media":18872,"comment_status":"open","ping_status":"closed","template":"","meta":[],"product_brand":[],"product_cat":[125,108,206],"product_tag":[],"class_list":{"0":"post-18871","1":"product","2":"type-product","3":"status-publish","4":"has-post-thumbnail","6":"product_cat-implanti","7":"product_cat-produkti-profesionaliem","8":"product_cat-korpektomijas-skriemelu-protezes","10":"first","11":"instock","12":"taxable","13":"shipping-taxable","14":"product-type-simple"},"_links":{"self":[{"href":"https:\/\/medapp.lv\/lt\/wp-json\/wp\/v2\/product\/18871","targetHints":{"allow":["GET"]}}],"collection":[{"href":"https:\/\/medapp.lv\/lt\/wp-json\/wp\/v2\/product"}],"about":[{"href":"https:\/\/medapp.lv\/lt\/wp-json\/wp\/v2\/types\/product"}],"replies":[{"embeddable":true,"href":"https:\/\/medapp.lv\/lt\/wp-json\/wp\/v2\/comments?post=18871"}],"version-history":[{"count":1,"href":"https:\/\/medapp.lv\/lt\/wp-json\/wp\/v2\/product\/18871\/revisions"}],"predecessor-version":[{"id":18873,"href":"https:\/\/medapp.lv\/lt\/wp-json\/wp\/v2\/product\/18871\/revisions\/18873"}],"wp:featuredmedia":[{"embeddable":true,"href":"https:\/\/medapp.lv\/lt\/wp-json\/wp\/v2\/media\/18872"}],"wp:attachment":[{"href":"https:\/\/medapp.lv\/lt\/wp-json\/wp\/v2\/media?parent=18871"}],"wp:term":[{"taxonomy":"product_brand","embeddable":true,"href":"https:\/\/medapp.lv\/lt\/wp-json\/wp\/v2\/product_brand?post=18871"},{"taxonomy":"product_cat","embeddable":true,"href":"https:\/\/medapp.lv\/lt\/wp-json\/wp\/v2\/product_cat?post=18871"},{"taxonomy":"product_tag","embeddable":true,"href":"https:\/\/medapp.lv\/lt\/wp-json\/wp\/v2\/product_tag?post=18871"}],"curies":[{"name":"wp","href":"https:\/\/api.w.org\/{rel}","templated":true}]}}