{"id":18876,"date":"2024-03-11T13:22:39","date_gmt":"2024-03-11T11:22:39","guid":{"rendered":"https:\/\/mareksj17.sg-host.com\/?post_type=product&#038;p=18876"},"modified":"2025-07-17T10:04:39","modified_gmt":"2025-07-17T08:04:39","slug":"ascot","status":"publish","type":"product","link":"https:\/\/medapp.lv\/lt\/produktas\/ascot\/","title":{"rendered":"Askotas"},"content":{"rendered":"<p>Gimdos kaklelio plok\u0161teli\u0173 sistema turi u\u017etikrinti reikiam\u0105 C2-C7 kaklo stuburo stabilum\u0105, kol susidaro kaul\u0173 jungtys. Tuo pa\u010diu metu sistema turi b\u016bti nepastebimai integruota \u012f kaklo stuburo biomechanin\u0119 sistem\u0105. ASCOT pasiekia pusiausvyr\u0105 tarp maksimalaus stabilumo ir minimalaus standumo, tod\u0117l apkrova pasiskirsto su kaulu ir skatina segment\u0173 susijungim\u0105 (Vilko d\u0117snis).<\/p>\n<p>D\u0117l savo pusiau standaus sraigto \/ plok\u0161tel\u0117s jungties kampinis kintamumas ASCOT gali prisitaikyti prie besikei\u010dian\u010dios anatomin\u0117s situacijos gijimo proceso metu. Integruotas fiksavimo mechanizmas ir savaime i\u0161sigr\u0119\u017eiantys var\u017etai leid\u017eia vienu \u017eingsniu u\u017ed\u0117ti ir u\u017efiksuoti var\u017etus, tod\u0117l sistema yra efektyvi apdorojant ir saugi pacientui.<\/p>","protected":false},"excerpt":{"rendered":"<p>Gimdos kaklelio plok\u0161teli\u0173 sistema turi u\u017etikrinti reikiam\u0105 C2-C7 kaklo stuburo stabilum\u0105, kol susidaro kaul\u0173 jungtys. Tuo pa\u010diu metu sistema turi b\u016bti nepastebimai integruota \u012f kaklo stuburo biomechanin\u0119 sistem\u0105. ASCOT pasiekia pusiausvyr\u0105 tarp maksimalaus stabilumo ir minimalaus standumo, tod\u0117l apkrova pasiskirsto su kaulu ir skatina segment\u0173 susijungim\u0105 (Vilko d\u0117snis).<\/p>\n<p>D\u0117l savo pusiau standaus sraigto \/ plok\u0161tel\u0117s jungties kampinis kintamumas ASCOT gali prisitaikyti prie besikei\u010dian\u010dios anatomin\u0117s situacijos gijimo proceso metu. Integruotas fiksavimo mechanizmas ir savaime i\u0161sigr\u0119\u017eiantys var\u017etai leid\u017eia vienu \u017eingsniu u\u017ed\u0117ti ir u\u017efiksuoti var\u017etus, tod\u0117l sistema yra efektyvi apdorojant ir saugi pacientui.<\/p>","protected":false},"featured_media":18881,"comment_status":"open","ping_status":"closed","template":"","meta":[],"product_brand":[],"product_cat":[125,108,204],"product_tag":[],"class_list":{"0":"post-18876","1":"product","2":"type-product","3":"status-publish","4":"has-post-thumbnail","6":"product_cat-implanti","7":"product_cat-produkti-profesionaliem","8":"product_cat-mugurkaula-plaksnes","10":"first","11":"instock","12":"taxable","13":"shipping-taxable","14":"product-type-simple"},"_links":{"self":[{"href":"https:\/\/medapp.lv\/lt\/wp-json\/wp\/v2\/product\/18876","targetHints":{"allow":["GET"]}}],"collection":[{"href":"https:\/\/medapp.lv\/lt\/wp-json\/wp\/v2\/product"}],"about":[{"href":"https:\/\/medapp.lv\/lt\/wp-json\/wp\/v2\/types\/product"}],"replies":[{"embeddable":true,"href":"https:\/\/medapp.lv\/lt\/wp-json\/wp\/v2\/comments?post=18876"}],"version-history":[{"count":1,"href":"https:\/\/medapp.lv\/lt\/wp-json\/wp\/v2\/product\/18876\/revisions"}],"predecessor-version":[{"id":18887,"href":"https:\/\/medapp.lv\/lt\/wp-json\/wp\/v2\/product\/18876\/revisions\/18887"}],"wp:featuredmedia":[{"embeddable":true,"href":"https:\/\/medapp.lv\/lt\/wp-json\/wp\/v2\/media\/18881"}],"wp:attachment":[{"href":"https:\/\/medapp.lv\/lt\/wp-json\/wp\/v2\/media?parent=18876"}],"wp:term":[{"taxonomy":"product_brand","embeddable":true,"href":"https:\/\/medapp.lv\/lt\/wp-json\/wp\/v2\/product_brand?post=18876"},{"taxonomy":"product_cat","embeddable":true,"href":"https:\/\/medapp.lv\/lt\/wp-json\/wp\/v2\/product_cat?post=18876"},{"taxonomy":"product_tag","embeddable":true,"href":"https:\/\/medapp.lv\/lt\/wp-json\/wp\/v2\/product_tag?post=18876"}],"curies":[{"name":"wp","href":"https:\/\/api.w.org\/{rel}","templated":true}]}}