{"id":18890,"date":"2024-03-11T13:25:31","date_gmt":"2024-03-11T11:25:31","guid":{"rendered":"https:\/\/mareksj17.sg-host.com\/?post_type=product&#038;p=18890"},"modified":"2025-07-17T10:04:38","modified_gmt":"2025-07-17T08:04:38","slug":"poseidos-st","status":"publish","type":"product","link":"https:\/\/medapp.lv\/lt\/produktas\/poseidos-st\/","title":{"rendered":"Poseidos ST"},"content":{"rendered":"<p>Med\u017eiaginiai defektai \u2013 atsirad\u0119 d\u0117l navik\u0173, l\u016b\u017ei\u0173 ar infekcij\u0173 \u2013 labai apkrauna rekonstrukcijai \u012fsmeigtus implantus, nes reikia i\u0161pjauti laikan\u010di\u0105sias konstrukcijas. Strukt\u016bri\u0161kai stabil\u016bs slanksteli\u0173 k\u016bno pakeitimo implant\u0173 reikalavimai apima tinkam\u0105 \u017eiev\u0117s kaulo atram\u0105 ir patikim\u0105 paties stuburo k\u016bno pakeitimo implanto mechanik\u0105. Naudojant POSEIDON\u00ae ST, nus\u0117dimo rizik\u0105 suma\u017eina apatin\u0117 ir vir\u0161utin\u0117 plok\u0161tel\u0117s, kurios yra kuo didesn\u0117s, kad b\u016bt\u0173 u\u017etikrintas implanto sukimosi stabilumas. Patikima mechanika neleid\u017eia implantui pasislinkti d\u0117l \u012ftempi\u0173 ma\u017einimo plok\u0161teli\u0173 galuose.<\/p>","protected":false},"excerpt":{"rendered":"<p>Med\u017eiaginiai defektai \u2013 atsirad\u0119 d\u0117l navik\u0173, l\u016b\u017ei\u0173 ar infekcij\u0173 \u2013 labai apkrauna rekonstrukcijai \u012fsmeigtus implantus, nes reikia i\u0161pjauti laikan\u010di\u0105sias konstrukcijas. Strukt\u016bri\u0161kai stabil\u016bs slanksteli\u0173 k\u016bno pakeitimo implant\u0173 reikalavimai apima tinkam\u0105 \u017eiev\u0117s kaulo atram\u0105 ir patikim\u0105 paties stuburo k\u016bno pakeitimo implanto mechanik\u0105. Naudojant POSEIDON\u00ae ST, nus\u0117dimo rizik\u0105 suma\u017eina apatin\u0117 ir vir\u0161utin\u0117 plok\u0161tel\u0117s, kurios yra kuo didesn\u0117s, kad b\u016bt\u0173 u\u017etikrintas implanto sukimosi stabilumas. Patikima mechanika neleid\u017eia implantui pasislinkti d\u0117l \u012ftempi\u0173 ma\u017einimo plok\u0161teli\u0173 galuose.<\/p>","protected":false},"featured_media":18885,"comment_status":"open","ping_status":"closed","template":"","meta":[],"product_brand":[],"product_cat":[125,108,206],"product_tag":[],"class_list":{"0":"post-18890","1":"product","2":"type-product","3":"status-publish","4":"has-post-thumbnail","6":"product_cat-implanti","7":"product_cat-produkti-profesionaliem","8":"product_cat-korpektomijas-skriemelu-protezes","10":"first","11":"instock","12":"taxable","13":"shipping-taxable","14":"product-type-simple"},"_links":{"self":[{"href":"https:\/\/medapp.lv\/lt\/wp-json\/wp\/v2\/product\/18890","targetHints":{"allow":["GET"]}}],"collection":[{"href":"https:\/\/medapp.lv\/lt\/wp-json\/wp\/v2\/product"}],"about":[{"href":"https:\/\/medapp.lv\/lt\/wp-json\/wp\/v2\/types\/product"}],"replies":[{"embeddable":true,"href":"https:\/\/medapp.lv\/lt\/wp-json\/wp\/v2\/comments?post=18890"}],"version-history":[{"count":1,"href":"https:\/\/medapp.lv\/lt\/wp-json\/wp\/v2\/product\/18890\/revisions"}],"predecessor-version":[{"id":18891,"href":"https:\/\/medapp.lv\/lt\/wp-json\/wp\/v2\/product\/18890\/revisions\/18891"}],"wp:featuredmedia":[{"embeddable":true,"href":"https:\/\/medapp.lv\/lt\/wp-json\/wp\/v2\/media\/18885"}],"wp:attachment":[{"href":"https:\/\/medapp.lv\/lt\/wp-json\/wp\/v2\/media?parent=18890"}],"wp:term":[{"taxonomy":"product_brand","embeddable":true,"href":"https:\/\/medapp.lv\/lt\/wp-json\/wp\/v2\/product_brand?post=18890"},{"taxonomy":"product_cat","embeddable":true,"href":"https:\/\/medapp.lv\/lt\/wp-json\/wp\/v2\/product_cat?post=18890"},{"taxonomy":"product_tag","embeddable":true,"href":"https:\/\/medapp.lv\/lt\/wp-json\/wp\/v2\/product_tag?post=18890"}],"curies":[{"name":"wp","href":"https:\/\/api.w.org\/{rel}","templated":true}]}}