{"id":18905,"date":"2024-03-11T14:23:47","date_gmt":"2024-03-11T12:23:47","guid":{"rendered":"https:\/\/mareksj17.sg-host.com\/?post_type=product&#038;p=18905"},"modified":"2025-07-17T10:04:37","modified_gmt":"2025-07-17T08:04:37","slug":"elektro-koagulacijas-ierices","status":"publish","type":"product","link":"https:\/\/medapp.lv\/lt\/produktas\/elektro-koagulacijas-ierices\/","title":{"rendered":"Reger Medical \u2013 Elektrokoaguliacijos aparatai"},"content":{"rendered":"<p><strong>Si\u016blome vokie\u010di\u0173 gamintojo \u201eReger Medical\u201c elektrokoaguliacijos aparatus.<\/strong><\/p>\n<p><strong>Reger Medicina<\/strong> yra \u017einoma d\u0117l savo didelio tikslumo ir patikim\u0173 chirurgini\u0173 technologij\u0173. I\u0161 plataus asortimento si\u016blome elektrokoaguliacijos prietaisus, skirtus audini\u0173 pjovimui, kre\u0161\u0117jimui ir kraujavimo kontrolei \u012fvairiose chirurgijos specialyb\u0117se.<\/p>\n<p>\u26a1 Prietaisai tinka tiek bendrajai, tiek laparoskopinei, tiek specializuotai chirurgijai<br \/>\n\ud83d\udd0c \u012evair\u016bs paj\u0117gumai, priedai ir elektrodai, atitinkantys j\u016bs\u0173 poreikius<br \/>\n\ud83c\udde9\ud83c\uddea Pagaminta Vokietijoje \u2013 auk\u0161\u010diausia kokyb\u0117, saugumas ir sertifikavimas<\/p>\n<p>\ud83c\udf10 Daugiau informacijos apie \u201eReger Medical\u201c produktus:<br \/>\n\ud83d\udc49 <a href=\"http:\/\/www.reger-medical.de\" rel=\"nofollow noopener\" target=\"_blank\">www.reger-medical.de<\/a><\/p>\n<p>\ud83d\udcac Susisiekite su mumis, kad gautum\u0117te tinkamo elektrokoaguliacijos \u012frenginio kainos pasi\u016blym\u0105 arba technines specifikacijas!<\/p>","protected":false},"excerpt":{"rendered":"<p>Pied\u0101v\u0101jam elektrokoagul\u0101cijas ier\u012bces no V\u0101cijas ra\u017eot\u0101ja Reger Medical. Reger Medical ir paz\u012bstams ar augstas precizit\u0101tes un uzticam\u012bbas \u0137irur\u0123iskaj\u0101m tehnolo\u0123ij\u0101m. No<\/p>","protected":false},"featured_media":18908,"comment_status":"open","ping_status":"closed","template":"","meta":[],"product_brand":[],"product_cat":[172],"product_tag":[],"class_list":{"0":"post-18905","1":"product","2":"type-product","3":"status-publish","4":"has-post-thumbnail","6":"product_cat-instrumenti","8":"first","9":"instock","10":"taxable","11":"shipping-taxable","12":"product-type-simple"},"_links":{"self":[{"href":"https:\/\/medapp.lv\/lt\/wp-json\/wp\/v2\/product\/18905","targetHints":{"allow":["GET"]}}],"collection":[{"href":"https:\/\/medapp.lv\/lt\/wp-json\/wp\/v2\/product"}],"about":[{"href":"https:\/\/medapp.lv\/lt\/wp-json\/wp\/v2\/types\/product"}],"replies":[{"embeddable":true,"href":"https:\/\/medapp.lv\/lt\/wp-json\/wp\/v2\/comments?post=18905"}],"version-history":[{"count":2,"href":"https:\/\/medapp.lv\/lt\/wp-json\/wp\/v2\/product\/18905\/revisions"}],"predecessor-version":[{"id":21484,"href":"https:\/\/medapp.lv\/lt\/wp-json\/wp\/v2\/product\/18905\/revisions\/21484"}],"wp:featuredmedia":[{"embeddable":true,"href":"https:\/\/medapp.lv\/lt\/wp-json\/wp\/v2\/media\/18908"}],"wp:attachment":[{"href":"https:\/\/medapp.lv\/lt\/wp-json\/wp\/v2\/media?parent=18905"}],"wp:term":[{"taxonomy":"product_brand","embeddable":true,"href":"https:\/\/medapp.lv\/lt\/wp-json\/wp\/v2\/product_brand?post=18905"},{"taxonomy":"product_cat","embeddable":true,"href":"https:\/\/medapp.lv\/lt\/wp-json\/wp\/v2\/product_cat?post=18905"},{"taxonomy":"product_tag","embeddable":true,"href":"https:\/\/medapp.lv\/lt\/wp-json\/wp\/v2\/product_tag?post=18905"}],"curies":[{"name":"wp","href":"https:\/\/api.w.org\/{rel}","templated":true}]}}