{"id":18966,"date":"2024-03-12T13:26:52","date_gmt":"2024-03-12T11:26:52","guid":{"rendered":"https:\/\/mareksj17.sg-host.com\/?post_type=product&#038;p=18966"},"modified":"2025-07-17T10:04:36","modified_gmt":"2025-07-17T08:04:36","slug":"koagulacijas-iekartas-gima","status":"publish","type":"product","link":"https:\/\/medapp.lv\/lt\/produktas\/koagulacijas-iekartas-gima\/","title":{"rendered":"Kre\u0161\u0117jimo \u012franga - Gima"},"content":{"rendered":"<p>DIATERMO 80 \u2013 vienpolis<\/p>\n<p>Radijo da\u017enio elektrochirurgijos \u012franga, tinkama nedidel\u0117ms monopolin\u0117ms operacijoms.<\/p>\n<p>Diatermo 80 yra daugiafunkcis pasirinkimo jungiklis, leid\u017eiantis pjauti (CUT), supjaustyti koaguliacij\u0105 (BLEND), koaguliacij\u0105 (COAG) ir mikrokoaguliacij\u0105 (MICRO).<\/p>\n<p>Vienos kortel\u0117s mikrovaldiklis ir skaitmeninis ekranas garantuoja auk\u0161t\u0105 saugum\u0105 ir patikimum\u0105 bet kokiomis s\u0105lygomis.<\/p>\n<p>D\u0117l ergonomikos ir auk\u0161t\u0173 saugos savybi\u0173 jie si\u016blo puikius profesionalius chirurginius rezultatus.<\/p>\n<p>Pagaminta Italijoje.<\/p>","protected":false},"excerpt":{"rendered":"<p>DIATERMO 80 \u2013 vienpolis Radijo da\u017enio elektrochirurgijos aparatas, tinkamas smulkiai monopoliarinei chirurgijai. Diatermo 80 yra daugiafunkcis selektori\u0173 jungiklis, leid\u017eiantis<\/p>","protected":false},"featured_media":18967,"comment_status":"open","ping_status":"closed","template":"","meta":[],"product_brand":[],"product_cat":[131,108],"product_tag":[],"class_list":{"0":"post-18966","1":"product","2":"type-product","3":"status-publish","4":"has-post-thumbnail","6":"product_cat-med-iekartas","7":"product_cat-produkti-profesionaliem","9":"first","10":"instock","11":"taxable","12":"shipping-taxable","13":"product-type-simple"},"_links":{"self":[{"href":"https:\/\/medapp.lv\/lt\/wp-json\/wp\/v2\/product\/18966","targetHints":{"allow":["GET"]}}],"collection":[{"href":"https:\/\/medapp.lv\/lt\/wp-json\/wp\/v2\/product"}],"about":[{"href":"https:\/\/medapp.lv\/lt\/wp-json\/wp\/v2\/types\/product"}],"replies":[{"embeddable":true,"href":"https:\/\/medapp.lv\/lt\/wp-json\/wp\/v2\/comments?post=18966"}],"version-history":[{"count":2,"href":"https:\/\/medapp.lv\/lt\/wp-json\/wp\/v2\/product\/18966\/revisions"}],"predecessor-version":[{"id":18969,"href":"https:\/\/medapp.lv\/lt\/wp-json\/wp\/v2\/product\/18966\/revisions\/18969"}],"wp:featuredmedia":[{"embeddable":true,"href":"https:\/\/medapp.lv\/lt\/wp-json\/wp\/v2\/media\/18967"}],"wp:attachment":[{"href":"https:\/\/medapp.lv\/lt\/wp-json\/wp\/v2\/media?parent=18966"}],"wp:term":[{"taxonomy":"product_brand","embeddable":true,"href":"https:\/\/medapp.lv\/lt\/wp-json\/wp\/v2\/product_brand?post=18966"},{"taxonomy":"product_cat","embeddable":true,"href":"https:\/\/medapp.lv\/lt\/wp-json\/wp\/v2\/product_cat?post=18966"},{"taxonomy":"product_tag","embeddable":true,"href":"https:\/\/medapp.lv\/lt\/wp-json\/wp\/v2\/product_tag?post=18966"}],"curies":[{"name":"wp","href":"https:\/\/api.w.org\/{rel}","templated":true}]}}