{"id":18970,"date":"2024-03-12T13:34:53","date_gmt":"2024-03-12T11:34:53","guid":{"rendered":"https:\/\/mareksj17.sg-host.com\/?post_type=product&#038;p=18970"},"modified":"2025-07-17T10:04:36","modified_gmt":"2025-07-17T08:04:36","slug":"atrgaitas-urbis-no-emd-galvai-un-neirogirurgijai","status":"publish","type":"product","link":"https:\/\/medapp.lv\/lt\/produktas\/atrgaitas-urbis-no-emd-galvai-un-neirogirurgijai\/","title":{"rendered":"Didelio grei\u010dio gr\u0119\u017etuvas i\u0161 EMD (galvos ir neurochirurgijos)"},"content":{"rendered":"<p>Kiekviena EMD Handware Collection dalis yra pagaminta i\u0161 ner\u016bdijan\u010dio plieno, tod\u0117l gaminys tarnaus ilg\u0105 laik\u0105. S\u0105\u017einingai aptakus dizainas, \u0161vari forma ir pavir\u0161ius leid\u017eia ypa\u010d lengvai nuvalyti m\u016bs\u0173 kraniotomijos rankin\u012f \u012frank\u012f. Ergonomi\u0161kas ra\u0161iklio laikymo sprendimas leid\u017eia lengvai j\u012f naudoti ir tvirtai laikyti operacijos metu.<\/p>","protected":false},"excerpt":{"rendered":"<p>Kiekviena EMD Handware Collection dalis yra pagaminta i\u0161 ner\u016bdijan\u010dio plieno, tod\u0117l gaminys tarnaus ilg\u0105 laik\u0105. Su s\u0105\u017einingai eleganti\u0161ku dizainu,<\/p>","protected":false},"featured_media":18972,"comment_status":"open","ping_status":"closed","template":"","meta":[],"product_brand":[],"product_cat":[131,108],"product_tag":[],"class_list":{"0":"post-18970","1":"product","2":"type-product","3":"status-publish","4":"has-post-thumbnail","6":"product_cat-med-iekartas","7":"product_cat-produkti-profesionaliem","9":"first","10":"instock","11":"taxable","12":"shipping-taxable","13":"product-type-simple"},"_links":{"self":[{"href":"https:\/\/medapp.lv\/lt\/wp-json\/wp\/v2\/product\/18970","targetHints":{"allow":["GET"]}}],"collection":[{"href":"https:\/\/medapp.lv\/lt\/wp-json\/wp\/v2\/product"}],"about":[{"href":"https:\/\/medapp.lv\/lt\/wp-json\/wp\/v2\/types\/product"}],"replies":[{"embeddable":true,"href":"https:\/\/medapp.lv\/lt\/wp-json\/wp\/v2\/comments?post=18970"}],"version-history":[{"count":1,"href":"https:\/\/medapp.lv\/lt\/wp-json\/wp\/v2\/product\/18970\/revisions"}],"predecessor-version":[{"id":18973,"href":"https:\/\/medapp.lv\/lt\/wp-json\/wp\/v2\/product\/18970\/revisions\/18973"}],"wp:featuredmedia":[{"embeddable":true,"href":"https:\/\/medapp.lv\/lt\/wp-json\/wp\/v2\/media\/18972"}],"wp:attachment":[{"href":"https:\/\/medapp.lv\/lt\/wp-json\/wp\/v2\/media?parent=18970"}],"wp:term":[{"taxonomy":"product_brand","embeddable":true,"href":"https:\/\/medapp.lv\/lt\/wp-json\/wp\/v2\/product_brand?post=18970"},{"taxonomy":"product_cat","embeddable":true,"href":"https:\/\/medapp.lv\/lt\/wp-json\/wp\/v2\/product_cat?post=18970"},{"taxonomy":"product_tag","embeddable":true,"href":"https:\/\/medapp.lv\/lt\/wp-json\/wp\/v2\/product_tag?post=18970"}],"curies":[{"name":"wp","href":"https:\/\/api.w.org\/{rel}","templated":true}]}}