{"id":18978,"date":"2024-03-12T13:43:50","date_gmt":"2024-03-12T11:43:50","guid":{"rendered":"https:\/\/mareksj17.sg-host.com\/?post_type=product&#038;p=18978"},"modified":"2025-07-17T10:04:35","modified_gmt":"2025-07-17T08:04:35","slug":"elektroniskais-pneimatiskais-znaugs","status":"publish","type":"product","link":"https:\/\/medapp.lv\/lt\/produktas\/elektroniskais-pneimatiskais-znaugs\/","title":{"rendered":"Elektroninis\/pneumatinis droselis"},"content":{"rendered":"<p>EASY PUMP DUAL\u00ae NG \u017enypl\u0117 yra DDM naujos kartos elektroninis pneumatinis turniketas, u\u017etikrinantis saugi\u0105, nekraujo netekimo darbo srit\u012f atliekant apatini\u0173 gal\u016bni\u0173 operacijas. Jis buvo sukurtas su reik\u0161mingais technologiniais s\u0105sajos patobulinimais, palyginti su ankstesne karta, tod\u0117l vartotojams pager\u0117jo naudojimo patogumas ir pacient\u0173 sauga. \u2022 modelis su 2 nepriklausomomis pneumatin\u0117mis grandin\u0117mis:<br \/>\nEasy Pump Dual\u00ae G10904 skirtas naudoti su viengubais arba dvigubais dir\u017eais arba 2 pavieniais dir\u017eais.<br \/>\nTai leid\u017eia u\u017erakinti 2 skirtingo sl\u0117gio dir\u017eus dvi\u0161al\u0117ms operacijoms arba intraveninei regioninei anestezijai: ALRIV arba IVRA.<\/p>","protected":false},"excerpt":{"rendered":"<p>EASY PUMP DUAL\u00ae NG \u017enypl\u0117 yra DDM naujos kartos elektroninis pneumatinis turniketas, u\u017etikrinantis saug\u0173, be kraujo netekimo darbo lauk\u0105.<\/p>","protected":false},"featured_media":18979,"comment_status":"open","ping_status":"closed","template":"","meta":[],"product_brand":[],"product_cat":[131,108],"product_tag":[],"class_list":{"0":"post-18978","1":"product","2":"type-product","3":"status-publish","4":"has-post-thumbnail","6":"product_cat-med-iekartas","7":"product_cat-produkti-profesionaliem","9":"first","10":"instock","11":"taxable","12":"shipping-taxable","13":"product-type-simple"},"_links":{"self":[{"href":"https:\/\/medapp.lv\/lt\/wp-json\/wp\/v2\/product\/18978","targetHints":{"allow":["GET"]}}],"collection":[{"href":"https:\/\/medapp.lv\/lt\/wp-json\/wp\/v2\/product"}],"about":[{"href":"https:\/\/medapp.lv\/lt\/wp-json\/wp\/v2\/types\/product"}],"replies":[{"embeddable":true,"href":"https:\/\/medapp.lv\/lt\/wp-json\/wp\/v2\/comments?post=18978"}],"version-history":[{"count":1,"href":"https:\/\/medapp.lv\/lt\/wp-json\/wp\/v2\/product\/18978\/revisions"}],"predecessor-version":[{"id":18980,"href":"https:\/\/medapp.lv\/lt\/wp-json\/wp\/v2\/product\/18978\/revisions\/18980"}],"wp:featuredmedia":[{"embeddable":true,"href":"https:\/\/medapp.lv\/lt\/wp-json\/wp\/v2\/media\/18979"}],"wp:attachment":[{"href":"https:\/\/medapp.lv\/lt\/wp-json\/wp\/v2\/media?parent=18978"}],"wp:term":[{"taxonomy":"product_brand","embeddable":true,"href":"https:\/\/medapp.lv\/lt\/wp-json\/wp\/v2\/product_brand?post=18978"},{"taxonomy":"product_cat","embeddable":true,"href":"https:\/\/medapp.lv\/lt\/wp-json\/wp\/v2\/product_cat?post=18978"},{"taxonomy":"product_tag","embeddable":true,"href":"https:\/\/medapp.lv\/lt\/wp-json\/wp\/v2\/product_tag?post=18978"}],"curies":[{"name":"wp","href":"https:\/\/api.w.org\/{rel}","templated":true}]}}