{"id":18981,"date":"2024-03-12T13:49:23","date_gmt":"2024-03-12T11:49:23","guid":{"rendered":"https:\/\/mareksj17.sg-host.com\/?post_type=product&#038;p=18981"},"modified":"2025-07-17T10:04:34","modified_gmt":"2025-07-17T08:04:34","slug":"galvas-lampas","status":"publish","type":"product","link":"https:\/\/medapp.lv\/lt\/produktas\/galvas-lampas\/","title":{"rendered":"Priekiniai \u017eibintai"},"content":{"rendered":"<p>\u0160viestuvas u\u017etikrina ai\u0161k\u0173 matymo lauk\u0105 su optimaliu, be \u0161e\u0161\u0117li\u0173 ap\u0161vietimu darbo zonoje \u2013 vis\u0105 dien\u0105 ir nekei\u010diant baterij\u0173.<\/p>\n<p>Did\u017eiausi\u0105 d\u0117mes\u012f skiriame esminiams dalykams: kompakti\u0161kos, lengvos ir labai ry\u0161kios \u0161viesos sistemos su galingomis baterijomis. Be to, d\u0117l vandeniui atsparios konstrukcijos saugum\u0105 u\u017etikrina optimalios valymo galimyb\u0117s.<\/p>\n<p>M\u016bs\u0173 naujovi\u0161kas dizainas su auk\u0161tos kokyb\u0117s, tvariomis med\u017eiagomis taip pat yra esteti\u0161kas.<\/p>\n<p>SAVYB\u0116S CRI vert\u0117: 92+ Sritys dydis: 80mm \/ WD 35cm<br \/>\nGreitas auk\u0161\u010dio ir kampo reguliavimas<br \/>\nPuikios valymo galimyb\u0117s d\u0117l vandeniui atsparios konstrukcijos<br \/>\nBaterija pakei\u010diama grei\u010diau nei per 5 sekundes<br \/>\nRy\u0161kumo valdymas 5 \u017eingsniais naudojant \u201eBoost\u201c re\u017eim\u0105<br \/>\nPasirenkama galimyb\u0117 su UV filtru<\/p>","protected":false},"excerpt":{"rendered":"<p>\u0160viestuvas u\u017etikrina ai\u0161k\u0173 matymo lauk\u0105 su optimaliu, be \u0161e\u0161\u0117li\u0173 ap\u0161vietimu darbo zonoje \u2013 vis\u0105 dien\u0105 ir nekei\u010diant baterij\u0173.<\/p>","protected":false},"featured_media":18983,"comment_status":"open","ping_status":"closed","template":"","meta":[],"product_brand":[],"product_cat":[131,108],"product_tag":[],"class_list":{"0":"post-18981","1":"product","2":"type-product","3":"status-publish","4":"has-post-thumbnail","6":"product_cat-med-iekartas","7":"product_cat-produkti-profesionaliem","9":"first","10":"instock","11":"taxable","12":"shipping-taxable","13":"product-type-simple"},"_links":{"self":[{"href":"https:\/\/medapp.lv\/lt\/wp-json\/wp\/v2\/product\/18981","targetHints":{"allow":["GET"]}}],"collection":[{"href":"https:\/\/medapp.lv\/lt\/wp-json\/wp\/v2\/product"}],"about":[{"href":"https:\/\/medapp.lv\/lt\/wp-json\/wp\/v2\/types\/product"}],"replies":[{"embeddable":true,"href":"https:\/\/medapp.lv\/lt\/wp-json\/wp\/v2\/comments?post=18981"}],"version-history":[{"count":1,"href":"https:\/\/medapp.lv\/lt\/wp-json\/wp\/v2\/product\/18981\/revisions"}],"predecessor-version":[{"id":18984,"href":"https:\/\/medapp.lv\/lt\/wp-json\/wp\/v2\/product\/18981\/revisions\/18984"}],"wp:featuredmedia":[{"embeddable":true,"href":"https:\/\/medapp.lv\/lt\/wp-json\/wp\/v2\/media\/18983"}],"wp:attachment":[{"href":"https:\/\/medapp.lv\/lt\/wp-json\/wp\/v2\/media?parent=18981"}],"wp:term":[{"taxonomy":"product_brand","embeddable":true,"href":"https:\/\/medapp.lv\/lt\/wp-json\/wp\/v2\/product_brand?post=18981"},{"taxonomy":"product_cat","embeddable":true,"href":"https:\/\/medapp.lv\/lt\/wp-json\/wp\/v2\/product_cat?post=18981"},{"taxonomy":"product_tag","embeddable":true,"href":"https:\/\/medapp.lv\/lt\/wp-json\/wp\/v2\/product_tag?post=18981"}],"curies":[{"name":"wp","href":"https:\/\/api.w.org\/{rel}","templated":true}]}}