{"id":18999,"date":"2024-03-12T14:17:33","date_gmt":"2024-03-12T12:17:33","guid":{"rendered":"https:\/\/mareksj17.sg-host.com\/?post_type=product&#038;p=18999"},"modified":"2025-07-17T10:04:32","modified_gmt":"2025-07-17T08:04:32","slug":"kirurgiskie-sukni","status":"publish","type":"product","link":"https:\/\/medapp.lv\/lt\/produktas\/kirurgiskie-sukni\/","title":{"rendered":"Chirurginiai siurbliai"},"content":{"rendered":"<p>VEGA SIurbimo \u012eRANGA<br \/>\nStiling\u0173, kompakti\u0161k\u0173 ir patikim\u0173 aspiratori\u0173 linija nedidel\u0117ms operacijoms. Tyl\u016bs, didelio srauto ir prie\u017ei\u016bros nereikalaujantys siurbliai u\u017etikrina ilg\u0105 gaminio tarnavimo laik\u0105 ir patvarum\u0105. Rekomenduojamas aspiracijai per nos\u012f, burnos aspiracijai, k\u016bno skys\u010di\u0173 (gleivi\u0173, katar\u0173 ar kraujo) aspiracijai per trach\u0117j\u0105 suaugusiems ar vaikams. \u012erengtas nuolat reguliuojamas vakuumo reguliatorius, vakuumo indikatorius, ned\u016b\u017etantis 1000 ml arba 2000 ml Makrolon\u00ae stiklainis, autoklavuojamas 121\u00b0C temperat\u016broje, su apsauginiu pl\u016bdiniu valdymo vo\u017etuvu, apsaugan\u010diu nuo perpildymo. Pasirenkamas APEC\u00ae stiklainis, autoklavuojamas 143\u00b0C temperat\u016broje. Pagaminta elektra ir termi\u0161kai izoliuotame plastikiniame d\u0117kle.<\/p>\n<p>Pagaminta Italijoje.<\/p>","protected":false},"excerpt":{"rendered":"<p>VEGA SIURBIMO \u012eRANGA Stiling\u0173, kompakti\u0161k\u0173 ir patikim\u0173 aspiratori\u0173 linija smulkioms operacijoms. Tyl\u016bs, didelio srauto ir prie\u017ei\u016bros nereikalaujantys siurbliai u\u017etikrina ilg\u0105 tarnavimo laik\u0105<\/p>","protected":false},"featured_media":19000,"comment_status":"open","ping_status":"closed","template":"","meta":[],"product_brand":[],"product_cat":[131,108],"product_tag":[],"class_list":{"0":"post-18999","1":"product","2":"type-product","3":"status-publish","4":"has-post-thumbnail","6":"product_cat-med-iekartas","7":"product_cat-produkti-profesionaliem","9":"first","10":"instock","11":"taxable","12":"shipping-taxable","13":"product-type-simple"},"_links":{"self":[{"href":"https:\/\/medapp.lv\/lt\/wp-json\/wp\/v2\/product\/18999","targetHints":{"allow":["GET"]}}],"collection":[{"href":"https:\/\/medapp.lv\/lt\/wp-json\/wp\/v2\/product"}],"about":[{"href":"https:\/\/medapp.lv\/lt\/wp-json\/wp\/v2\/types\/product"}],"replies":[{"embeddable":true,"href":"https:\/\/medapp.lv\/lt\/wp-json\/wp\/v2\/comments?post=18999"}],"version-history":[{"count":1,"href":"https:\/\/medapp.lv\/lt\/wp-json\/wp\/v2\/product\/18999\/revisions"}],"predecessor-version":[{"id":19001,"href":"https:\/\/medapp.lv\/lt\/wp-json\/wp\/v2\/product\/18999\/revisions\/19001"}],"wp:featuredmedia":[{"embeddable":true,"href":"https:\/\/medapp.lv\/lt\/wp-json\/wp\/v2\/media\/19000"}],"wp:attachment":[{"href":"https:\/\/medapp.lv\/lt\/wp-json\/wp\/v2\/media?parent=18999"}],"wp:term":[{"taxonomy":"product_brand","embeddable":true,"href":"https:\/\/medapp.lv\/lt\/wp-json\/wp\/v2\/product_brand?post=18999"},{"taxonomy":"product_cat","embeddable":true,"href":"https:\/\/medapp.lv\/lt\/wp-json\/wp\/v2\/product_cat?post=18999"},{"taxonomy":"product_tag","embeddable":true,"href":"https:\/\/medapp.lv\/lt\/wp-json\/wp\/v2\/product_tag?post=18999"}],"curies":[{"name":"wp","href":"https:\/\/api.w.org\/{rel}","templated":true}]}}