{"id":19051,"date":"2024-03-12T20:33:06","date_gmt":"2024-03-12T18:33:06","guid":{"rendered":"https:\/\/mareksj17.sg-host.com\/?post_type=product&#038;p=19051"},"modified":"2025-07-17T10:04:29","modified_gmt":"2025-07-17T08:04:29","slug":"uzsucosie-diegi","status":"publish","type":"product","link":"https:\/\/medapp.lv\/lt\/produktas\/uzsucosie-diegi\/","title":{"rendered":"Absorbuojami si\u016blai"},"content":{"rendered":"<p>Sprendim\u0105 d\u0117l naudojam\u0173 adat\u0173 pasirinkimo turi priimti chirurgas ir gali b\u016bti atsi\u017evelgta \u012f kelet\u0105 veiksni\u0173, pvz., specifinius proced\u016bros reikalavimus, siuvamo audinio pob\u016bd\u012f, plot\u0105, skirt\u0105 operacijai, ir technik\u0105. pasirenka kiekvienas individualus chirurgas. Vitrex chirurginiai si\u016blai gaminami \u012fvairi\u0173 stili\u0173, form\u0173, ilgi\u0173 ir skersmen\u0173, kad atitikt\u0173 net pa\u010dius reikliausius reikalavimus.<\/p>\n<p>&nbsp;<\/p>","protected":false},"excerpt":{"rendered":"<p>Sprendim\u0105 d\u0117l naudojam\u0173 adat\u0173 pasirinkimo turi priimti chirurgas ir gali b\u016bti atsi\u017evelgta \u012f kelet\u0105 veiksni\u0173, pavyzd\u017eiui, konkre\u010dios proced\u016bros reikalavimus, audin\u012f,<\/p>","protected":false},"featured_media":19066,"comment_status":"open","ping_status":"closed","template":"","meta":[],"product_brand":[],"product_cat":[214,108],"product_tag":[],"class_list":{"0":"post-19051","1":"product","2":"type-product","3":"status-publish","4":"has-post-thumbnail","6":"product_cat-kirurgiskie-diegi-un-tikli","7":"product_cat-produkti-profesionaliem","9":"first","10":"instock","11":"taxable","12":"shipping-taxable","13":"product-type-simple"},"_links":{"self":[{"href":"https:\/\/medapp.lv\/lt\/wp-json\/wp\/v2\/product\/19051","targetHints":{"allow":["GET"]}}],"collection":[{"href":"https:\/\/medapp.lv\/lt\/wp-json\/wp\/v2\/product"}],"about":[{"href":"https:\/\/medapp.lv\/lt\/wp-json\/wp\/v2\/types\/product"}],"replies":[{"embeddable":true,"href":"https:\/\/medapp.lv\/lt\/wp-json\/wp\/v2\/comments?post=19051"}],"version-history":[{"count":1,"href":"https:\/\/medapp.lv\/lt\/wp-json\/wp\/v2\/product\/19051\/revisions"}],"predecessor-version":[{"id":19067,"href":"https:\/\/medapp.lv\/lt\/wp-json\/wp\/v2\/product\/19051\/revisions\/19067"}],"wp:featuredmedia":[{"embeddable":true,"href":"https:\/\/medapp.lv\/lt\/wp-json\/wp\/v2\/media\/19066"}],"wp:attachment":[{"href":"https:\/\/medapp.lv\/lt\/wp-json\/wp\/v2\/media?parent=19051"}],"wp:term":[{"taxonomy":"product_brand","embeddable":true,"href":"https:\/\/medapp.lv\/lt\/wp-json\/wp\/v2\/product_brand?post=19051"},{"taxonomy":"product_cat","embeddable":true,"href":"https:\/\/medapp.lv\/lt\/wp-json\/wp\/v2\/product_cat?post=19051"},{"taxonomy":"product_tag","embeddable":true,"href":"https:\/\/medapp.lv\/lt\/wp-json\/wp\/v2\/product_tag?post=19051"}],"curies":[{"name":"wp","href":"https:\/\/api.w.org\/{rel}","templated":true}]}}