{"id":19058,"date":"2024-03-12T20:35:16","date_gmt":"2024-03-12T18:35:16","guid":{"rendered":"https:\/\/mareksj17.sg-host.com\/?post_type=product&#038;p=19058"},"modified":"2025-07-17T10:04:29","modified_gmt":"2025-07-17T08:04:29","slug":"neuzsucosie-diegi","status":"publish","type":"product","link":"https:\/\/medapp.lv\/lt\/produktas\/neuzsucosie-diegi\/","title":{"rendered":"Neabsorbuojami si\u016blai"},"content":{"rendered":"<p>Naudojamas adatas turi pasirinkti chirurgas ir gali b\u016bti atsi\u017evelgta \u012f daugyb\u0119 veiksni\u0173, pvz., konkre\u010dios proced\u016bros reikalavimus, siuvamo audinio pob\u016bd\u012f, operacin\u0117s srities prieinamum\u0105 ir metodus. pasirenka kiekvienas individualus chirurgas. Vitrex chirurginiai si\u016blai gaminami \u012fvairi\u0173 stili\u0173, form\u0173, ilgi\u0173 ir skersmen\u0173, kad atitikt\u0173 net pa\u010dius reikliausius reikalavimus.<\/p>","protected":false},"excerpt":{"rendered":"<p>Naudojamas adatas tur\u0117t\u0173 pasirinkti chirurgas ir gali b\u016bti atsi\u017evelgta \u012f kelet\u0105 veiksni\u0173, pvz., konkre\u010dios proced\u016bros reikalavimus,<\/p>","protected":false},"featured_media":19071,"comment_status":"open","ping_status":"closed","template":"","meta":[],"product_brand":[],"product_cat":[214],"product_tag":[],"class_list":{"0":"post-19058","1":"product","2":"type-product","3":"status-publish","4":"has-post-thumbnail","6":"product_cat-kirurgiskie-diegi-un-tikli","8":"first","9":"instock","10":"taxable","11":"shipping-taxable","12":"product-type-simple"},"_links":{"self":[{"href":"https:\/\/medapp.lv\/lt\/wp-json\/wp\/v2\/product\/19058","targetHints":{"allow":["GET"]}}],"collection":[{"href":"https:\/\/medapp.lv\/lt\/wp-json\/wp\/v2\/product"}],"about":[{"href":"https:\/\/medapp.lv\/lt\/wp-json\/wp\/v2\/types\/product"}],"replies":[{"embeddable":true,"href":"https:\/\/medapp.lv\/lt\/wp-json\/wp\/v2\/comments?post=19058"}],"version-history":[{"count":1,"href":"https:\/\/medapp.lv\/lt\/wp-json\/wp\/v2\/product\/19058\/revisions"}],"predecessor-version":[{"id":19074,"href":"https:\/\/medapp.lv\/lt\/wp-json\/wp\/v2\/product\/19058\/revisions\/19074"}],"wp:featuredmedia":[{"embeddable":true,"href":"https:\/\/medapp.lv\/lt\/wp-json\/wp\/v2\/media\/19071"}],"wp:attachment":[{"href":"https:\/\/medapp.lv\/lt\/wp-json\/wp\/v2\/media?parent=19058"}],"wp:term":[{"taxonomy":"product_brand","embeddable":true,"href":"https:\/\/medapp.lv\/lt\/wp-json\/wp\/v2\/product_brand?post=19058"},{"taxonomy":"product_cat","embeddable":true,"href":"https:\/\/medapp.lv\/lt\/wp-json\/wp\/v2\/product_cat?post=19058"},{"taxonomy":"product_tag","embeddable":true,"href":"https:\/\/medapp.lv\/lt\/wp-json\/wp\/v2\/product_tag?post=19058"}],"curies":[{"name":"wp","href":"https:\/\/api.w.org\/{rel}","templated":true}]}}