{"id":19581,"date":"2024-04-09T10:41:40","date_gmt":"2024-04-09T08:41:40","guid":{"rendered":"https:\/\/medapp.lv\/?post_type=product&#038;p=19581"},"modified":"2026-03-16T09:40:34","modified_gmt":"2026-03-16T07:40:34","slug":"push-care-kakla-ortoze","status":"publish","type":"product","link":"https:\/\/medapp.lv\/lt\/produktas\/push-care-kakla-ortoze\/","title":{"rendered":"PUSH Care Kaklo ortoz\u0117"},"content":{"rendered":"<p>Push care Neck Brace kaklo \u012ftvaras palaiko kaklo stubur\u0105 d\u0117l savo anatomin\u0117s formos ir pusiau kietos med\u017eiagos. Tai suteikia funkcin\u0119 atram\u0105 kaklui ir galvai tarp \u017eandikaulio ir raktikaulio. Tai u\u017etikrina pakankamai standi, mobilumo nevar\u017eanti med\u017eiaga. Anatomin\u0117 forma, u\u017eapvalinti kra\u0161tai ir mink\u0161tas pamu\u0161alas, kuris i\u0161laiko od\u0105 saus\u0105, u\u017etikrina, kad petne\u0161os b\u016bt\u0173 labai patogios.<\/p>\n<p>Sympress\u2122 technologija Atrama pagaminta i\u0161 Sympress\u2122 \u2013 auk\u0161tos kokyb\u0117s, patogios med\u017eiagos. Naudojant mikropluo\u0161t\u0105, vidus tampa mink\u0161tas ir oda i\u0161lieka sausa. Push care Neck Brace yra lengvai u\u017ededamas ir gali b\u016bti skalbiamas.<\/p>\n<p><iframe title=\"YouTube vaizdo grotuvas\" src=\"https:\/\/www.youtube.com\/embed\/HeQGYQiDVKs?si=tJPuBaNkm-GY3Xnc\" width=\"560\" height=\"315\" frameborder=\"0\" allowfullscreen=\"allowfullscreen\"><\/iframe><\/p>","protected":false},"excerpt":{"rendered":"<p>Push Care kaklo ortoz\u0117 suteikia funkcin\u0119 atram\u0105 kaklui ir galvai tarp \u017eandikaulio ir raktikaulio. D\u0117l savo anatomin\u0117s formos kaklo dir\u017eelis palaiko kaklo stubur\u0105.<\/p>","protected":false},"featured_media":19584,"comment_status":"open","ping_status":"closed","template":"","meta":[],"product_brand":[],"product_cat":[134,133],"product_tag":[],"class_list":{"0":"post-19581","1":"product","2":"type-product","3":"status-publish","4":"has-post-thumbnail","6":"product_cat-kaklam","7":"product_cat-ortozes","9":"first","10":"instock","11":"taxable","12":"shipping-taxable","13":"purchasable","14":"product-type-variable"},"_links":{"self":[{"href":"https:\/\/medapp.lv\/lt\/wp-json\/wp\/v2\/product\/19581","targetHints":{"allow":["GET"]}}],"collection":[{"href":"https:\/\/medapp.lv\/lt\/wp-json\/wp\/v2\/product"}],"about":[{"href":"https:\/\/medapp.lv\/lt\/wp-json\/wp\/v2\/types\/product"}],"replies":[{"embeddable":true,"href":"https:\/\/medapp.lv\/lt\/wp-json\/wp\/v2\/comments?post=19581"}],"version-history":[{"count":7,"href":"https:\/\/medapp.lv\/lt\/wp-json\/wp\/v2\/product\/19581\/revisions"}],"predecessor-version":[{"id":20015,"href":"https:\/\/medapp.lv\/lt\/wp-json\/wp\/v2\/product\/19581\/revisions\/20015"}],"wp:featuredmedia":[{"embeddable":true,"href":"https:\/\/medapp.lv\/lt\/wp-json\/wp\/v2\/media\/19584"}],"wp:attachment":[{"href":"https:\/\/medapp.lv\/lt\/wp-json\/wp\/v2\/media?parent=19581"}],"wp:term":[{"taxonomy":"product_brand","embeddable":true,"href":"https:\/\/medapp.lv\/lt\/wp-json\/wp\/v2\/product_brand?post=19581"},{"taxonomy":"product_cat","embeddable":true,"href":"https:\/\/medapp.lv\/lt\/wp-json\/wp\/v2\/product_cat?post=19581"},{"taxonomy":"product_tag","embeddable":true,"href":"https:\/\/medapp.lv\/lt\/wp-json\/wp\/v2\/product_tag?post=19581"}],"curies":[{"name":"wp","href":"https:\/\/api.w.org\/{rel}","templated":true}]}}