{"id":19615,"date":"2024-04-29T21:03:44","date_gmt":"2024-04-29T19:03:44","guid":{"rendered":"https:\/\/medapp.lv\/?post_type=product&#038;p=19615"},"modified":"2025-07-17T07:44:50","modified_gmt":"2025-07-17T05:44:50","slug":"kvadratveida-ortopedisks-spilvens","status":"publish","type":"product","link":"https:\/\/medapp.lv\/lt\/produktas\/kvadratveida-ortopedisks-spilvens\/","title":{"rendered":"PAVIS kvadratin\u0117 ortopedin\u0117 pagalv\u0117"},"content":{"rendered":"<ul>\n<li>Pa\u017eeistas vietas pad\u0117kite taip, kad jos b\u016bt\u0173 v\u0117dinamos ir be sl\u0117gio<\/li>\n<li>Skausming\u0173 proces\u0173 palengv\u0117jimas, ypa\u010d po gimdymo, po dubens ir tiesiosios \u017earnos operacij\u0173<\/li>\n<li>Hemorojaus patologijos<\/li>\n<li>Rand\u0173 prevencija kry\u017ekaulio srityse<\/li>\n<li>Pagalba gydant kai kuri\u0173 tip\u0173 sl\u0117gio opas<\/li>\n<li>Rand\u0173 prevencija kry\u017ekaulio srityse<\/li>\n<li>Medvilninis u\u017evalkalas (art. 935) \u2013 nuimamas ir skalbiamas iki 30 \u00baC<\/li>\n<li>MATMENYS (CM): 40 x 40 x 5<\/li>\n<\/ul>","protected":false},"excerpt":{"rendered":"<p>Pa\u017eeist\u0173 viet\u0173 i\u0161d\u0117stymas taip, kad jos b\u016bt\u0173 v\u0117dinamos ir be spaudimo Skausming\u0173 proces\u0173 palengvinimas, ypa\u010d po gimdymo, po dubens ir tiesiosios \u017earnos<\/p>","protected":false},"featured_media":19618,"comment_status":"open","ping_status":"closed","template":"","meta":[],"product_brand":[],"product_cat":[221],"product_tag":[],"class_list":{"0":"post-19615","1":"product","2":"type-product","3":"status-publish","4":"has-post-thumbnail","6":"product_cat-ortopediskie-spilveni","8":"first","9":"instock","10":"taxable","11":"shipping-taxable","12":"purchasable","13":"product-type-simple"},"_links":{"self":[{"href":"https:\/\/medapp.lv\/lt\/wp-json\/wp\/v2\/product\/19615","targetHints":{"allow":["GET"]}}],"collection":[{"href":"https:\/\/medapp.lv\/lt\/wp-json\/wp\/v2\/product"}],"about":[{"href":"https:\/\/medapp.lv\/lt\/wp-json\/wp\/v2\/types\/product"}],"replies":[{"embeddable":true,"href":"https:\/\/medapp.lv\/lt\/wp-json\/wp\/v2\/comments?post=19615"}],"version-history":[{"count":3,"href":"https:\/\/medapp.lv\/lt\/wp-json\/wp\/v2\/product\/19615\/revisions"}],"predecessor-version":[{"id":19978,"href":"https:\/\/medapp.lv\/lt\/wp-json\/wp\/v2\/product\/19615\/revisions\/19978"}],"wp:featuredmedia":[{"embeddable":true,"href":"https:\/\/medapp.lv\/lt\/wp-json\/wp\/v2\/media\/19618"}],"wp:attachment":[{"href":"https:\/\/medapp.lv\/lt\/wp-json\/wp\/v2\/media?parent=19615"}],"wp:term":[{"taxonomy":"product_brand","embeddable":true,"href":"https:\/\/medapp.lv\/lt\/wp-json\/wp\/v2\/product_brand?post=19615"},{"taxonomy":"product_cat","embeddable":true,"href":"https:\/\/medapp.lv\/lt\/wp-json\/wp\/v2\/product_cat?post=19615"},{"taxonomy":"product_tag","embeddable":true,"href":"https:\/\/medapp.lv\/lt\/wp-json\/wp\/v2\/product_tag?post=19615"}],"curies":[{"name":"wp","href":"https:\/\/api.w.org\/{rel}","templated":true}]}}