{"id":19716,"date":"2024-05-21T10:52:42","date_gmt":"2024-05-21T08:52:42","guid":{"rendered":"https:\/\/medapp.lv\/?post_type=product&#038;p=19716"},"modified":"2025-11-05T20:50:07","modified_gmt":"2025-11-05T18:50:07","slug":"dorsala-lumbala-krustu-modulara-korsete","status":"publish","type":"product","link":"https:\/\/medapp.lv\/lt\/produktas\/dorsala-lumbala-krustu-modulara-korsete\/","title":{"rendered":"PAVIS Kr\u016btin\u0117s-juosmens-kry\u017emens ortoz\u0117"},"content":{"rendered":"<p>Naujas dizainas pe\u010di\u0173 srityje geresniam patogumui \/ prigludimui. Pusiau stand\u017eios aliuminio juostos sukuria veiksming\u0105 atram\u0105 nugariniam-juosmeniniam-kry\u017emens stuburui ir gali b\u016bti nuimamos. Nugara turi sustiprint\u0105 nugar\u0105, kad lentjuost\u0117 nepajud\u0117t\u0173 nuo paravertebralin\u0117s srities. Pe\u010di\u0173 dir\u017eeliai yra anatomin\u0117s formos ir i\u0161kloti mink\u0161tu Radyarn audiniu, kad b\u016bt\u0173 optimalus patogumas. Elastin\u0117 nugaros kilpa supaprastina dir\u017eel\u012f<\/p>\n<p>Galimas auk\u0161tis: 60 cm<\/p>","protected":false},"excerpt":{"rendered":"<p>Naujasis ortopedinis gultukas prispaud\u017eiamas prie k\u016bno naudojant dvigub\u0105 kry\u017eminio \u012ftempimo dir\u017eelio sistem\u0105, kuri suma\u017eina skausm\u0105, suma\u017eina rizik\u0105 nukristi einant ir skatina saugumo jausm\u0105 j\u012f ne\u0161iojant.<\/p>\n<h1 class=\"product_title entry-title wd-entities-title\"><\/h1>","protected":false},"featured_media":19757,"comment_status":"open","ping_status":"closed","template":"","meta":[],"product_brand":[],"product_cat":[133,138],"product_tag":[],"class_list":{"0":"post-19716","1":"product","2":"type-product","3":"status-publish","4":"has-post-thumbnail","6":"product_cat-ortozes","7":"product_cat-muguras-jostas","9":"first","10":"instock","11":"taxable","12":"shipping-taxable","13":"purchasable","14":"product-type-variable"},"_links":{"self":[{"href":"https:\/\/medapp.lv\/lt\/wp-json\/wp\/v2\/product\/19716","targetHints":{"allow":["GET"]}}],"collection":[{"href":"https:\/\/medapp.lv\/lt\/wp-json\/wp\/v2\/product"}],"about":[{"href":"https:\/\/medapp.lv\/lt\/wp-json\/wp\/v2\/types\/product"}],"replies":[{"embeddable":true,"href":"https:\/\/medapp.lv\/lt\/wp-json\/wp\/v2\/comments?post=19716"}],"version-history":[{"count":5,"href":"https:\/\/medapp.lv\/lt\/wp-json\/wp\/v2\/product\/19716\/revisions"}],"predecessor-version":[{"id":19960,"href":"https:\/\/medapp.lv\/lt\/wp-json\/wp\/v2\/product\/19716\/revisions\/19960"}],"wp:featuredmedia":[{"embeddable":true,"href":"https:\/\/medapp.lv\/lt\/wp-json\/wp\/v2\/media\/19757"}],"wp:attachment":[{"href":"https:\/\/medapp.lv\/lt\/wp-json\/wp\/v2\/media?parent=19716"}],"wp:term":[{"taxonomy":"product_brand","embeddable":true,"href":"https:\/\/medapp.lv\/lt\/wp-json\/wp\/v2\/product_brand?post=19716"},{"taxonomy":"product_cat","embeddable":true,"href":"https:\/\/medapp.lv\/lt\/wp-json\/wp\/v2\/product_cat?post=19716"},{"taxonomy":"product_tag","embeddable":true,"href":"https:\/\/medapp.lv\/lt\/wp-json\/wp\/v2\/product_tag?post=19716"}],"curies":[{"name":"wp","href":"https:\/\/api.w.org\/{rel}","templated":true}]}}