{"id":19732,"date":"2024-05-21T11:10:59","date_gmt":"2024-05-21T09:10:59","guid":{"rendered":"https:\/\/medapp.lv\/?post_type=product&#038;p=19732"},"modified":"2026-02-12T13:03:43","modified_gmt":"2026-02-12T11:03:43","slug":"ortho-e-muguras-josta-h-21-cm","status":"publish","type":"product","link":"https:\/\/medapp.lv\/lt\/produktas\/ortho-e-muguras-josta-h-21-cm\/","title":{"rendered":"PAVIS nugaros ortoz\u0117 (38cm)"},"content":{"rendered":"<p>Anatomi\u0161kai sukurta taip, kad puikiai prisitaikyt\u0173 prie paciento \u016bgio. Pusiau kieta med\u017eiaga paravertebralin\u0117je srityje, u\u017etikrinanti maksimal\u0173 \u012fmanom\u0105 stabilum\u0105. Galimi skirtingi auk\u0161\u010diai, kad atitikt\u0173 skirtingas nugaros problemas. Papildomi priekiniai dir\u017eeliai efektyviai sustiprina atram\u0105. Dir\u017eeli\u0173 skai\u010dius skiriasi priklausomai nuo korseto auk\u0161\u010dio (kad b\u016bt\u0173 galima reguliuoti \u012ftempim\u0105 skirtingoms nugaros dalims). Nugaroje yra nuimamos tvirtinimo detal\u0117s, leid\u017eian\u010dios priderinti atram\u0105 pagal paciento poreikius ir skirtingus reabilitacijos etapus. Naujovi\u0161kas bakteriostatinis audinys garantuoja maksimali\u0105 higien\u0105, komfort\u0105, pralaidum\u0105 orui.<br \/>\nMed\u017eiaga skirta u\u017ekirsti keli\u0105 bakterij\u0173 susidarymui.<br \/>\nIndikacijos:<\/p>\n<ul>\n<li>Skausmas apatin\u0117je nugaros dalyje,<\/li>\n<li>Po disko i\u0161var\u017eos operacij\u0173,<\/li>\n<li>artroz\u0117,<\/li>\n<li>i\u0161ky\u0161os,<\/li>\n<li>Sakalin\u0117 hiperkifoz\u0117\/hipokifoz\u0117,<\/li>\n<li>spondiloartritas,<\/li>\n<li>osteoliz\u0117,<\/li>\n<li>Juosmens ir lumbosakralin\u0117s tendinopatijos.<\/li>\n<\/ul>","protected":false},"excerpt":{"rendered":"<p>Pavis nugaros ortoz\u0117 yra anatomi\u0161kai sukurta aktyvi atrama su individualiu reguliavimu ir dideliu d\u0117v\u0117jimo patogumu. Nugaros ortoz\u0117 turi \u012fmontuotus ir anatomi\u0161kai suformuotus korseto lankelius, kurie palaiko anatomi\u0161kai taisykling\u0105 juosmenin\u0117s stuburo dalies laikysen\u0105. Patogus ir lengvas ortoz\u0117s pritvirtinimas d\u0117l prakti\u0161k\u0173 petne\u0161\u0173. Galimi keli dyd\u017eiai.<\/p>","protected":false},"featured_media":19758,"comment_status":"open","ping_status":"closed","template":"","meta":[],"product_brand":[],"product_cat":[133,138],"product_tag":[],"class_list":{"0":"post-19732","1":"product","2":"type-product","3":"status-publish","4":"has-post-thumbnail","6":"product_cat-ortozes","7":"product_cat-muguras-jostas","9":"first","10":"instock","11":"taxable","12":"shipping-taxable","13":"purchasable","14":"product-type-variable"},"_links":{"self":[{"href":"https:\/\/medapp.lv\/lt\/wp-json\/wp\/v2\/product\/19732","targetHints":{"allow":["GET"]}}],"collection":[{"href":"https:\/\/medapp.lv\/lt\/wp-json\/wp\/v2\/product"}],"about":[{"href":"https:\/\/medapp.lv\/lt\/wp-json\/wp\/v2\/types\/product"}],"replies":[{"embeddable":true,"href":"https:\/\/medapp.lv\/lt\/wp-json\/wp\/v2\/comments?post=19732"}],"version-history":[{"count":11,"href":"https:\/\/medapp.lv\/lt\/wp-json\/wp\/v2\/product\/19732\/revisions"}],"predecessor-version":[{"id":20054,"href":"https:\/\/medapp.lv\/lt\/wp-json\/wp\/v2\/product\/19732\/revisions\/20054"}],"wp:featuredmedia":[{"embeddable":true,"href":"https:\/\/medapp.lv\/lt\/wp-json\/wp\/v2\/media\/19758"}],"wp:attachment":[{"href":"https:\/\/medapp.lv\/lt\/wp-json\/wp\/v2\/media?parent=19732"}],"wp:term":[{"taxonomy":"product_brand","embeddable":true,"href":"https:\/\/medapp.lv\/lt\/wp-json\/wp\/v2\/product_brand?post=19732"},{"taxonomy":"product_cat","embeddable":true,"href":"https:\/\/medapp.lv\/lt\/wp-json\/wp\/v2\/product_cat?post=19732"},{"taxonomy":"product_tag","embeddable":true,"href":"https:\/\/medapp.lv\/lt\/wp-json\/wp\/v2\/product_tag?post=19732"}],"curies":[{"name":"wp","href":"https:\/\/api.w.org\/{rel}","templated":true}]}}