{"id":19861,"date":"2024-05-29T10:32:50","date_gmt":"2024-05-29T08:32:50","guid":{"rendered":"https:\/\/medapp.lv\/?post_type=product&#038;p=19861"},"modified":"2025-07-17T09:56:36","modified_gmt":"2025-07-17T07:56:36","slug":"push-med-cela-ortoze","status":"publish","type":"product","link":"https:\/\/medapp.lv\/lt\/produktas\/push-med-cela-ortoze\/","title":{"rendered":"PUSH Care Kelio ortoz\u0117"},"content":{"rendered":"<p>Push care Knee Brace suteikia suspaudim\u0105 aplink kelio s\u0105nar\u012f ir palaiko kelio girnel\u0119, o tai pagerina stabilumo poj\u016bt\u012f ir ma\u017eina skausm\u0105. Tvirtinimo detal\u0117s leid\u017eia individualiai reguliuoti sl\u0117g\u012f. Naudodami \u0161i\u0105 ortoz\u0119 jau\u010diate patogi\u0105 atram\u0105, tod\u0117l jau\u010diat\u0117s saugus aktyvus jud\u0117jimas.<br \/>\nAuk\u0161tos kokyb\u0117s, lanks\u010dios med\u017eiagos ir silikono aplikacijos ant ortoz\u0117s u\u017etikrina puik\u0173 prigludim\u0105 ir i\u0161laiko savo pad\u0117t\u012f.<\/p>\n<p>Sympress\u2122 technologija. Ortoz\u0117 pagaminta i\u0161 Sympress\u2122 \u2013 auk\u0161tos kokyb\u0117s, patogios med\u017eiagos. Naudojant mikropluo\u0161tus, vidus tampa mink\u0161tas ir oda i\u0161lieka sausa. Push care Knee Brace yra lengvai u\u017ededamas ir gali b\u016bti skalbiamas.<\/p>\n<p>Indikacijos:<\/p>\n<ul>\n<li>Po traum\u0173<\/li>\n<li>Po operacij\u0173<\/li>\n<li>Skausmas kelio s\u0105naryje<\/li>\n<li>Osteoartritas<\/li>\n<li>Artritas<\/li>\n<li>Polinkis \u012f nestabilum\u0105<\/li>\n<li>Girnel\u0117s tendinopatija<\/li>\n<li>Reumatoidinis artritas<\/li>\n<\/ul>","protected":false},"excerpt":{"rendered":"<p>Push care Knee Brace yra naujos kartos ortoz\u0117, naudojama esant kelio skausmams ar traumoms.<\/p>","protected":false},"featured_media":19867,"comment_status":"open","ping_status":"closed","template":"","meta":[],"product_brand":[],"product_cat":[133,137],"product_tag":[],"class_list":{"0":"post-19861","1":"product","2":"type-product","3":"status-publish","4":"has-post-thumbnail","6":"product_cat-ortozes","7":"product_cat-kajai-cela-locitivai-un-pedai","9":"first","10":"instock","11":"taxable","12":"shipping-taxable","13":"purchasable","14":"product-type-variable"},"_links":{"self":[{"href":"https:\/\/medapp.lv\/lt\/wp-json\/wp\/v2\/product\/19861","targetHints":{"allow":["GET"]}}],"collection":[{"href":"https:\/\/medapp.lv\/lt\/wp-json\/wp\/v2\/product"}],"about":[{"href":"https:\/\/medapp.lv\/lt\/wp-json\/wp\/v2\/types\/product"}],"replies":[{"embeddable":true,"href":"https:\/\/medapp.lv\/lt\/wp-json\/wp\/v2\/comments?post=19861"}],"version-history":[{"count":5,"href":"https:\/\/medapp.lv\/lt\/wp-json\/wp\/v2\/product\/19861\/revisions"}],"predecessor-version":[{"id":19980,"href":"https:\/\/medapp.lv\/lt\/wp-json\/wp\/v2\/product\/19861\/revisions\/19980"}],"wp:featuredmedia":[{"embeddable":true,"href":"https:\/\/medapp.lv\/lt\/wp-json\/wp\/v2\/media\/19867"}],"wp:attachment":[{"href":"https:\/\/medapp.lv\/lt\/wp-json\/wp\/v2\/media?parent=19861"}],"wp:term":[{"taxonomy":"product_brand","embeddable":true,"href":"https:\/\/medapp.lv\/lt\/wp-json\/wp\/v2\/product_brand?post=19861"},{"taxonomy":"product_cat","embeddable":true,"href":"https:\/\/medapp.lv\/lt\/wp-json\/wp\/v2\/product_cat?post=19861"},{"taxonomy":"product_tag","embeddable":true,"href":"https:\/\/medapp.lv\/lt\/wp-json\/wp\/v2\/product_tag?post=19861"}],"curies":[{"name":"wp","href":"https:\/\/api.w.org\/{rel}","templated":true}]}}