{"id":19872,"date":"2024-05-29T11:56:08","date_gmt":"2024-05-29T09:56:08","guid":{"rendered":"https:\/\/medapp.lv\/?post_type=product&#038;p=19872"},"modified":"2025-11-07T15:05:29","modified_gmt":"2025-11-07T13:05:29","slug":"taurus-h-staigasanas-ramis-ar-riteniem","status":"publish","type":"product","link":"https:\/\/medapp.lv\/lt\/produktas\/taurus-h-staigasanas-ramis-ar-riteniem\/","title":{"rendered":"TAURUS H vaik\u0161\u010diojimo r\u0117mas su ratukais"},"content":{"rendered":"<div>Taurus H yra gerai suprojektuotas ir funkcionalus vaik\u0161tyn\u0117, sukurta taip, kad b\u016bt\u0173 u\u017etikrintas geras vir\u0161utin\u0117s k\u016bno dalies atrama. Jis yra pakankamai auk\u0161tas auk\u0161tiems naudotojams (iki 2,10 m), turi hidraulin\u012f auk\u0161\u010dio reguliavim\u0105, kad b\u016bt\u0173 patogu naudoti, ir gali b\u016bti naudojamas du\u0161e.<\/div>\n<div><\/div>\n<div>Du \u012frangos lygiai: Basic ir Premium.<\/div>\n<div>Abu modeliai turi reguliuojamus porankius ir kojinius stabd\u017eius. Auk\u0161\u010diausios klas\u0117s modelis yra pilnai surinktas su reguliuojamomis rankenomis, va\u017eiavimo ir stov\u0117jimo stabd\u017eiais ant ranken\u0173 bei galimybe u\u017erakinti s\u016bpynes (krypties u\u017eraktas).<\/div>\n<div>T\u00dcV patvirtintas pagal EN ISO 11199-3 (standartas vaik\u0161tyn\u0117ms ir kitoms jud\u0117jimo priemon\u0117ms) ir 2 met\u0173 garantija be defekt\u0173 ir pa\u017eeidim\u0173 (i\u0161imtis yra pa\u017eeidimai d\u0117l netinkamo naudojimo arba dalys, kurios nat\u016braliai susid\u0117vi).<\/div>\n<div>TOPRO Taurus taip pat galima \u012fsigyti su elektriniu auk\u0161\u010dio reguliavimu, kur Premium modelis gali tarnauti kaip atrama stovint, nes lengvai valdomos rankenos (atkreipkite d\u0117mes\u012f: tai n\u0117ra paciento keltuvas). Nor\u0117dami gauti daugiau informacijos, susisiekite su MedApp komanda.<\/div>\n<div>\n<div>\n<div>Lengvas naudojimas su hidrauliniu auk\u0161\u010dio reguliavimu ir lengvai pasiekiamomis rankenomis priekini\u0173 poranki\u0173 priekyje, taip pat lengvai \u012fskaitoma auk\u0161\u010dio skal\u0117.<\/div>\n<div>Reguliuojamas atstumas tarp dilbio atram\u0173.<\/div>\n<div>Centrin\u0117 kolona leid\u017eia lengvai pasiekti slaugytoj\u0105.<\/div>\n<div>Maksimalus stalo plotis tik 66 cm.<\/div>\n<div>12,5 cm skersmens ratai u\u017etikrina, kad Taurus H b\u016bt\u0173 pakankamai didelis, kad gal\u0117t\u0173 perva\u017eiuoti kilimo kra\u0161tus, dur\u0173 slenks\u010dius ir pan., ta\u010diau pakankamai ma\u017eas, kad gal\u0117t\u0173 eiti po lovomis.<\/div>\n<div>Plonas dizainas su stabiliomis kojomis u\u017etikrina saug\u0173 vaik\u0161\u010diojim\u0105.<\/div>\n<div>Kojiniai stabd\u017eiai ant vis\u0173 keturi\u0173 rat\u0173.<\/div>\n<\/div>\n<div><\/div>\n<\/div>","protected":false},"excerpt":{"rendered":"<div>Taurus H yra gerai suprojektuotas ir funkcionalus vaik\u0161tyn\u0117, sukurta taip, kad b\u016bt\u0173 u\u017etikrintas geras vir\u0161utin\u0117s k\u016bno dalies atrama. Jis yra pakankamai auk\u0161tas auk\u0161tiems naudotojams (iki 2,10 m), turi hidraulin\u012f auk\u0161\u010dio reguliavim\u0105, kad b\u016bt\u0173 patogu naudoti, ir gali b\u016bti naudojamas du\u0161e.<\/div>\n<div><\/div>","protected":false},"featured_media":19873,"comment_status":"open","ping_status":"closed","template":"","meta":[],"product_brand":[],"product_cat":[222],"product_tag":[],"class_list":{"0":"post-19872","1":"product","2":"type-product","3":"status-publish","4":"has-post-thumbnail","6":"product_cat-paligierices","8":"first","9":"outofstock","10":"taxable","11":"shipping-taxable","12":"purchasable","13":"product-type-simple"},"_links":{"self":[{"href":"https:\/\/medapp.lv\/lt\/wp-json\/wp\/v2\/product\/19872","targetHints":{"allow":["GET"]}}],"collection":[{"href":"https:\/\/medapp.lv\/lt\/wp-json\/wp\/v2\/product"}],"about":[{"href":"https:\/\/medapp.lv\/lt\/wp-json\/wp\/v2\/types\/product"}],"replies":[{"embeddable":true,"href":"https:\/\/medapp.lv\/lt\/wp-json\/wp\/v2\/comments?post=19872"}],"version-history":[{"count":5,"href":"https:\/\/medapp.lv\/lt\/wp-json\/wp\/v2\/product\/19872\/revisions"}],"predecessor-version":[{"id":20007,"href":"https:\/\/medapp.lv\/lt\/wp-json\/wp\/v2\/product\/19872\/revisions\/20007"}],"wp:featuredmedia":[{"embeddable":true,"href":"https:\/\/medapp.lv\/lt\/wp-json\/wp\/v2\/media\/19873"}],"wp:attachment":[{"href":"https:\/\/medapp.lv\/lt\/wp-json\/wp\/v2\/media?parent=19872"}],"wp:term":[{"taxonomy":"product_brand","embeddable":true,"href":"https:\/\/medapp.lv\/lt\/wp-json\/wp\/v2\/product_brand?post=19872"},{"taxonomy":"product_cat","embeddable":true,"href":"https:\/\/medapp.lv\/lt\/wp-json\/wp\/v2\/product_cat?post=19872"},{"taxonomy":"product_tag","embeddable":true,"href":"https:\/\/medapp.lv\/lt\/wp-json\/wp\/v2\/product_tag?post=19872"}],"curies":[{"name":"wp","href":"https:\/\/api.w.org\/{rel}","templated":true}]}}