{"id":20128,"date":"2024-08-29T15:11:15","date_gmt":"2024-08-29T13:11:15","guid":{"rendered":"https:\/\/medapp.lv\/?post_type=product&#038;p=20128"},"modified":"2025-07-17T07:52:55","modified_gmt":"2025-07-17T05:52:55","slug":"vista-cto","status":"publish","type":"product","link":"https:\/\/medapp.lv\/lt\/produktas\/vista-cto\/","title":{"rendered":"Vi\u0161tienos CTO"},"content":{"rendered":"<p>Vista\u00ae CTO suteikia papildom\u0105 judesi\u0173 diapazon\u0105 ir kelis reguliavimo ta\u0161kus, kad pad\u0117t\u0173 u\u017etikrinti patog\u0173 ir efektyv\u0173 pritaikym\u0105 \u012fvairioms pacient\u0173 anatomin\u0117ms ligoms. Vista CTO yra visi\u0161kai reguliuojamas ir reikalauja tik vieno dyd\u017eio.<\/p>\n<p>&nbsp;<\/p>\n<p>&nbsp;<\/p>","protected":false},"excerpt":{"rendered":"<p>Vista\u00ae CTO nodro\u0161ina papildu kust\u012bbu ierobe\u017eojumu un pied\u0101v\u0101 vair\u0101kus piel\u0101go\u0161anas punktus, lai pal\u012bdz\u0113tu nodro\u0161in\u0101t \u0113rtu un efekt\u012bvu piem\u0113ro\u0161anu pla\u0161am pacientu<\/p>","protected":false},"featured_media":20132,"comment_status":"open","ping_status":"closed","template":"","meta":[],"product_brand":[],"product_cat":[133,134,138],"product_tag":[],"class_list":{"0":"post-20128","1":"product","2":"type-product","3":"status-publish","4":"has-post-thumbnail","6":"product_cat-ortozes","7":"product_cat-kaklam","8":"product_cat-muguras-jostas","10":"first","11":"instock","12":"taxable","13":"shipping-taxable","14":"purchasable","15":"product-type-simple"},"_links":{"self":[{"href":"https:\/\/medapp.lv\/lt\/wp-json\/wp\/v2\/product\/20128","targetHints":{"allow":["GET"]}}],"collection":[{"href":"https:\/\/medapp.lv\/lt\/wp-json\/wp\/v2\/product"}],"about":[{"href":"https:\/\/medapp.lv\/lt\/wp-json\/wp\/v2\/types\/product"}],"replies":[{"embeddable":true,"href":"https:\/\/medapp.lv\/lt\/wp-json\/wp\/v2\/comments?post=20128"}],"version-history":[{"count":3,"href":"https:\/\/medapp.lv\/lt\/wp-json\/wp\/v2\/product\/20128\/revisions"}],"predecessor-version":[{"id":21298,"href":"https:\/\/medapp.lv\/lt\/wp-json\/wp\/v2\/product\/20128\/revisions\/21298"}],"wp:featuredmedia":[{"embeddable":true,"href":"https:\/\/medapp.lv\/lt\/wp-json\/wp\/v2\/media\/20132"}],"wp:attachment":[{"href":"https:\/\/medapp.lv\/lt\/wp-json\/wp\/v2\/media?parent=20128"}],"wp:term":[{"taxonomy":"product_brand","embeddable":true,"href":"https:\/\/medapp.lv\/lt\/wp-json\/wp\/v2\/product_brand?post=20128"},{"taxonomy":"product_cat","embeddable":true,"href":"https:\/\/medapp.lv\/lt\/wp-json\/wp\/v2\/product_cat?post=20128"},{"taxonomy":"product_tag","embeddable":true,"href":"https:\/\/medapp.lv\/lt\/wp-json\/wp\/v2\/product_tag?post=20128"}],"curies":[{"name":"wp","href":"https:\/\/api.w.org\/{rel}","templated":true}]}}