{"id":20206,"date":"2025-01-16T16:32:46","date_gmt":"2025-01-16T14:32:46","guid":{"rendered":"https:\/\/medapp.lv\/?post_type=product&#038;p=20206"},"modified":"2025-07-17T09:55:32","modified_gmt":"2025-07-17T07:55:32","slug":"grutniecibas-josta","status":"publish","type":"product","link":"https:\/\/medapp.lv\/lt\/produktas\/grutniecibas-josta\/","title":{"rendered":"N\u0117\u0161tumo dir\u017eas"},"content":{"rendered":"<p>\u0160is dir\u017eas yra profesionalus medicinos gaminys, pagamintas ir pritaikytas specialiai n\u0117\u0161\u010diosioms. Dir\u017eas palaiko pilvo srit\u012f ir padeda suma\u017einti diskomfort\u0105 n\u0117\u0161tumo metu. Dir\u017eas pagamintas i\u0161 kv\u0117puojan\u010dios ir odai nekenksmingos med\u017eiagos AirRubber\u2122. N\u0117\u0161tumo dir\u017eo nugar\u0117l\u0117je yra ortopediniai lankeliai, kurie tolygiai paskirsto spaudim\u0105 apatinei nugaros daliai ir palaiko nugaros raumenis bei rai\u0161\u010dius. N\u0117\u0161tumo dir\u017eas apr\u016bpintas specialiu pilvo dir\u017eeliu, kuris i\u0161laiko dir\u017e\u0105 vietoje ir neleid\u017eia jam ried\u0117ti ar paslysti. \u0160is n\u0117\u0161tumo atraminis dir\u017eas yra naujovi\u0161ko dizaino, kuris suma\u017eina spaudim\u0105 \u0161lapimo p\u016bslei ir tolygiau paskirsto k\u016bdikio svor\u012f. Be to, nuolatin\u0117 pilvo palaikymas suma\u017eina strij\u0173 atsiradimo rizik\u0105. Kasdienis n\u0117\u0161tumo dir\u017eo naudojimas suma\u017eins dubens, klub\u0173 ir apatin\u0117s nugaros dalies skausm\u0105. Dir\u017eas padeda pagerinti laikysen\u0105 ir ma\u017eina \u012fprastas strijas n\u0117\u0161tumo metu.<\/p>","protected":false},"excerpt":{"rendered":"<p>N\u0117\u0161tumas yra laikotarpis, kai k\u016bnas patiria daug poky\u010di\u0173. Svorio centras juda \u012f priek\u012f, o tai paveikia raumenis ir rai\u0161\u010dius bei gali sukelti skausm\u0105. Jei n\u0117\u0161tumo metu jau\u010diate skausm\u0105, rekomenduojama atlikti pratimus arba i\u0161bandyti n\u0117\u0161tumo dir\u017e\u0105.<\/p>","protected":false},"featured_media":20200,"comment_status":"open","ping_status":"closed","template":"","meta":[],"product_brand":[],"product_cat":[138,133],"product_tag":[],"class_list":{"0":"post-20206","1":"product","2":"type-product","3":"status-publish","4":"has-post-thumbnail","6":"product_cat-muguras-jostas","7":"product_cat-ortozes","9":"first","10":"instock","11":"taxable","12":"shipping-taxable","13":"purchasable","14":"product-type-variable"},"_links":{"self":[{"href":"https:\/\/medapp.lv\/lt\/wp-json\/wp\/v2\/product\/20206","targetHints":{"allow":["GET"]}}],"collection":[{"href":"https:\/\/medapp.lv\/lt\/wp-json\/wp\/v2\/product"}],"about":[{"href":"https:\/\/medapp.lv\/lt\/wp-json\/wp\/v2\/types\/product"}],"replies":[{"embeddable":true,"href":"https:\/\/medapp.lv\/lt\/wp-json\/wp\/v2\/comments?post=20206"}],"version-history":[{"count":3,"href":"https:\/\/medapp.lv\/lt\/wp-json\/wp\/v2\/product\/20206\/revisions"}],"predecessor-version":[{"id":20217,"href":"https:\/\/medapp.lv\/lt\/wp-json\/wp\/v2\/product\/20206\/revisions\/20217"}],"wp:featuredmedia":[{"embeddable":true,"href":"https:\/\/medapp.lv\/lt\/wp-json\/wp\/v2\/media\/20200"}],"wp:attachment":[{"href":"https:\/\/medapp.lv\/lt\/wp-json\/wp\/v2\/media?parent=20206"}],"wp:term":[{"taxonomy":"product_brand","embeddable":true,"href":"https:\/\/medapp.lv\/lt\/wp-json\/wp\/v2\/product_brand?post=20206"},{"taxonomy":"product_cat","embeddable":true,"href":"https:\/\/medapp.lv\/lt\/wp-json\/wp\/v2\/product_cat?post=20206"},{"taxonomy":"product_tag","embeddable":true,"href":"https:\/\/medapp.lv\/lt\/wp-json\/wp\/v2\/product_tag?post=20206"}],"curies":[{"name":"wp","href":"https:\/\/api.w.org\/{rel}","templated":true}]}}