{"id":20232,"date":"2025-02-10T20:26:47","date_gmt":"2025-02-10T18:26:47","guid":{"rendered":"https:\/\/medapp.lv\/?post_type=product&#038;p=20232"},"modified":"2025-09-29T15:39:38","modified_gmt":"2025-09-29T13:39:38","slug":"paaugstinatas-jostas-akupresuras-astonkajis-bess","status":"publish","type":"product","link":"https:\/\/medapp.lv\/lt\/produktas\/paaugstinatas-jostas-akupresuras-astonkajis-bess\/","title":{"rendered":"Paauk\u0161tinti dir\u017eai &quot;ACUPRESURE OCTOPUS&quot; (sm\u0117lio spalvos)"},"content":{"rendered":"<h4><strong>Pagrindin\u0117s savyb\u0117s:<\/strong><\/h4>\n<ul>\n<li><strong>Akupres\u016bros technologija:<\/strong>\u00a0Korseto masa\u017eo elementai skatina kraujo mikrocirkuliacij\u0105, ma\u017eina raumen\u0173 \u012ftamp\u0105 ir gerina audini\u0173 apr\u016bpinim\u0105 deguonimi.<\/li>\n<li><strong>Ergonomi\u0161kas dizainas:<\/strong>\u00a0Gerina stuburo pad\u0117t\u012f ir ma\u017eina diskomfort\u0105 prisitaikydamas prie k\u016bno judesi\u0173.<\/li>\n<li><strong>Reguliuojamas \u012ftempimas:<\/strong>\u00a0Speciali\u0173 \u012ftempimo mechanizm\u0173 d\u0117ka korsetas suteikia individualiai reguliuojam\u0105 spaudim\u0105.<\/li>\n<li><strong>Dinamin\u0117 palaikymo sistema:<\/strong>\u00a0Suteikia stabilumo fizin\u0117s veiklos metu, nevar\u017eydamas jud\u0117jimo laisv\u0117s.<\/li>\n<\/ul>\n<h3><strong>Naudojimo rekomendacijos<\/strong><\/h3>\n<p><strong>Tinka:<\/strong><\/p>\n<ul>\n<li>Bendras kry\u017emens ir juosmens stuburo skausmas (\u016bmus ir l\u0117tinis);<\/li>\n<li>Atsipalaidavimas ir k\u016bno atsigavimas po fizinio kr\u016bvio;<\/li>\n<li>Nugaros raumen\u0173 \u012ftampos ma\u017einimas;<\/li>\n<li>Juosmenin\u0117s stuburo dalies judesi\u0173 amplitud\u0117s didinimas.<\/li>\n<li>Atsigavimas po traum\u0173 ir pooperacinis laikotarpis;<\/li>\n<li>Skausm\u0105 mal\u0161inantis poveikis stuburui prevenciniais tikslais;<\/li>\n<li>\u0160io produkto nauda ypa\u010d jau\u010diama fizinio aktyvumo metu, i\u0161skyrus kontaktin\u012f sport\u0105.<\/li>\n<\/ul>\n<p><strong>Kontraindikacijos:<\/strong><\/p>\n<ul>\n<li>Sunk\u016bs stuburo su\u017ealojimai ar infekcijos.<\/li>\n<li>Onkologin\u0117s ligos stuburo srityje.<\/li>\n<li>Odos u\u017edegimas arba \u017eaizdos naudojimo srityje.<\/li>\n<li>\u016amus pilvo skausmas.<\/li>\n<li>N\u0117\u0161tumas ir l\u0117tin\u0117 obstrukcin\u0117 plau\u010di\u0173 liga (LOPL).<\/li>\n<\/ul>\n<h3><strong>Naudojimo instrukcijos<\/strong><\/h3>\n<ol>\n<li>\u012esitikinkite, kad korsetas u\u017ed\u0117tas teisingai \u2013 logotipas turi b\u016bti i\u0161or\u0117je.<\/li>\n<li>Priver\u017ekite korset\u0105, palaipsniui didindami spaudim\u0105, kad i\u0161vengtum\u0117te diskomforto.<\/li>\n<li>Korset\u0105 d\u0117v\u0117kite iki 2 valand\u0173 vienu metu, su ma\u017eiausiai 2 valand\u0173 pertraukomis.<\/li>\n<li>Prad\u0117kite nuo minimalios \u012ftampos ir palaipsniui pritaikykite j\u0105 savo poreikiams.<\/li>\n<\/ol>","protected":false},"excerpt":{"rendered":"<p>Dinami\u0161kas 6 zon\u0173 akupres\u016bros korsetas \u201eAcupressure Octopus\u201c skirtas juosmeninei ir kr\u016btin\u0117s stuburo sri\u010diai. Skirtingai nuo juosmens akupres\u016bros korseto, kuris mal\u0161ina apatin\u0117s stuburo dalies skausm\u0105, auk\u0161tas juosmens korsetas yra skirtas skausmui, lokalizuotam platesn\u0117je srityje visoje juosmens srityje, pereinan\u010diam \u012f kr\u016btin\u0117s srit\u012f. Korsetas turi dvi papildomas akupres\u016bros zonas, kurios padidina gydymo apimt\u012f ir pagerina gydom\u0105j\u012f poveik\u012f. Kiekviena korseto zona gali b\u016bti reguliuojama savo \u012ftempimo intensyvumu, prisitaikant prie paciento poreiki\u0173.<\/p>","protected":false},"featured_media":20252,"comment_status":"open","ping_status":"closed","template":"","meta":[],"product_brand":[],"product_cat":[138,133],"product_tag":[],"class_list":{"0":"post-20232","1":"product","2":"type-product","3":"status-publish","4":"has-post-thumbnail","6":"product_cat-muguras-jostas","7":"product_cat-ortozes","9":"first","10":"instock","11":"sale","12":"taxable","13":"shipping-taxable","14":"purchasable","15":"product-type-variable"},"_links":{"self":[{"href":"https:\/\/medapp.lv\/lt\/wp-json\/wp\/v2\/product\/20232","targetHints":{"allow":["GET"]}}],"collection":[{"href":"https:\/\/medapp.lv\/lt\/wp-json\/wp\/v2\/product"}],"about":[{"href":"https:\/\/medapp.lv\/lt\/wp-json\/wp\/v2\/types\/product"}],"replies":[{"embeddable":true,"href":"https:\/\/medapp.lv\/lt\/wp-json\/wp\/v2\/comments?post=20232"}],"version-history":[{"count":2,"href":"https:\/\/medapp.lv\/lt\/wp-json\/wp\/v2\/product\/20232\/revisions"}],"predecessor-version":[{"id":20268,"href":"https:\/\/medapp.lv\/lt\/wp-json\/wp\/v2\/product\/20232\/revisions\/20268"}],"wp:featuredmedia":[{"embeddable":true,"href":"https:\/\/medapp.lv\/lt\/wp-json\/wp\/v2\/media\/20252"}],"wp:attachment":[{"href":"https:\/\/medapp.lv\/lt\/wp-json\/wp\/v2\/media?parent=20232"}],"wp:term":[{"taxonomy":"product_brand","embeddable":true,"href":"https:\/\/medapp.lv\/lt\/wp-json\/wp\/v2\/product_brand?post=20232"},{"taxonomy":"product_cat","embeddable":true,"href":"https:\/\/medapp.lv\/lt\/wp-json\/wp\/v2\/product_cat?post=20232"},{"taxonomy":"product_tag","embeddable":true,"href":"https:\/\/medapp.lv\/lt\/wp-json\/wp\/v2\/product_tag?post=20232"}],"curies":[{"name":"wp","href":"https:\/\/api.w.org\/{rel}","templated":true}]}}