{"id":20366,"date":"2025-02-11T11:08:06","date_gmt":"2025-02-11T09:08:06","guid":{"rendered":"https:\/\/medapp.lv\/?post_type=product&#038;p=20366"},"modified":"2025-09-29T15:30:56","modified_gmt":"2025-09-29T13:30:56","slug":"plecu-krusu-akupresuras-astonkajis-2","status":"publish","type":"product","link":"https:\/\/medapp.lv\/lt\/produktas\/plecu-krusu-akupresuras-astonkajis-2\/","title":{"rendered":"Pe\u010di\u0173 ir kr\u016btin\u0117s l\u0105stos AKUPRES\u016aROS A\u0160TUONKOJUS"},"content":{"rendered":"<p>Acupressure Octopus naudojama technologija ma\u017eina vir\u0161utin\u0117s nugaros dalies raumen\u0173 \u012ftamp\u0105, gerina kraujo mikrocirkuliacij\u0105, mal\u0161ina skausm\u0105.<\/p>\n<p>Akupres\u016bros a\u0161tuonkojai padeda atkurti taisykling\u0105 laikysen\u0105. \u0160onuose yra specialus akupres\u016bros mechanizmas, leid\u017eiantis reguliuoti \u012ftempimo laipsn\u012f, kuris leid\u017eia i\u0161laikyti taisykling\u0105 laikysen\u0105.<\/p>\n<h4><strong>Pagrindin\u0117s savyb\u0117s:<\/strong><\/h4>\n<ul>\n<li><strong>Akupres\u016bros masa\u017eo efektas:<\/strong>\u00a0\u0160velniai stimuliuoja kraujotak\u0105 pe\u010di\u0173 ir kr\u016btin\u0117s raumenyse, skatina raumen\u0173 atsipalaidavim\u0105 ir mal\u0161ina skausm\u0105.<\/li>\n<li><strong>Ergonomi\u0161ka forma:<\/strong>\u00a0Prisitaiko prie nat\u016brali\u0173 k\u016bno linij\u0173, gerina laikysen\u0105 ir stuburo pad\u0117t\u012f.<\/li>\n<li><strong>Reguliuojamos tvirtinimo detal\u0117s:<\/strong>\u00a0Suteikia pritaikyt\u0105 \u012ftamp\u0105 ir komfort\u0105 kasdieniniam naudojimui.<\/li>\n<li><strong>Saugumas ir komfortas:<\/strong>\u00a0Naudojamos med\u017eiagos yra nekenksmingos \u017emogaus organizmui ir tinkamos ilgalaikiam d\u0117v\u0117jimui.<\/li>\n<\/ul>\n<h3><strong>Naudojimo rekomendacijos<\/strong><\/h3>\n<p><strong>Tinka:<\/strong><\/p>\n<ul>\n<li>Stuburo kr\u016btin\u0117s l\u0105stos skausmams (\u016bminiam ir l\u0117tiniam) mal\u0161inti.<\/li>\n<li>Pooperaciniam ir reabilitacijos laikotarpiui.<\/li>\n<li>Raumen\u0173 \u012ftampai numal\u0161inti po fizinio kr\u016bvio.<\/li>\n<li>Profilaktikai, siekiant pagerinti stuburo sveikat\u0105 ir mobilum\u0105.<\/li>\n<\/ul>\n<p><strong>Kontraindikacijos:<\/strong><\/p>\n<ul>\n<li>Sunk\u016bs stuburo su\u017ealojimai ar infekcijos.<\/li>\n<li>Kr\u016btin\u0117s l\u0105stos onkologin\u0117s ligos.<\/li>\n<li>Odos u\u017edegimas arba \u017eaizdos naudojimo srityje.<\/li>\n<li>N\u0117\u0161tumas ir l\u0117tin\u0117 obstrukcin\u0117 plau\u010di\u0173 liga (LOPL).<\/li>\n<\/ul>\n<h3><strong>Naudojimo instrukcijos<\/strong><\/h3>\n<ol>\n<li>D\u0117v\u0117kite korset\u0105 ant plon\u0173 drabu\u017ei\u0173, kad u\u017etikrintum\u0117te higien\u0105 ir patogum\u0105.<\/li>\n<li>\u012esitikinkite, kad centrinis logotipas yra i\u0161or\u0117je, o korsetas tinkamai pritvirtintas.<\/li>\n<li>Prad\u0117kite nuo minimalios \u012ftampos ir palaipsniui didinkite j\u0105 per dvi savaites, koreguodami pagal savo poreikius.<\/li>\n<li>Korset\u0105 d\u0117v\u0117kite iki 2 valand\u0173 vienu metu su ma\u017eiausiai 2 valand\u0173 pertraukomis.<\/li>\n<\/ol>","protected":false},"excerpt":{"rendered":"<p><strong>Padeda suma\u017einti kr\u016btin\u0117s l\u0105stos nugaros skausmus ir suma\u017einti pe\u010di\u0173 juostos raumen\u0173 \u012ftamp\u0105.<\/strong><\/p>\n<p><strong>Padeda i\u0161laikyti fiziologi\u0161kai taisykling\u0105 laikysen\u0105.<\/strong><\/p>\n<p><strong>Pagerina kraujotak\u0105 trapecijoje.<\/strong><\/p>\n<p><strong>Ma\u017eina raumen\u0173 \u012ftamp\u0105 ir fiziologin\u012f stres\u0105<\/strong><\/p>\n<p><strong>Kada galite pajusti poveik\u012f?<\/strong><\/p>\n<p>\u2714 Poveikis jau pastebimas\u00a0<strong>per kelias valandas<\/strong><br \/>\n\u2714 Ilgalaikiams rezultatams naudokite reguliariai<br \/>\n\u2714 Klientai da\u017enai pastebi skausmo suma\u017e\u0117jim\u0105 jau po vienos proced\u016bros.\u00a0<strong>dvi savaites<\/strong><\/p>\n<p><strong>Kiek laiko galite naudoti \u201eAcupressure Octopus\u201c?<\/strong><\/p>\n<p><strong>I\u0161 prad\u017ei\u0173<\/strong>\u00a0\u2013 iki\u00a0<strong>2 valandas<\/strong>\u00a0su pertraukomis<\/p>\n<p><strong>Palaipsniui<\/strong>\u00a0\u2013 galima pailginti naudojimo laik\u0105<\/p>\n<p><strong>Nerekomenduojama<\/strong>\u00a0\u2013 gulimoje pad\u0117tyje<\/p>\n<p><img decoding=\"async\" class=\"alignnone size-medium wp-image-20354\" src=\"https:\/\/medapp.lv\/wp-content\/uploads\/2025\/02\/Plecu-Krusu-AKUPRESURAS-ASTONKAJIS11-300x300.webp\" alt=\"\" width=\"300\" height=\"300\" srcset=\"https:\/\/medapp.lv\/wp-content\/uploads\/2025\/02\/Plecu-Krusu-AKUPRESURAS-ASTONKAJIS11-300x300.webp 300w, https:\/\/medapp.lv\/wp-content\/uploads\/2025\/02\/Plecu-Krusu-AKUPRESURAS-ASTONKAJIS11-800x800.webp 800w, https:\/\/medapp.lv\/wp-content\/uploads\/2025\/02\/Plecu-Krusu-AKUPRESURAS-ASTONKAJIS11-150x150.webp 150w, https:\/\/medapp.lv\/wp-content\/uploads\/2025\/02\/Plecu-Krusu-AKUPRESURAS-ASTONKAJIS11-768x768.webp 768w, https:\/\/medapp.lv\/wp-content\/uploads\/2025\/02\/Plecu-Krusu-AKUPRESURAS-ASTONKAJIS11-12x12.webp 12w, https:\/\/medapp.lv\/wp-content\/uploads\/2025\/02\/Plecu-Krusu-AKUPRESURAS-ASTONKAJIS11-430x430.webp 430w, https:\/\/medapp.lv\/wp-content\/uploads\/2025\/02\/Plecu-Krusu-AKUPRESURAS-ASTONKAJIS11-700x700.webp 700w, https:\/\/medapp.lv\/wp-content\/uploads\/2025\/02\/Plecu-Krusu-AKUPRESURAS-ASTONKAJIS11.webp 1080w\" sizes=\"(max-width: 300px) 100vw, 300px\" \/><\/p>","protected":false},"featured_media":20364,"comment_status":"open","ping_status":"closed","template":"","meta":[],"product_brand":[],"product_cat":[138,133],"product_tag":[],"class_list":{"0":"post-20366","1":"product","2":"type-product","3":"status-publish","4":"has-post-thumbnail","6":"product_cat-muguras-jostas","7":"product_cat-ortozes","9":"first","10":"instock","11":"sale","12":"taxable","13":"shipping-taxable","14":"purchasable","15":"product-type-variable"},"_links":{"self":[{"href":"https:\/\/medapp.lv\/lt\/wp-json\/wp\/v2\/product\/20366","targetHints":{"allow":["GET"]}}],"collection":[{"href":"https:\/\/medapp.lv\/lt\/wp-json\/wp\/v2\/product"}],"about":[{"href":"https:\/\/medapp.lv\/lt\/wp-json\/wp\/v2\/types\/product"}],"replies":[{"embeddable":true,"href":"https:\/\/medapp.lv\/lt\/wp-json\/wp\/v2\/comments?post=20366"}],"version-history":[{"count":1,"href":"https:\/\/medapp.lv\/lt\/wp-json\/wp\/v2\/product\/20366\/revisions"}],"predecessor-version":[{"id":20372,"href":"https:\/\/medapp.lv\/lt\/wp-json\/wp\/v2\/product\/20366\/revisions\/20372"}],"wp:featuredmedia":[{"embeddable":true,"href":"https:\/\/medapp.lv\/lt\/wp-json\/wp\/v2\/media\/20364"}],"wp:attachment":[{"href":"https:\/\/medapp.lv\/lt\/wp-json\/wp\/v2\/media?parent=20366"}],"wp:term":[{"taxonomy":"product_brand","embeddable":true,"href":"https:\/\/medapp.lv\/lt\/wp-json\/wp\/v2\/product_brand?post=20366"},{"taxonomy":"product_cat","embeddable":true,"href":"https:\/\/medapp.lv\/lt\/wp-json\/wp\/v2\/product_cat?post=20366"},{"taxonomy":"product_tag","embeddable":true,"href":"https:\/\/medapp.lv\/lt\/wp-json\/wp\/v2\/product_tag?post=20366"}],"curies":[{"name":"wp","href":"https:\/\/api.w.org\/{rel}","templated":true}]}}