{"id":20375,"date":"2025-02-11T11:15:45","date_gmt":"2025-02-11T09:15:45","guid":{"rendered":"https:\/\/medapp.lv\/?post_type=product&#038;p=20375"},"modified":"2025-07-17T08:12:31","modified_gmt":"2025-07-17T06:12:31","slug":"akupresuras-sapju-mazinatajs-celim-plata-ortoze","status":"publish","type":"product","link":"https:\/\/medapp.lv\/lt\/produktas\/akupresuras-sapju-mazinatajs-celim-plata-ortoze\/","title":{"rendered":"Ta\u0161kinis kelio skausmo mal\u0161intuvas \u2013 plati ortoz\u0117"},"content":{"rendered":"<p><strong><u>Ta\u0161kinis masa\u017eas kelio skausmui mal\u0161inti\u00a0\u00a0<\/u><\/strong>\u00a0Inovatyvus produktas, ma\u017einantis skausm\u0105, diskomfort\u0105 ir jud\u0117jimo apribojimus. Pagerina gyvenimo kokyb\u0119 ir padeda kasdien\u0117je veikloje bei sportuojant. Akupres\u016bros elementai gerina kraujotak\u0105 mink\u0161tuosiuose audiniuose, padeda anatomin\u0117ms strukt\u016broms grei\u010diau gyti po traum\u0173 ir ma\u017eina sen\u0117jimo proceso sukeliamus nusiskundimus. Rinkoje n\u0117ra pana\u0161aus gaminio su tuo pa\u010diu dizaino principu.<\/p>\n<h4>Kaip i\u0161sirinkti tinkamiausi\u0105 ortoz\u0119?<\/h4>\n<p><a href=\"https:\/\/drmertensinnovations.com\/wp-content\/uploads\/2024\/12\/Orthoses-Table-LV.webp\" rel=\"nofollow noopener\" target=\"_blank\"><img decoding=\"async\" class=\"wp-image-38815 size-large aligncenter\" title=\"Ta\u0161kinis kelio skausmo mal\u0161intuvas \u2013 plati ortoz\u0117 24\" src=\"https:\/\/drmertensinnovations.com\/wp-content\/uploads\/2024\/12\/Orthoses-Table-LV-1024x609.webp\" sizes=\"(max-width: 1024px) 100vw, 1024px\" srcset=\"https:\/\/drmertensinnovations.com\/wp-content\/uploads\/2024\/12\/Orthoses-Table-LV-1024x609.webp 1024w, https:\/\/drmertensinnovations.com\/wp-content\/uploads\/2024\/12\/Orthoses-Table-LV-300x178.webp 300w, https:\/\/drmertensinnovations.com\/wp-content\/uploads\/2024\/12\/Orthoses-Table-LV-768x457.webp 768w, https:\/\/drmertensinnovations.com\/wp-content\/uploads\/2024\/12\/Orthoses-Table-LV-800x476.webp 800w, https:\/\/drmertensinnovations.com\/wp-content\/uploads\/2024\/12\/Orthoses-Table-LV.webp 1408w\" alt=\"Ortoz\u0117s Lentel\u0117 LV\" width=\"1024\" height=\"609\" \/><\/a><\/p>\n<h4><strong>Naudojimo indikacijos:<\/strong><\/h4>\n<ul>\n<li>L\u0117tinis kelio skausmas<\/li>\n<li>Kelio kremzl\u0117s pa\u017eeidimas<\/li>\n<li>Kelio osteoartritas \u2013 susij\u0119s su sen\u0117jimo procesu, d\u0117l kurio susid\u0117vi s\u0105nario kremzl\u0117 ir atsiranda skausmas.<\/li>\n<li>Kelio s\u0105nario chondropatija \u2013 pradin\u0117 s\u0105nario kremzl\u0117s pakitim\u0173 stadija su pavir\u0161iniu slydimo pavir\u0161iaus pa\u017eeidimu, pasirei\u0161kia jauniems pacientams.<\/li>\n<li>Kelio menisko ply\u0161imas \u2013 da\u017eniausia skausmo vieta yra kelio s\u0105nario tarpo srityje ir sustipr\u0117ja einant ar giliai prit\u016bpstant.<\/li>\n<li>Kelio s\u0105nario rai\u0161\u010di\u0173 u\u017edegimas<\/li>\n<li>Girnel\u0117s rai\u0161\u010di\u0173 u\u017edegimas \u2013 susij\u0119s su rai\u0161\u010di\u0173 aparato perkrovimu, d\u0117l kurio atsiranda vietinis u\u017edegimas rai\u0161\u010di\u0173 prisitvirtinimo vietoje. Da\u017eniausios prie\u017eastys yra padid\u0117j\u0119s sportinis aktyvumas, nu\u0117jus didelius atstumus arba dirbant prit\u016bpus ant keli\u0173 sodo ar statybose. Girnel\u0117s rai\u0161\u010dio tvirtinimo ta\u0161kas yra priekin\u0117je blauzdikaulio dalyje.<\/li>\n<li>Kelio s\u0105nario \u0161onini\u0173 rai\u0161\u010di\u0173 u\u017edegimas \u2013 skausmas lokalizuotas \u0161onin\u0117se kelio s\u0105nario dalyse, skausmu spinduliuojantis \u012f blauzdikaul\u012f ar \u0161eivikaul\u012f.<\/li>\n<li>Bekerio cista \u2013 darinys kelio s\u0105nario gale (kelio girnoje), galintis i\u0161sip\u016bsti ir sukelti diskomfort\u0105 esant dideliam kr\u016bviui.<\/li>\n<li>Skausmas po traum\u0173 reabilitacijos faz\u0117je \u2013 potrauminis skausmas gali b\u016bti trumpalaikis, iki 3 m\u0117nesi\u0173, arba t\u0119stis ilgai, vis\u0105 gyvenim\u0105. Ta\u0161kin\u0117s kelio ortoz\u0117s yra efektyvi priemon\u0117 tiek reabilitacijos laikotarpiu, tiek po to gydant traumos pasekmes.<\/li>\n<li>Skausmas po kelio operacijos \u2013 da\u017enai po operacijos kelio skausmas visi\u0161kai nepraeina, o kai kuriais atvejais net sustipr\u0117ja.   Akupres\u016bros kelio ortoz\u0117s yra veiksminga priemon\u0117 norint atgauti prie\u0161 operacij\u0105 tur\u0117t\u0105 aktyvumo lyg\u012f.<\/li>\n<\/ul>\n<h4><strong>Dizainas ir savyb\u0117s:<\/strong><\/h4>\n<p>Akupres\u016bros technologija ilgainiui pasitvirtino kaip veiksmingas ir saugus gydymo metodas.<\/p>\n<p>Anatomin\u0117 ir ergonomi\u0161ka forma. Konstrukcija paremta anatomini\u0173 strukt\u016br\u0173 ypatyb\u0117mis, o tai leid\u017eia lengvai naudoti, funkcionalum\u0105 ir auk\u0161t\u0105 gydom\u0105j\u012f poveik\u012f.<\/p>\n<p>Reguliuojamas suspaudimas ir personalizavimas. Naujovi\u0161kas keli\u0173 lygi\u0173 akupres\u016bros element\u0173 \u012ftempimo mechanizmas leid\u017eia kiekvienam vartotojui individualiai pritaikyti patogiam ir efektyviam naudojimui.<\/p>\n<p>Patvarumas ir lengvumas: Ekonomi\u0161kai perspektyvus gaminys, nes pagamintas i\u0161 itin patvari\u0173 med\u017eiag\u0173, plaunamas ir hipoalergi\u0161kas.<\/p>\n<h3><strong>Privalumai:<\/strong><\/h3>\n<ul>\n<li>Patogus ir patogus naudojimas<\/li>\n<li>Ilgai suma\u017eina kelio skausm\u0105<\/li>\n<li>Neriboja jud\u0117jimo<\/li>\n<li>Suma\u017eina skausm\u0105 mal\u0161inan\u010di\u0173 vaist\u0173 poreik\u012f<\/li>\n<li>Plaunamas ir ilgai i\u0161liekantis<\/li>\n<li>Mechani\u0161kai atsparios ir hipoalergin\u0117s med\u017eiagos<\/li>\n<\/ul>\n<h3><strong>Kontraindikacijos:<\/strong><\/h3>\n<ul>\n<li>Odos pa\u017eeidimai arba alergin\u0117s reakcijos ortoz\u0117s u\u017ed\u0117jimo vietoje.<\/li>\n<li>Trofin\u0117s opos, p\u016bliuojan\u010dios \u017eaizdos ar pragulos gal\u016bn\u0117se.<\/li>\n<li>Gili\u0173j\u0173 ven\u0173 tromboz\u0117.<\/li>\n<li>Ateroskleroziniai dekompensuoti koj\u0173 kraujotakos sutrikimai.<\/li>\n<li>Ligos, susijusios su kraujo kre\u0161\u0117jimo sutrikimais.<\/li>\n<li>Ry\u0161kus kelio s\u0105nario nestabilumas po traumos su rai\u0161\u010di\u0173 pa\u017eeidimu.<\/li>\n<li>Onkologiniai procesai organizme.<\/li>\n<li>Kelio s\u0105nario endoprotezavimas.<\/li>\n<\/ul>\n<h4>Akupres\u016brinis kelio skausmo mal\u0161intuvas \u2013 tai profesionalus sprendimas kelio s\u0105nario sveikatai gerinti ir apsaugoti, medicinin\u012f tikslum\u0105 derinant su patogiu naudojimu kasdieniame gyvenime ar sportuojant.<\/h4>","protected":false},"excerpt":{"rendered":"<h4><strong>Plati ortoz\u0117 po kojomis<\/strong>\u00a0Siaura ortoz\u0117 po p\u0117domis patobulinta platesn\u0117mis akupres\u016bros zonomis, kurios suteikia intensyvesn\u012f ir efektyvesn\u012f gydom\u0105j\u012f poveik\u012f. \u0160i ortoz\u0117 sukurta taip, kad suteikt\u0173 didesn\u012f komfort\u0105 ir atram\u0105<\/h4>\n<h5>Inovatyvios akupres\u016bros technologijos pagerina kraujotak\u0105 ir ma\u017eina diskomfort\u0105, skatina greitesn\u012f atsigavim\u0105.<\/h5>\n<h5>Ergonomi\u0161kas dizainas ir reguliuojamas suspaudimas u\u017etikrina maksimal\u0173 komfort\u0105 ir prisitaikym\u0105 prie j\u016bs\u0173 poreiki\u0173.<\/h5>\n<h5>Padeda esant l\u0117tiniams skausmams, traumoms, reabilitacijai ir intensyvaus fizinio kr\u016bvio metu.<\/h5>\n<h5>Hipoalergin\u0117s med\u017eiagos, lengvai plaunamos ir tinkamos ilgalaikiam naudojimui.<\/h5>","protected":false},"featured_media":20394,"comment_status":"open","ping_status":"closed","template":"","meta":[],"product_brand":[],"product_cat":[137,133],"product_tag":[],"class_list":{"0":"post-20375","1":"product","2":"type-product","3":"status-publish","4":"has-post-thumbnail","6":"product_cat-kajai-cela-locitivai-un-pedai","7":"product_cat-ortozes","9":"first","10":"instock","11":"taxable","12":"shipping-taxable","13":"purchasable","14":"product-type-variable"},"_links":{"self":[{"href":"https:\/\/medapp.lv\/lt\/wp-json\/wp\/v2\/product\/20375","targetHints":{"allow":["GET"]}}],"collection":[{"href":"https:\/\/medapp.lv\/lt\/wp-json\/wp\/v2\/product"}],"about":[{"href":"https:\/\/medapp.lv\/lt\/wp-json\/wp\/v2\/types\/product"}],"replies":[{"embeddable":true,"href":"https:\/\/medapp.lv\/lt\/wp-json\/wp\/v2\/comments?post=20375"}],"version-history":[{"count":2,"href":"https:\/\/medapp.lv\/lt\/wp-json\/wp\/v2\/product\/20375\/revisions"}],"predecessor-version":[{"id":20447,"href":"https:\/\/medapp.lv\/lt\/wp-json\/wp\/v2\/product\/20375\/revisions\/20447"}],"wp:featuredmedia":[{"embeddable":true,"href":"https:\/\/medapp.lv\/lt\/wp-json\/wp\/v2\/media\/20394"}],"wp:attachment":[{"href":"https:\/\/medapp.lv\/lt\/wp-json\/wp\/v2\/media?parent=20375"}],"wp:term":[{"taxonomy":"product_brand","embeddable":true,"href":"https:\/\/medapp.lv\/lt\/wp-json\/wp\/v2\/product_brand?post=20375"},{"taxonomy":"product_cat","embeddable":true,"href":"https:\/\/medapp.lv\/lt\/wp-json\/wp\/v2\/product_cat?post=20375"},{"taxonomy":"product_tag","embeddable":true,"href":"https:\/\/medapp.lv\/lt\/wp-json\/wp\/v2\/product_tag?post=20375"}],"curies":[{"name":"wp","href":"https:\/\/api.w.org\/{rel}","templated":true}]}}