{"id":20491,"date":"2025-02-11T11:43:54","date_gmt":"2025-02-11T09:43:54","guid":{"rendered":"https:\/\/medapp.lv\/?post_type=product&#038;p=20491"},"modified":"2025-07-17T08:11:08","modified_gmt":"2025-07-17T06:11:08","slug":"akupresuras-sapju-mazinatajs-celim-liela-ortoze","status":"publish","type":"product","link":"https:\/\/medapp.lv\/lt\/produktas\/akupresuras-sapju-mazinatajs-celim-liela-ortoze\/","title":{"rendered":"Ta\u0161kinis kelio skausmo mal\u0161intuvas \u2013 didel\u0117 ortoz\u0117"},"content":{"rendered":"<p><strong>Dyd\u017ei\u0173 lentel\u0117:<\/strong><\/p>\n<p><strong>Nor\u0117dami pasirinkti tinkam\u0105 dyd\u012f, i\u0161matuokite apskritim\u0105 8 cm vir\u0161 kelio s\u0105nario ir 3 cm \u017eemiau kelio s\u0105nario, sulenkite kel\u012f 90\u00b0 kampu.<\/strong><a href=\"https:\/\/drmertensinnovations.com\/wp-content\/uploads\/2024\/12\/Izmeru-tabula-pilna-cela-ortoze.webp\" rel=\"nofollow noopener\" target=\"_blank\"><img decoding=\"async\" class=\"alignnone wp-image-33341 size-large\" title=\"Keli\u0173 skausm\u0105 mal\u0161inantis akupres\u016bra \u2013 didel\u0117 ortoz\u0117 18\" src=\"https:\/\/drmertensinnovations.com\/wp-content\/uploads\/2024\/12\/Izmeru-tabula-pilna-cela-ortoze-1024x446.webp\" sizes=\"(max-width: 1024px) 100vw, 1024px\" srcset=\"https:\/\/drmertensinnovations.com\/wp-content\/uploads\/2024\/12\/Izmeru-tabula-pilna-cela-ortoze-1024x446.webp 1024w, https:\/\/drmertensinnovations.com\/wp-content\/uploads\/2024\/12\/Izmeru-tabula-pilna-cela-ortoze-300x131.webp 300w, https:\/\/drmertensinnovations.com\/wp-content\/uploads\/2024\/12\/Izmeru-tabula-pilna-cela-ortoze-768x334.webp 768w, https:\/\/drmertensinnovations.com\/wp-content\/uploads\/2024\/12\/Izmeru-tabula-pilna-cela-ortoze-1536x669.webp 1536w, https:\/\/drmertensinnovations.com\/wp-content\/uploads\/2024\/12\/Izmeru-tabula-pilna-cela-ortoze-800x348.webp 800w, https:\/\/drmertensinnovations.com\/wp-content\/uploads\/2024\/12\/Izmeru-tabula-pilna-cela-ortoze.webp 1585w\" alt=\"Dyd\u017ei\u0173 lentel\u0117 viso kelio ortoz\u0117\" width=\"1024\" height=\"446\" \/><\/a><\/p>\n<p>Large Knee Orthosis yra auk\u0161\u010diausios kokyb\u0117s kelio atramos prietaisas, suteikiantis komfort\u0105 ir papildom\u0105 apsaug\u0105 tiek vir\u0161, tiek \u017eemiau kelio s\u0105nario. \u0160i ortoz\u0117 apjungia i\u0161pl\u0117stas akupres\u016bros zonas, ergonomi\u0161k\u0105 dizain\u0105 ir maksimal\u0173 naudojimo komfort\u0105, padedant\u012f suma\u017einti diskomfort\u0105 ir pagerinti keli\u0173 sveikat\u0105 kasdien\u0117s veiklos ar reabilitacijos metu.<\/p>\n<h4>Kaip i\u0161sirinkti tinkamiausi\u0105 ortoz\u0119?<a href=\"https:\/\/drmertensinnovations.com\/wp-content\/uploads\/2024\/12\/Orthoses-Table-LV.webp\" rel=\"nofollow noopener\" target=\"_blank\"><br \/>\n<img decoding=\"async\" class=\"alignnone wp-image-38815 size-large\" title=\"Akupres\u016brinis kelio skausm\u0105 mal\u0161inantis vaistas \u2013 didel\u0117 ortoz\u0117 19\" src=\"https:\/\/drmertensinnovations.com\/wp-content\/uploads\/2024\/12\/Orthoses-Table-LV-1024x609.webp\" sizes=\"(max-width: 1024px) 100vw, 1024px\" srcset=\"https:\/\/drmertensinnovations.com\/wp-content\/uploads\/2024\/12\/Orthoses-Table-LV-1024x609.webp 1024w, https:\/\/drmertensinnovations.com\/wp-content\/uploads\/2024\/12\/Orthoses-Table-LV-300x178.webp 300w, https:\/\/drmertensinnovations.com\/wp-content\/uploads\/2024\/12\/Orthoses-Table-LV-768x457.webp 768w, https:\/\/drmertensinnovations.com\/wp-content\/uploads\/2024\/12\/Orthoses-Table-LV-800x476.webp 800w, https:\/\/drmertensinnovations.com\/wp-content\/uploads\/2024\/12\/Orthoses-Table-LV.webp 1408w\" alt=\"Ortoz\u0117s Lentel\u0117 LV\" width=\"1024\" height=\"609\" \/><\/a><\/h4>\n<h4><strong>Naudojimo indikacijos:<\/strong><\/h4>\n<ul>\n<li>L\u0117tinis kelio skausmas<\/li>\n<li>Kelio kremzl\u0117s pa\u017eeidimas<\/li>\n<li>Kelio osteoartritas \u2013 susij\u0119s su sen\u0117jimo procesu, d\u0117l kurio susid\u0117vi s\u0105nario kremzl\u0117 ir atsiranda skausmas.<\/li>\n<li>Kelio s\u0105nario chondropatija \u2013 pradin\u0117 s\u0105nario kremzl\u0117s pakitim\u0173 stadija su pavir\u0161iniu slydimo pavir\u0161iaus pa\u017eeidimu, pasirei\u0161kia jauniems pacientams.<\/li>\n<li>Kelio menisko ply\u0161imas \u2013 da\u017eniausia skausmo vieta yra kelio s\u0105nario tarpo srityje ir sustipr\u0117ja einant ar giliai prit\u016bpstant.<\/li>\n<li>Kelio s\u0105nario rai\u0161\u010di\u0173 u\u017edegimas<\/li>\n<li>Girnel\u0117s rai\u0161\u010di\u0173 u\u017edegimas \u2013 susij\u0119s su rai\u0161\u010di\u0173 aparato perkrovimu, d\u0117l kurio atsiranda vietinis u\u017edegimas rai\u0161\u010di\u0173 prisitvirtinimo vietoje. Da\u017eniausios prie\u017eastys yra padid\u0117j\u0119s sportinis aktyvumas, nu\u0117jus didelius atstumus arba dirbant prit\u016bpus ant keli\u0173 sodo ar statybose. Girnel\u0117s rai\u0161\u010dio tvirtinimo ta\u0161kas yra priekin\u0117je blauzdikaulio dalyje.<\/li>\n<li>Kelio s\u0105nario \u0161onini\u0173 rai\u0161\u010di\u0173 u\u017edegimas \u2013 skausmas lokalizuotas \u0161onin\u0117se kelio s\u0105nario dalyse, skausmu spinduliuojantis \u012f blauzdikaul\u012f ar \u0161eivikaul\u012f.<\/li>\n<li>Bekerio cista \u2013 darinys kelio s\u0105nario gale (kelio girnoje), galintis i\u0161sip\u016bsti ir sukelti diskomfort\u0105 esant dideliam kr\u016bviui.<\/li>\n<li>Skausmas po traum\u0173 reabilitacijos faz\u0117je \u2013 potrauminis skausmas gali b\u016bti trumpalaikis, iki 3 m\u0117nesi\u0173, arba t\u0119stis ilgai, vis\u0105 gyvenim\u0105. Ta\u0161kin\u0117s kelio ortoz\u0117s yra efektyvi priemon\u0117 tiek reabilitacijos laikotarpiu, tiek po to gydant traumos pasekmes.<\/li>\n<li>Skausmas po kelio operacijos \u2013 da\u017enai po operacijos kelio skausmas visi\u0161kai nepraeina, o kai kuriais atvejais net sustipr\u0117ja.   Akupres\u016bros kelio ortoz\u0117s yra veiksminga priemon\u0117 norint atgauti prie\u0161 operacij\u0105 tur\u0117t\u0105 aktyvumo lyg\u012f.<\/li>\n<\/ul>\n<h4><strong>Dizainas ir savyb\u0117s:<\/strong><\/h4>\n<p>Akupres\u016bros technologija ilgainiui pasitvirtino kaip veiksmingas ir saugus gydymo metodas.<\/p>\n<p>Anatomin\u0117 ir ergonomi\u0161ka forma. Konstrukcija paremta anatomini\u0173 strukt\u016br\u0173 ypatyb\u0117mis, o tai leid\u017eia lengvai naudoti, funkcionalum\u0105 ir auk\u0161t\u0105 gydom\u0105j\u012f poveik\u012f.<\/p>\n<p>Reguliuojamas suspaudimas ir personalizavimas. Naujovi\u0161kas keli\u0173 lygi\u0173 akupres\u016bros element\u0173 \u012ftempimo mechanizmas leid\u017eia kiekvienam vartotojui individualiai pritaikyti patogiam ir efektyviam naudojimui.<\/p>\n<p>Patvarumas ir lengvumas: Ekonomi\u0161kai perspektyvus gaminys, nes pagamintas i\u0161 itin patvari\u0173 med\u017eiag\u0173, plaunamas ir hipoalergi\u0161kas.<\/p>\n<h3><strong>Privalumai:<\/strong><\/h3>\n<ul>\n<li>Patogus ir patogus naudojimas<\/li>\n<li>Ilgai suma\u017eina kelio skausm\u0105<\/li>\n<li>Neriboja jud\u0117jimo<\/li>\n<li>Suma\u017eina skausm\u0105 mal\u0161inan\u010di\u0173 vaist\u0173 poreik\u012f<\/li>\n<li>Plaunamas ir ilgai i\u0161liekantis<\/li>\n<li>Mechani\u0161kai atsparios ir hipoalergin\u0117s med\u017eiagos<\/li>\n<\/ul>\n<h3><strong>Kontraindikacijos:<\/strong><\/h3>\n<ul>\n<li>Odos pa\u017eeidimai arba alergin\u0117s reakcijos ortoz\u0117s u\u017ed\u0117jimo vietoje.<\/li>\n<li>Trofin\u0117s opos, p\u016bliuojan\u010dios \u017eaizdos ar pragulos gal\u016bn\u0117se.<\/li>\n<li>Gili\u0173j\u0173 ven\u0173 tromboz\u0117.<\/li>\n<li>Ateroskleroziniai dekompensuoti koj\u0173 kraujotakos sutrikimai.<\/li>\n<li>Ligos, susijusios su kraujo kre\u0161\u0117jimo sutrikimais.<\/li>\n<li>Ry\u0161kus kelio s\u0105nario nestabilumas po traumos su rai\u0161\u010di\u0173 pa\u017eeidimu.<\/li>\n<li>Onkologiniai procesai organizme.<\/li>\n<li>Kelio s\u0105nario endoprotezavimas.<\/li>\n<\/ul>\n<p>Puikus akupres\u016brinis kelio skausm\u0105 mal\u0161inantis vaistas \u2013 patikimas j\u016bs\u0173 kelio s\u0105jungininkas. Tai suteikia stabilumo akimirkomis, kai kiekvienas \u017eingsnis atrodo kaip i\u0161\u0161\u016bkis. Dviguba atrama ir patogumas padeda atgauti j\u0117gas ir jud\u0117jimo d\u017eiaugsm\u0105.\u00a0<strong>Ma\u017eiau skausmo, daugiau laisv\u0117s!<\/strong><\/p>","protected":false},"excerpt":{"rendered":"<h4>Large Knee Orthosis yra auk\u0161\u010diausios kokyb\u0117s kelio atramos prietaisas, suteikiantis komfort\u0105 ir papildom\u0105 apsaug\u0105 tiek vir\u0161, tiek \u017eemiau kelio s\u0105nario.<\/h4>\n<p>\u0160i ortoz\u0117 apjungia i\u0161pl\u0117stas akupres\u016bros zonas, ergonomi\u0161k\u0105 dizain\u0105 ir maksimal\u0173 naudojimo komfort\u0105, padedant\u012f suma\u017einti diskomfort\u0105 ir pagerinti keli\u0173 sveikat\u0105 kasdien\u0117s veiklos ar reabilitacijos metu.<\/p>\n<p><strong>Dviguba atrama komfortui ir gerovei<\/strong><\/p>\n<ol>\n<li>\n<ul>\n<li><strong>Apima plot\u0105 vir\u0161 ir \u017eemiau kelio s\u0105nario, skatina tolyg\u0173 sl\u0117gio pasiskirstym\u0105 ir papildom\u0105 komfort\u0105.<\/strong><\/li>\n<li><strong>Akupres\u016bros elementai sukuria stimuliuojant\u012f poveik\u012f, gerina kraujotak\u0105 ir padeda suma\u017einti diskomfort\u0105<\/strong><\/li>\n<li><strong>Atvira kelio konstrukcija suma\u017eina spaudim\u0105 s\u0105nariui ir leid\u017eia atlikti vis\u0105 judesi\u0173 diapazon\u0105<\/strong><\/li>\n<li><strong>Tinka \u017emon\u0117ms, turintiems nedidel\u012f diskomfort\u0105 keliuose arba turintiems girnel\u0117s sausgysli\u0173 problem\u0173.<\/strong><\/li>\n<li><strong>Reguliuojamos elastin\u0117s virvel\u0117s ir u\u017esegimai leid\u017eia pritaikyti ortoz\u0119 pagal individualius poreikius.<\/strong><\/li>\n<li><strong>Naudojamos auk\u0161tos kokyb\u0117s, hipoalergin\u0117s ir kv\u0117puojan\u010dios med\u017eiagos, u\u017etikrinan\u010dios komfort\u0105 net ir ilgai naudojant.<\/strong><\/li>\n<\/ul>\n<\/li>\n<\/ol>\n<p><strong>Pastaba:<\/strong><br \/>\nDidel\u0117s kelio ortoz\u0117 n\u0117ra standi ir neatlieka kelio s\u0105nario stabilizavimo funkcijos, ta\u010diau suteikia papildomo komforto ir atramos kasdien\u0117je veikloje ar reabilitacijos procese.<\/p>","protected":false},"featured_media":20480,"comment_status":"open","ping_status":"closed","template":"","meta":[],"product_brand":[],"product_cat":[137,133],"product_tag":[],"class_list":{"0":"post-20491","1":"product","2":"type-product","3":"status-publish","4":"has-post-thumbnail","6":"product_cat-kajai-cela-locitivai-un-pedai","7":"product_cat-ortozes","9":"first","10":"instock","11":"taxable","12":"shipping-taxable","13":"purchasable","14":"product-type-variable"},"_links":{"self":[{"href":"https:\/\/medapp.lv\/lt\/wp-json\/wp\/v2\/product\/20491","targetHints":{"allow":["GET"]}}],"collection":[{"href":"https:\/\/medapp.lv\/lt\/wp-json\/wp\/v2\/product"}],"about":[{"href":"https:\/\/medapp.lv\/lt\/wp-json\/wp\/v2\/types\/product"}],"replies":[{"embeddable":true,"href":"https:\/\/medapp.lv\/lt\/wp-json\/wp\/v2\/comments?post=20491"}],"version-history":[{"count":2,"href":"https:\/\/medapp.lv\/lt\/wp-json\/wp\/v2\/product\/20491\/revisions"}],"predecessor-version":[{"id":21536,"href":"https:\/\/medapp.lv\/lt\/wp-json\/wp\/v2\/product\/20491\/revisions\/21536"}],"wp:featuredmedia":[{"embeddable":true,"href":"https:\/\/medapp.lv\/lt\/wp-json\/wp\/v2\/media\/20480"}],"wp:attachment":[{"href":"https:\/\/medapp.lv\/lt\/wp-json\/wp\/v2\/media?parent=20491"}],"wp:term":[{"taxonomy":"product_brand","embeddable":true,"href":"https:\/\/medapp.lv\/lt\/wp-json\/wp\/v2\/product_brand?post=20491"},{"taxonomy":"product_cat","embeddable":true,"href":"https:\/\/medapp.lv\/lt\/wp-json\/wp\/v2\/product_cat?post=20491"},{"taxonomy":"product_tag","embeddable":true,"href":"https:\/\/medapp.lv\/lt\/wp-json\/wp\/v2\/product_tag?post=20491"}],"curies":[{"name":"wp","href":"https:\/\/api.w.org\/{rel}","templated":true}]}}