{"id":20571,"date":"2025-02-11T11:50:07","date_gmt":"2025-02-11T09:50:07","guid":{"rendered":"https:\/\/medapp.lv\/?post_type=product&#038;p=20571"},"modified":"2025-07-17T08:10:11","modified_gmt":"2025-07-17T06:10:11","slug":"akupresuras-sapju-mazinatajs-elkonim-liela-elkona-ortoze","status":"publish","type":"product","link":"https:\/\/medapp.lv\/lt\/produktas\/akupresuras-sapju-mazinatajs-elkonim-liela-elkona-ortoze\/","title":{"rendered":"Akupres\u016brinis alk\u016bn\u0117s skausm\u0105 mal\u0161inantis vaistas \u2013 alk\u016bn\u0117s \u012ftvaras"},"content":{"rendered":"<h3><strong>Dyd\u017ei\u0173 lentel\u0117:<\/strong><\/h3>\n<p>Nor\u0117dami pasirinkti tinkam\u0105 dyd\u012f, i\u0161matuokite perimetr\u0105 5 cm vir\u0161 alk\u016bn\u0117s s\u0105nario ir 3 cm \u017eemiau alk\u016bn\u0117s, sulenkite alk\u016bn\u0119 90\u00b0 kampu.<\/p>\n<p><a href=\"https:\/\/drmertensinnovations.com\/wp-content\/uploads\/2024\/12\/Izmeru-tabula-Liela-elkona-ortoze.webp\" rel=\"nofollow noopener\" target=\"_blank\"><img decoding=\"async\" class=\"alignnone wp-image-34065 size-large\" title=\"Akupres\u016bra nuo alk\u016bn\u0117s skausmo \u2013 didel\u0117s alk\u016bn\u0117s ortoz\u0117 20\" src=\"https:\/\/drmertensinnovations.com\/wp-content\/uploads\/2024\/12\/Izmeru-tabula-Liela-elkona-ortoze-1024x517.webp\" sizes=\"(max-width: 1024px) 100vw, 1024px\" srcset=\"https:\/\/drmertensinnovations.com\/wp-content\/uploads\/2024\/12\/Izmeru-tabula-Liela-elkona-ortoze-1024x517.webp 1024w, https:\/\/drmertensinnovations.com\/wp-content\/uploads\/2024\/12\/Izmeru-tabula-Liela-elkona-ortoze-300x151.webp 300w, https:\/\/drmertensinnovations.com\/wp-content\/uploads\/2024\/12\/Izmeru-tabula-Liela-elkona-ortoze-768x388.webp 768w, https:\/\/drmertensinnovations.com\/wp-content\/uploads\/2024\/12\/Izmeru-tabula-Liela-elkona-ortoze-800x404.webp 800w, https:\/\/drmertensinnovations.com\/wp-content\/uploads\/2024\/12\/Izmeru-tabula-Liela-elkona-ortoze.webp 1365w\" alt=\"Dyd\u017ei\u0173 lentel\u0117 Didel\u0117 alk\u016bn\u0117s ortoz\u0117\" width=\"1024\" height=\"517\" \/><\/a><\/p>\n<h3><strong>Naudojimo indikacijos:<\/strong><\/h3>\n<p><strong>Teniso alk\u016bn\u0117 (\u0161oninis epikondilitas)<\/strong><br \/>\n\u0160iai b\u016bklei b\u016bdingas skausmas ir jautrumas, jau\u010diamas i\u0161oriniame alk\u016bn\u0117s s\u0105nario pavir\u0161iuje, taip pat skausmas sugriebimo funkcijos metu, ypa\u010d naudojant rank\u0105. Tai b\u016bdinga \u017emon\u0117ms, dirbantiems fizin\u012f darb\u0105, bet gali paveikti ir biuro darbuotojus, kurie ilg\u0105 laik\u0105 dirba su kompiuterio pele. Akupres\u016brin\u0117 alk\u016bn\u0117s s\u0105nario ortoz\u0117 gali b\u016bti naudojama sportuojant, i\u0161skyrus kontaktines sporto \u0161akas, kur galimas tiesioginis poveikis (pavyzd\u017eiui, boksas). Ortoz\u0117 efektyvi ir po sportin\u0117s veiklos, skatinanti pieno r\u016bg\u0161ties pasi\u0161alinim\u0105 i\u0161 raumen\u0173 ir greitesn\u012f raumen\u0173 atsistatym\u0105.<\/p>\n<p><strong>Golfo \u017eaid\u0117jo alk\u016bn\u0117 (vidutinis epikondilitas)<\/strong><br \/>\n\u0160i b\u016bkl\u0117 pasirei\u0161kia skausmu ir jautrumu alk\u016bn\u0117s s\u0105nario vidiniame pavir\u0161iuje, taip pat skausmu sugriebimo funkcijos metu naudojant rank\u0105. Tai da\u017eniausiai pasitaiko \u017emon\u0117ms, kurie dirba fizin\u012f darb\u0105. Akupres\u016brin\u0117 alk\u016bn\u0117s s\u0105nario ortoz\u0117 gali b\u016bti naudojama ir sportuojant, i\u0161skyrus kontaktines sporto \u0161akas, kur galimas tiesioginis poveikis (pavyzd\u017eiui, boksas). Ortoz\u0117 veiksminga ir po sportin\u0117s veiklos, padeda pagerinti pieno r\u016bg\u0161ties pasi\u0161alinim\u0105 i\u0161 raumen\u0173 ir skatina greitesn\u012f raumen\u0173 atsistatym\u0105.<\/p>\n<p><strong>Alk\u016bn\u0117s s\u0105nario artroz\u0117<\/strong><br \/>\n\u0160i problema susijusi su sen\u0117jimo procesais arba gali atsirasti d\u0117l traumos ar l\u016b\u017eio, d\u0117l kurio susid\u0117vi s\u0105nario kremzl\u0117 ir atsiranda skausmas.<\/p>\n<p><strong>Alk\u016bn\u0117s s\u0105nario chondropatija<\/strong><br \/>\nPradin\u0117 s\u0105nario kremzl\u0117s pa\u017eeidimo stadija, kai pa\u017eeidimas yra pavir\u0161utini\u0161kas ir paveikia slydimo pavir\u0161i\u0173. Da\u017enai tai yra pradinis artroz\u0117s vystymosi etapas.<\/p>\n<p><strong>Potrauminis skausmas<\/strong><br \/>\n\u0160is skausmas gali b\u016bti trumpalaikis (iki trij\u0173 m\u0117nesi\u0173) arba i\u0161likti ilgai vis\u0105 gyvenim\u0105. Ta\u0161kin\u0117s alk\u016bn\u0117s ortoz\u0117s yra veiksmingos tiek reabilitacijos laikotarpiu, tiek v\u0117liau, gydant traum\u0173 padarinius.<\/p>\n<p><strong>Skausmas po alk\u016bn\u0117s operacijos<\/strong><br \/>\nPo operacijos skausmas gali visi\u0161kai nepranykti, o kai kuriais atvejais net sustipr\u0117ti. Pooperaciniu laikotarpiu da\u017enai atsiranda jud\u0117jimo apribojim\u0173 (kontrakt\u016bros), kuriuos gali b\u016bti sunku i\u0161spr\u0119sti. Ta\u0161kin\u0117s alk\u016bn\u0117s ortoz\u0117s yra veiksminga priemon\u0117 alk\u016bn\u0117s s\u0105nario judesi\u0173 amplitudei atkurti ir skausmui, kuris buvo prie\u0161 operacij\u0105, ma\u017einimas.<\/p>\n<h4><strong>Dizainas ir savyb\u0117s:<\/strong><\/h4>\n<p>Akupres\u016bros technologija ilgainiui pasitvirtino kaip veiksmingas ir saugus gydymo metodas.<\/p>\n<p>Anatomin\u0117 ir ergonomi\u0161ka forma. Konstrukcija paremta anatomini\u0173 strukt\u016br\u0173 ypatyb\u0117mis, o tai leid\u017eia lengvai naudoti, funkcionalum\u0105 ir auk\u0161t\u0105 gydom\u0105j\u012f poveik\u012f.<\/p>\n<p>Reguliuojamas suspaudimas ir personalizavimas. Naujovi\u0161kas keli\u0173 lygi\u0173 akupres\u016bros element\u0173 \u012ftempimo mechanizmas leid\u017eia kiekvienam vartotojui individualiai pritaikyti patogiam ir efektyviam naudojimui.<\/p>\n<p>Patvarumas ir lengvumas: Ekonomi\u0161kai perspektyvus gaminys, nes pagamintas i\u0161 itin patvari\u0173 med\u017eiag\u0173, plaunamas ir hipoalergi\u0161kas.<\/p>\n<h3><strong>Privalumai:<\/strong><\/h3>\n<ul>\n<li>Patogus ir patogus naudojimas<\/li>\n<li>Ilgai suma\u017eina kelio skausm\u0105<\/li>\n<li>Neriboja jud\u0117jimo<\/li>\n<li>Suma\u017eina skausm\u0105 mal\u0161inan\u010di\u0173 vaist\u0173 poreik\u012f<\/li>\n<li>Plaunamas ir ilgai i\u0161liekantis<\/li>\n<li>Mechani\u0161kai atsparios ir hipoalergin\u0117s med\u017eiagos<\/li>\n<\/ul>\n<h3><strong>Kontraindikacijos<\/strong><\/h3>\n<p>Odos pa\u017eeidimai arba alergin\u0117s reakcijos ortoz\u0117s u\u017ed\u0117jimo vietoje.<\/p>\n<p>Trofin\u0117s opos, p\u016bliuojan\u010dios \u017eaizdos ar pragulos gal\u016bn\u0117se.<\/p>\n<p>Gili\u0173j\u0173 ven\u0173 tromboz\u0117,<\/p>\n<p>Ateroskleroziniai dekompensuoti rank\u0173 kraujotakos sutrikimai<\/p>\n<p>Itin gilios l\u0117tin\u0117s n. ulnaris suspaudimas kubitiniame tunelyje su radikulopatija.<\/p>\n<p>Ligos, susijusios su kraujo kre\u0161\u0117jimo sutrikimais.<\/p>\n<p>Onkologiniai procesai organizme.<\/p>","protected":false},"excerpt":{"rendered":"<h5>Atraskite Large Albow Orthosis \u2013 modern\u0173 medicinin\u012f sprendim\u0105, kuris sujungia patentuot\u0105 akupres\u016bros technologij\u0105 ir anatomin\u012f dizain\u0105, kad suma\u017eint\u0173 skausm\u0105 ir pagerint\u0173 alk\u016bn\u0117s funkcionalum\u0105. \u0160i ortoz\u0117 suteikia tikslin\u012f spaudim\u0105, gerina kraujotak\u0105, optimaliai palaiko tiek kasdien\u0117je veikloje, tiek sportuojant.<\/h5>\n<h5><\/h5>\n<p><strong>Inovatyvios akupres\u016bros technologijos pagerina kraujotak\u0105 ir ma\u017eina diskomfort\u0105, skatina greitesn\u012f atsigavim\u0105.<\/strong><\/p>\n<p><strong>Ergonomi\u0161kas dizainas ir reguliuojamas suspaudimas u\u017etikrina maksimal\u0173 komfort\u0105 ir prisitaikym\u0105 prie j\u016bs\u0173 poreiki\u0173.<\/strong><\/p>\n<p><strong>Padeda esant l\u0117tiniams skausmams, traumoms, reabilitacijai ir intensyvaus fizinio kr\u016bvio metu.<\/strong><\/p>\n<p><strong>Hipoalergin\u0117s med\u017eiagos, lengvai plaunamos ir tinkamos ilgalaikiam naudojimui.<\/strong><\/p>\n<p>&nbsp;<\/p>\n<p><strong>Pastaba:<\/strong><br \/>\nDidel\u0117s alk\u016bn\u0117s ortoz\u0117 n\u0117ra standi ir neatlieka alk\u016bn\u0117s s\u0105nario stabilizavimo funkcijos, ta\u010diau suteikia papildomo komforto ir atramos kasdien\u0117je veikloje ar reabilitacijos procese.<\/p>","protected":false},"featured_media":20557,"comment_status":"open","ping_status":"closed","template":"","meta":[],"product_brand":[],"product_cat":[139,133],"product_tag":[],"class_list":{"0":"post-20571","1":"product","2":"type-product","3":"status-publish","4":"has-post-thumbnail","6":"product_cat-rokas-un-plaukstai","7":"product_cat-ortozes","9":"first","10":"instock","11":"taxable","12":"shipping-taxable","13":"purchasable","14":"product-type-variable"},"_links":{"self":[{"href":"https:\/\/medapp.lv\/lt\/wp-json\/wp\/v2\/product\/20571","targetHints":{"allow":["GET"]}}],"collection":[{"href":"https:\/\/medapp.lv\/lt\/wp-json\/wp\/v2\/product"}],"about":[{"href":"https:\/\/medapp.lv\/lt\/wp-json\/wp\/v2\/types\/product"}],"replies":[{"embeddable":true,"href":"https:\/\/medapp.lv\/lt\/wp-json\/wp\/v2\/comments?post=20571"}],"version-history":[{"count":1,"href":"https:\/\/medapp.lv\/lt\/wp-json\/wp\/v2\/product\/20571\/revisions"}],"predecessor-version":[{"id":20573,"href":"https:\/\/medapp.lv\/lt\/wp-json\/wp\/v2\/product\/20571\/revisions\/20573"}],"wp:featuredmedia":[{"embeddable":true,"href":"https:\/\/medapp.lv\/lt\/wp-json\/wp\/v2\/media\/20557"}],"wp:attachment":[{"href":"https:\/\/medapp.lv\/lt\/wp-json\/wp\/v2\/media?parent=20571"}],"wp:term":[{"taxonomy":"product_brand","embeddable":true,"href":"https:\/\/medapp.lv\/lt\/wp-json\/wp\/v2\/product_brand?post=20571"},{"taxonomy":"product_cat","embeddable":true,"href":"https:\/\/medapp.lv\/lt\/wp-json\/wp\/v2\/product_cat?post=20571"},{"taxonomy":"product_tag","embeddable":true,"href":"https:\/\/medapp.lv\/lt\/wp-json\/wp\/v2\/product_tag?post=20571"}],"curies":[{"name":"wp","href":"https:\/\/api.w.org\/{rel}","templated":true}]}}