{"id":20602,"date":"2025-02-25T11:17:53","date_gmt":"2025-02-25T09:17:53","guid":{"rendered":"https:\/\/medapp.lv\/?post_type=product&#038;p=20602"},"modified":"2026-02-17T09:57:27","modified_gmt":"2026-02-17T07:57:27","slug":"revvi-aukstuma-gels-100ml","status":"publish","type":"product","link":"https:\/\/medapp.lv\/lt\/produktas\/revvi-aukstuma-gels-100ml\/","title":{"rendered":"R\u00c9VVI \u0160al\u010dio gelis 100ml"},"content":{"rendered":"<p>\u0160is intensyviai v\u0117sinantis gelis \u012fsiskverbia giliai \u012f od\u0105 ir gydo bei nuramina skaudan\u010dius ir pavargusius raumenis. V\u0117sina ir ramina skaudan\u010dius raumenis ir sausgysles. Suma\u017eina skausm\u0105 ir patinim\u0105, kur\u012f sukelia patempimai, skausmingumas ar per didelis naudojimas. Ma\u017eina kaul\u0173 augimo skausm\u0105 vaikams.<\/p>\n<p>Sud\u0117tyje yra:<\/p>\n<ul>\n<li>Ricinos aliejus atpalaiduoja raumenis ir dr\u0117kina od\u0105.<\/li>\n<li>Kamparas turi prie\u0161u\u017edegimin\u012f ir analgetin\u012f poveik\u012f.<\/li>\n<li>Pipirm\u0117t\u0117 v\u0117sina ir mal\u0161ina skausm\u0105.<\/li>\n<\/ul>\n<p>Naudojimas:<\/p>\n<ul>\n<li>Naudoti po fizinio kr\u016bvio.<\/li>\n<li>Esant patinimui ir u\u017edegimui.<\/li>\n<li>Tinka kasdieniam naudojimui.<\/li>\n<li>Visoms am\u017eiaus grup\u0117ms (nuo 12 met\u0173).<\/li>\n<li>Tada nusiplauk rankas.<\/li>\n<li>Tik i\u0161oriniam naudojimui.<\/li>\n<li>Venkite kontakto su akimis ir atviromis \u017eaizdomis.<\/li>\n<li>Nesukuria lipnumo jausmo ir nepalieka spalvos \u017eymi\u0173 ant odos ar drabu\u017ei\u0173.<\/li>\n<\/ul>\n<p>Galiojimo laikas: 12 m\u0117nesi\u0173 po atidarymo.<\/p>","protected":false},"excerpt":{"rendered":"<p>R\u00c9VVI Cold Gel greitai mal\u0161ina raumen\u0173 ir sausgysli\u0173 skausm\u0105, ma\u017eina patinim\u0105. Nat\u016bral\u016bs ingredientai, tinkantys visiems nuo 12 met\u0173 Idealiai tinka po sporto ar skausmo.<\/p>","protected":false},"featured_media":20604,"comment_status":"open","ping_status":"closed","template":"","meta":[],"product_brand":[],"product_cat":[142,141],"product_tag":[],"class_list":{"0":"post-20602","1":"product","2":"type-product","3":"status-publish","4":"has-post-thumbnail","6":"product_cat-geli","7":"product_cat-preces-muskuliem","9":"first","10":"instock","11":"virtual","12":"taxable","13":"purchasable","14":"product-type-simple"},"_links":{"self":[{"href":"https:\/\/medapp.lv\/lt\/wp-json\/wp\/v2\/product\/20602","targetHints":{"allow":["GET"]}}],"collection":[{"href":"https:\/\/medapp.lv\/lt\/wp-json\/wp\/v2\/product"}],"about":[{"href":"https:\/\/medapp.lv\/lt\/wp-json\/wp\/v2\/types\/product"}],"replies":[{"embeddable":true,"href":"https:\/\/medapp.lv\/lt\/wp-json\/wp\/v2\/comments?post=20602"}],"version-history":[{"count":1,"href":"https:\/\/medapp.lv\/lt\/wp-json\/wp\/v2\/product\/20602\/revisions"}],"predecessor-version":[{"id":20605,"href":"https:\/\/medapp.lv\/lt\/wp-json\/wp\/v2\/product\/20602\/revisions\/20605"}],"wp:featuredmedia":[{"embeddable":true,"href":"https:\/\/medapp.lv\/lt\/wp-json\/wp\/v2\/media\/20604"}],"wp:attachment":[{"href":"https:\/\/medapp.lv\/lt\/wp-json\/wp\/v2\/media?parent=20602"}],"wp:term":[{"taxonomy":"product_brand","embeddable":true,"href":"https:\/\/medapp.lv\/lt\/wp-json\/wp\/v2\/product_brand?post=20602"},{"taxonomy":"product_cat","embeddable":true,"href":"https:\/\/medapp.lv\/lt\/wp-json\/wp\/v2\/product_cat?post=20602"},{"taxonomy":"product_tag","embeddable":true,"href":"https:\/\/medapp.lv\/lt\/wp-json\/wp\/v2\/product_tag?post=20602"}],"curies":[{"name":"wp","href":"https:\/\/api.w.org\/{rel}","templated":true}]}}