{"id":20606,"date":"2025-02-25T11:23:48","date_gmt":"2025-02-25T09:23:48","guid":{"rendered":"https:\/\/medapp.lv\/?post_type=product&#038;p=20606"},"modified":"2026-03-28T09:57:22","modified_gmt":"2026-03-28T07:57:22","slug":"revvi-intense-hot-sildosais-gels-100ml","status":"publish","type":"product","link":"https:\/\/medapp.lv\/lt\/produktas\/revvi-intense-hot-sildosais-gels-100ml\/","title":{"rendered":"R\u00c9VVI Intense Hot \u0161ildomasis gelis 100ml"},"content":{"rendered":"<p>Profilaktinis ir gydomasis gelis \u2013 ilgai \u0161ildo raumenis, sausgysles ir s\u0105narius. Naudoti prie\u0161 fizin\u012f kr\u016bv\u012f ir esant skausmingoms raumen\u0173 ir s\u0105nari\u0173 ligoms.<br \/>\n\u2013 Su\u0161ildo raumenis ir gerina kraujotak\u0105.<br \/>\n\u2013 Paruo\u0161ia k\u016bn\u0105 fizinei veiklai ir atpalaiduoja raumenis po j\u0173.<br \/>\n\u2013 Mal\u0161ina kaklo ir nugaros skausmus, reumat\u0105, osteoartrit\u0105 bei l\u0117tines raumen\u0173 ir s\u0105nari\u0173 ligas.<\/p>","protected":false},"excerpt":{"rendered":"<p>Profilaktisks un \u0101rstniecisks gels \u2013 ilgsto\u0161i silda musku\u013cus, c\u012bpslas un loc\u012btavas. Lieto\u0161anai pirms fiziskas slodzes un s\u0101po\u0161u musku\u013cu un loc\u012btavu<\/p>","protected":false},"featured_media":20603,"comment_status":"open","ping_status":"closed","template":"","meta":[],"product_brand":[],"product_cat":[142,141],"product_tag":[],"class_list":{"0":"post-20606","1":"product","2":"type-product","3":"status-publish","4":"has-post-thumbnail","6":"product_cat-geli","7":"product_cat-preces-muskuliem","9":"first","10":"instock","11":"taxable","12":"shipping-taxable","13":"purchasable","14":"product-type-simple"},"_links":{"self":[{"href":"https:\/\/medapp.lv\/lt\/wp-json\/wp\/v2\/product\/20606","targetHints":{"allow":["GET"]}}],"collection":[{"href":"https:\/\/medapp.lv\/lt\/wp-json\/wp\/v2\/product"}],"about":[{"href":"https:\/\/medapp.lv\/lt\/wp-json\/wp\/v2\/types\/product"}],"replies":[{"embeddable":true,"href":"https:\/\/medapp.lv\/lt\/wp-json\/wp\/v2\/comments?post=20606"}],"version-history":[{"count":2,"href":"https:\/\/medapp.lv\/lt\/wp-json\/wp\/v2\/product\/20606\/revisions"}],"predecessor-version":[{"id":20701,"href":"https:\/\/medapp.lv\/lt\/wp-json\/wp\/v2\/product\/20606\/revisions\/20701"}],"wp:featuredmedia":[{"embeddable":true,"href":"https:\/\/medapp.lv\/lt\/wp-json\/wp\/v2\/media\/20603"}],"wp:attachment":[{"href":"https:\/\/medapp.lv\/lt\/wp-json\/wp\/v2\/media?parent=20606"}],"wp:term":[{"taxonomy":"product_brand","embeddable":true,"href":"https:\/\/medapp.lv\/lt\/wp-json\/wp\/v2\/product_brand?post=20606"},{"taxonomy":"product_cat","embeddable":true,"href":"https:\/\/medapp.lv\/lt\/wp-json\/wp\/v2\/product_cat?post=20606"},{"taxonomy":"product_tag","embeddable":true,"href":"https:\/\/medapp.lv\/lt\/wp-json\/wp\/v2\/product_tag?post=20606"}],"curies":[{"name":"wp","href":"https:\/\/api.w.org\/{rel}","templated":true}]}}