{"id":20892,"date":"2025-06-27T10:03:13","date_gmt":"2025-06-27T08:03:13","guid":{"rendered":"https:\/\/medapp.lv\/?post_type=product&#038;p=20892"},"modified":"2025-11-12T16:08:13","modified_gmt":"2025-11-12T14:08:13","slug":"zili-nitrila-cimdi","status":"publish","type":"product","link":"https:\/\/medapp.lv\/lt\/produktas\/zili-nitrila-cimdi\/","title":{"rendered":"M\u0117lynos nitrilo pir\u0161tin\u0117s"},"content":{"rendered":"<p>M\u0117lynos nitrilo pir\u0161tin\u0117s, be pudros, be latekso, nesterilin\u0117s, tinkamos abiem rankoms, vienkartinio naudojimo.<\/p>\n<p>Visi dyd\u017eiai po 100 vnt. pakuot\u0117je<\/p>","protected":false},"excerpt":{"rendered":"<p>M\u0117lynos nitrilo pir\u0161tin\u0117s, be pudros, be latekso, nesterilios, tinkamos naudoti abiem rankoms, vienkartinio naudojimo. Vis\u0173 dyd\u017ei\u0173 po 100 vnt. pakuot\u0117je.<\/p>","protected":false},"featured_media":20898,"comment_status":"open","ping_status":"closed","template":"","meta":[],"product_brand":[290],"product_cat":[267],"product_tag":[],"class_list":{"0":"post-20892","1":"product","2":"type-product","3":"status-publish","4":"has-post-thumbnail","6":"product_brand-meditrade","7":"product_cat-vienreizlietojamie-medicinas-aizsarglidzekli","9":"first","10":"instock","11":"taxable","12":"shipping-taxable","13":"purchasable","14":"product-type-variable","15":"has-default-attributes"},"_links":{"self":[{"href":"https:\/\/medapp.lv\/lt\/wp-json\/wp\/v2\/product\/20892","targetHints":{"allow":["GET"]}}],"collection":[{"href":"https:\/\/medapp.lv\/lt\/wp-json\/wp\/v2\/product"}],"about":[{"href":"https:\/\/medapp.lv\/lt\/wp-json\/wp\/v2\/types\/product"}],"replies":[{"embeddable":true,"href":"https:\/\/medapp.lv\/lt\/wp-json\/wp\/v2\/comments?post=20892"}],"version-history":[{"count":1,"href":"https:\/\/medapp.lv\/lt\/wp-json\/wp\/v2\/product\/20892\/revisions"}],"predecessor-version":[{"id":20899,"href":"https:\/\/medapp.lv\/lt\/wp-json\/wp\/v2\/product\/20892\/revisions\/20899"}],"wp:featuredmedia":[{"embeddable":true,"href":"https:\/\/medapp.lv\/lt\/wp-json\/wp\/v2\/media\/20898"}],"wp:attachment":[{"href":"https:\/\/medapp.lv\/lt\/wp-json\/wp\/v2\/media?parent=20892"}],"wp:term":[{"taxonomy":"product_brand","embeddable":true,"href":"https:\/\/medapp.lv\/lt\/wp-json\/wp\/v2\/product_brand?post=20892"},{"taxonomy":"product_cat","embeddable":true,"href":"https:\/\/medapp.lv\/lt\/wp-json\/wp\/v2\/product_cat?post=20892"},{"taxonomy":"product_tag","embeddable":true,"href":"https:\/\/medapp.lv\/lt\/wp-json\/wp\/v2\/product_tag?post=20892"}],"curies":[{"name":"wp","href":"https:\/\/api.w.org\/{rel}","templated":true}]}}