{"id":20914,"date":"2025-06-27T10:23:30","date_gmt":"2025-06-27T08:23:30","guid":{"rendered":"https:\/\/medapp.lv\/?post_type=product&#038;p=20914"},"modified":"2025-07-16T09:05:29","modified_gmt":"2025-07-16T07:05:29","slug":"medicinas-cepurite","status":"publish","type":"product","link":"https:\/\/medapp.lv\/lt\/produktas\/medicinas-cepurite\/","title":{"rendered":"Medicinin\u0117 kepur\u0117"},"content":{"rendered":"<p>Universalus medicininis kepurait\u0117 su elastine gumine virvele, nesterilus, skirtas tik vienkartiniam naudojimui.<\/p>\n<p>Dydis: 53 cm | 100 vnt.\/pakuot\u0117je<\/p>","protected":false},"excerpt":{"rendered":"<p>Univers\u0101la medic\u012bnas cepur\u012bte ar elast\u012bgu gumijas auklu, nesterila, paredz\u0113ts tikai vienreiz\u0113jai lieto\u0161anai. Izm\u0113rs: 53 cm | 100gb\/iepakojum\u0101<\/p>","protected":false},"featured_media":20915,"comment_status":"open","ping_status":"closed","template":"","meta":[],"product_brand":[290],"product_cat":[267],"product_tag":[],"class_list":{"0":"post-20914","1":"product","2":"type-product","3":"status-publish","4":"has-post-thumbnail","6":"product_brand-meditrade","7":"product_cat-vienreizlietojamie-medicinas-aizsarglidzekli","9":"first","10":"instock","11":"taxable","12":"shipping-taxable","13":"purchasable","14":"product-type-simple"},"_links":{"self":[{"href":"https:\/\/medapp.lv\/lt\/wp-json\/wp\/v2\/product\/20914","targetHints":{"allow":["GET"]}}],"collection":[{"href":"https:\/\/medapp.lv\/lt\/wp-json\/wp\/v2\/product"}],"about":[{"href":"https:\/\/medapp.lv\/lt\/wp-json\/wp\/v2\/types\/product"}],"replies":[{"embeddable":true,"href":"https:\/\/medapp.lv\/lt\/wp-json\/wp\/v2\/comments?post=20914"}],"version-history":[{"count":1,"href":"https:\/\/medapp.lv\/lt\/wp-json\/wp\/v2\/product\/20914\/revisions"}],"predecessor-version":[{"id":20916,"href":"https:\/\/medapp.lv\/lt\/wp-json\/wp\/v2\/product\/20914\/revisions\/20916"}],"wp:featuredmedia":[{"embeddable":true,"href":"https:\/\/medapp.lv\/lt\/wp-json\/wp\/v2\/media\/20915"}],"wp:attachment":[{"href":"https:\/\/medapp.lv\/lt\/wp-json\/wp\/v2\/media?parent=20914"}],"wp:term":[{"taxonomy":"product_brand","embeddable":true,"href":"https:\/\/medapp.lv\/lt\/wp-json\/wp\/v2\/product_brand?post=20914"},{"taxonomy":"product_cat","embeddable":true,"href":"https:\/\/medapp.lv\/lt\/wp-json\/wp\/v2\/product_cat?post=20914"},{"taxonomy":"product_tag","embeddable":true,"href":"https:\/\/medapp.lv\/lt\/wp-json\/wp\/v2\/product_tag?post=20914"}],"curies":[{"name":"wp","href":"https:\/\/api.w.org\/{rel}","templated":true}]}}