{"id":20918,"date":"2025-06-27T10:33:40","date_gmt":"2025-06-27T08:33:40","guid":{"rendered":"https:\/\/medapp.lv\/?post_type=product&#038;p=20918"},"modified":"2025-07-17T10:23:03","modified_gmt":"2025-07-17T08:23:03","slug":"autinbiksites-pieaugusajiem","status":"publish","type":"product","link":"https:\/\/medapp.lv\/lt\/produktas\/autinbiksites-pieaugusajiem\/","title":{"rendered":"Suaugusi\u0173j\u0173 sauskeln\u0117s"},"content":{"rendered":"<p>Sauskeln\u0117s suaugusiesiems, skirtos apsaugoti nuo \u0161lapimo nelaikymo, nesterilin\u0117s, skirtos tik vienkartiniam naudojimui.<\/p>\n<p>M dydis (70\u2013110 cm)<br \/>\nL dydis (100\u2013140 cm)<br \/>\nXL dydis (120\u2013165 cm)<\/p>\n<p>Visi dyd\u017eiai po 14 vnt. pakuot\u0117je<\/p>","protected":false},"excerpt":{"rendered":"<p>Auti\u0146biks\u012btes pieaugu\u0161ajiem, aizsardz\u012bbai &#8211; ur\u012bna nesatur\u0113\u0161anas gad\u012bjum\u0101, nesterilas, paredz\u0113tas tikai vienreiz\u0113jai lieto\u0161anai. M izm\u0113rs (70-110cm) L izm\u0113rs (100-140cm) XL izm\u0113rs<\/p>","protected":false},"featured_media":20922,"comment_status":"open","ping_status":"closed","template":"","meta":[],"product_brand":[290],"product_cat":[268],"product_tag":[],"class_list":{"0":"post-20918","1":"product","2":"type-product","3":"status-publish","4":"has-post-thumbnail","6":"product_brand-meditrade","7":"product_cat-inkontinences-preces","9":"first","10":"instock","11":"taxable","12":"shipping-taxable","13":"purchasable","14":"product-type-variable"},"_links":{"self":[{"href":"https:\/\/medapp.lv\/lt\/wp-json\/wp\/v2\/product\/20918","targetHints":{"allow":["GET"]}}],"collection":[{"href":"https:\/\/medapp.lv\/lt\/wp-json\/wp\/v2\/product"}],"about":[{"href":"https:\/\/medapp.lv\/lt\/wp-json\/wp\/v2\/types\/product"}],"replies":[{"embeddable":true,"href":"https:\/\/medapp.lv\/lt\/wp-json\/wp\/v2\/comments?post=20918"}],"version-history":[{"count":2,"href":"https:\/\/medapp.lv\/lt\/wp-json\/wp\/v2\/product\/20918\/revisions"}],"predecessor-version":[{"id":20924,"href":"https:\/\/medapp.lv\/lt\/wp-json\/wp\/v2\/product\/20918\/revisions\/20924"}],"wp:featuredmedia":[{"embeddable":true,"href":"https:\/\/medapp.lv\/lt\/wp-json\/wp\/v2\/media\/20922"}],"wp:attachment":[{"href":"https:\/\/medapp.lv\/lt\/wp-json\/wp\/v2\/media?parent=20918"}],"wp:term":[{"taxonomy":"product_brand","embeddable":true,"href":"https:\/\/medapp.lv\/lt\/wp-json\/wp\/v2\/product_brand?post=20918"},{"taxonomy":"product_cat","embeddable":true,"href":"https:\/\/medapp.lv\/lt\/wp-json\/wp\/v2\/product_cat?post=20918"},{"taxonomy":"product_tag","embeddable":true,"href":"https:\/\/medapp.lv\/lt\/wp-json\/wp\/v2\/product_tag?post=20918"}],"curies":[{"name":"wp","href":"https:\/\/api.w.org\/{rel}","templated":true}]}}