{"id":20925,"date":"2025-06-27T10:37:20","date_gmt":"2025-06-27T08:37:20","guid":{"rendered":"https:\/\/medapp.lv\/?post_type=product&#038;p=20925"},"modified":"2025-07-17T10:04:25","modified_gmt":"2025-07-17T08:04:25","slug":"nierveida-trauks","status":"publish","type":"product","link":"https:\/\/medapp.lv\/lt\/produktas\/nierveida-trauks\/","title":{"rendered":"Inksto formos indas"},"content":{"rendered":"<p>Inksto formos indelis, nesterilus, kartoninis, skirtas vienkartiniam naudojimui.<\/p>\n<p>Dydis: 255 x 150 x 48 mm<\/p>\n<p>T\u016bris: 700 ml 300 vnt.\/pakuot\u0117je<\/p>","protected":false},"excerpt":{"rendered":"<p>Nierveida trauks, nesterils, kartona, paredz\u0113ts tikai vienreiz\u0113jai lieto\u0161anai. Izm\u0113rs: 255 x 150 x 48 mm Tilpums: 700 ml 300gb\/iepakojums<\/p>","protected":false},"featured_media":20926,"comment_status":"open","ping_status":"closed","template":"","meta":[],"product_brand":[290],"product_cat":[314],"product_tag":[],"class_list":{"0":"post-20925","1":"product","2":"type-product","3":"status-publish","4":"has-post-thumbnail","6":"product_brand-meditrade","7":"product_cat-operaciju-vienreizlietojamie-materiali","9":"first","10":"instock","11":"taxable","12":"shipping-taxable","13":"product-type-simple"},"_links":{"self":[{"href":"https:\/\/medapp.lv\/lt\/wp-json\/wp\/v2\/product\/20925","targetHints":{"allow":["GET"]}}],"collection":[{"href":"https:\/\/medapp.lv\/lt\/wp-json\/wp\/v2\/product"}],"about":[{"href":"https:\/\/medapp.lv\/lt\/wp-json\/wp\/v2\/types\/product"}],"replies":[{"embeddable":true,"href":"https:\/\/medapp.lv\/lt\/wp-json\/wp\/v2\/comments?post=20925"}],"version-history":[{"count":1,"href":"https:\/\/medapp.lv\/lt\/wp-json\/wp\/v2\/product\/20925\/revisions"}],"predecessor-version":[{"id":20927,"href":"https:\/\/medapp.lv\/lt\/wp-json\/wp\/v2\/product\/20925\/revisions\/20927"}],"wp:featuredmedia":[{"embeddable":true,"href":"https:\/\/medapp.lv\/lt\/wp-json\/wp\/v2\/media\/20926"}],"wp:attachment":[{"href":"https:\/\/medapp.lv\/lt\/wp-json\/wp\/v2\/media?parent=20925"}],"wp:term":[{"taxonomy":"product_brand","embeddable":true,"href":"https:\/\/medapp.lv\/lt\/wp-json\/wp\/v2\/product_brand?post=20925"},{"taxonomy":"product_cat","embeddable":true,"href":"https:\/\/medapp.lv\/lt\/wp-json\/wp\/v2\/product_cat?post=20925"},{"taxonomy":"product_tag","embeddable":true,"href":"https:\/\/medapp.lv\/lt\/wp-json\/wp\/v2\/product_tag?post=20925"}],"curies":[{"name":"wp","href":"https:\/\/api.w.org\/{rel}","templated":true}]}}