{"id":20966,"date":"2025-06-27T11:22:57","date_gmt":"2025-06-27T09:22:57","guid":{"rendered":"https:\/\/medapp.lv\/?post_type=product&#038;p=20966"},"modified":"2025-07-17T10:04:56","modified_gmt":"2025-07-17T08:04:56","slug":"marles-parsejs","status":"publish","type":"product","link":"https:\/\/medapp.lv\/lt\/produktas\/marles-parsejs\/","title":{"rendered":"Marl\u0117s tvarstis"},"content":{"rendered":"<p>Pla\u010diai naudojamas marl\u0117s tvarstis, nesterilus, skirtas tik vienkartiniam naudojimui.<\/p>\n<p>Galimi dyd\u017eiai:<br \/>\n\u2022 4 x 4 cm (20 vnt.)<br \/>\n\u2022 4 x 6 cm (20 vnt.)<br \/>\n\u2022 4 x 8 cm (20 vnt.)<br \/>\n\u2022 4 x 10 cm (20 vnt.)<\/p>","protected":false},"excerpt":{"rendered":"<p>Pla\u010diai naudojamas marl\u0117s tvarstis, nesterilus, vienkartiniam naudojimui. Galimi dyd\u017eiai: \u2022 4 m x 4 cm (20 vnt.) \u2022<\/p>","protected":false},"featured_media":20967,"comment_status":"open","ping_status":"closed","template":"","meta":[],"product_brand":[290],"product_cat":[261,245],"product_tag":[],"class_list":{"0":"post-20966","1":"product","2":"type-product","3":"status-publish","4":"has-post-thumbnail","6":"product_brand-meditrade","7":"product_cat-parseji-un-plaksteri","8":"product_cat-parsiejamie-materiali","10":"first","11":"instock","12":"taxable","13":"shipping-taxable","14":"purchasable","15":"product-type-variable"},"_links":{"self":[{"href":"https:\/\/medapp.lv\/lt\/wp-json\/wp\/v2\/product\/20966","targetHints":{"allow":["GET"]}}],"collection":[{"href":"https:\/\/medapp.lv\/lt\/wp-json\/wp\/v2\/product"}],"about":[{"href":"https:\/\/medapp.lv\/lt\/wp-json\/wp\/v2\/types\/product"}],"replies":[{"embeddable":true,"href":"https:\/\/medapp.lv\/lt\/wp-json\/wp\/v2\/comments?post=20966"}],"version-history":[{"count":1,"href":"https:\/\/medapp.lv\/lt\/wp-json\/wp\/v2\/product\/20966\/revisions"}],"predecessor-version":[{"id":20972,"href":"https:\/\/medapp.lv\/lt\/wp-json\/wp\/v2\/product\/20966\/revisions\/20972"}],"wp:featuredmedia":[{"embeddable":true,"href":"https:\/\/medapp.lv\/lt\/wp-json\/wp\/v2\/media\/20967"}],"wp:attachment":[{"href":"https:\/\/medapp.lv\/lt\/wp-json\/wp\/v2\/media?parent=20966"}],"wp:term":[{"taxonomy":"product_brand","embeddable":true,"href":"https:\/\/medapp.lv\/lt\/wp-json\/wp\/v2\/product_brand?post=20966"},{"taxonomy":"product_cat","embeddable":true,"href":"https:\/\/medapp.lv\/lt\/wp-json\/wp\/v2\/product_cat?post=20966"},{"taxonomy":"product_tag","embeddable":true,"href":"https:\/\/medapp.lv\/lt\/wp-json\/wp\/v2\/product_tag?post=20966"}],"curies":[{"name":"wp","href":"https:\/\/api.w.org\/{rel}","templated":true}]}}