{"id":20984,"date":"2025-06-27T13:38:57","date_gmt":"2025-06-27T11:38:57","guid":{"rendered":"https:\/\/medapp.lv\/?post_type=product&#038;p=20984"},"modified":"2025-07-17T10:04:20","modified_gmt":"2025-07-17T08:04:20","slug":"vienreizlietojama-maska-laryngeal","status":"publish","type":"product","link":"https:\/\/medapp.lv\/lt\/produktas\/vienreizlietojama-maska-laryngeal\/","title":{"rendered":"Vienkartin\u0117 kauk\u0117 gerkl\u0173"},"content":{"rendered":"<p>\u201eKauk\u0117 turi speciali\u0105 i\u0161lenkt\u0105 form\u0105, kuri tiksliai atkartoja nat\u016brali\u0105 \u017emogaus anatomij\u0105.\u201c<br \/>\nUnikali forma, \u012fmontuota tiesiai \u012f vamzdel\u012f, palengvina teising\u0105 \u012fvedim\u0105 nepa\u017eeid\u017eiant vir\u0161utini\u0173 kv\u0117pavimo tak\u0173.<\/p>\n<p>Galima \u012fsigyti \u012fvairi\u0173 dyd\u017ei\u0173.<\/p>","protected":false},"excerpt":{"rendered":"<p>&#8220;Maskai ir \u012bpa\u0161a izliekuma forma, kas r\u016bp\u012bgi atdarina dabisko cilv\u0113ka anatomiju. Unik\u0101l\u0101 forma, kas veidota tie\u0161i caurul\u0113, atvieglo pareizu ievieto\u0161anu,<\/p>","protected":false},"featured_media":20985,"comment_status":"open","ping_status":"closed","template":"","meta":[],"product_brand":[],"product_cat":[244],"product_tag":[],"class_list":{"0":"post-20984","1":"product","2":"type-product","3":"status-publish","4":"has-post-thumbnail","6":"product_cat-anestezijas-piederumi","8":"first","9":"instock","10":"taxable","11":"shipping-taxable","12":"product-type-simple"},"_links":{"self":[{"href":"https:\/\/medapp.lv\/lt\/wp-json\/wp\/v2\/product\/20984","targetHints":{"allow":["GET"]}}],"collection":[{"href":"https:\/\/medapp.lv\/lt\/wp-json\/wp\/v2\/product"}],"about":[{"href":"https:\/\/medapp.lv\/lt\/wp-json\/wp\/v2\/types\/product"}],"replies":[{"embeddable":true,"href":"https:\/\/medapp.lv\/lt\/wp-json\/wp\/v2\/comments?post=20984"}],"version-history":[{"count":2,"href":"https:\/\/medapp.lv\/lt\/wp-json\/wp\/v2\/product\/20984\/revisions"}],"predecessor-version":[{"id":20987,"href":"https:\/\/medapp.lv\/lt\/wp-json\/wp\/v2\/product\/20984\/revisions\/20987"}],"wp:featuredmedia":[{"embeddable":true,"href":"https:\/\/medapp.lv\/lt\/wp-json\/wp\/v2\/media\/20985"}],"wp:attachment":[{"href":"https:\/\/medapp.lv\/lt\/wp-json\/wp\/v2\/media?parent=20984"}],"wp:term":[{"taxonomy":"product_brand","embeddable":true,"href":"https:\/\/medapp.lv\/lt\/wp-json\/wp\/v2\/product_brand?post=20984"},{"taxonomy":"product_cat","embeddable":true,"href":"https:\/\/medapp.lv\/lt\/wp-json\/wp\/v2\/product_cat?post=20984"},{"taxonomy":"product_tag","embeddable":true,"href":"https:\/\/medapp.lv\/lt\/wp-json\/wp\/v2\/product_tag?post=20984"}],"curies":[{"name":"wp","href":"https:\/\/api.w.org\/{rel}","templated":true}]}}