{"id":20992,"date":"2025-06-27T13:42:17","date_gmt":"2025-06-27T11:42:17","guid":{"rendered":"https:\/\/medapp.lv\/?post_type=product&#038;p=20992"},"modified":"2025-07-17T10:04:19","modified_gmt":"2025-07-17T08:04:19","slug":"kirurgiskais-adas-markieris-ar-linealu","status":"publish","type":"product","link":"https:\/\/medapp.lv\/lt\/produktas\/kirurgiskais-adas-markieris-ar-linealu\/","title":{"rendered":"Chirurginis odos \u017eymeklis su liniuote"},"content":{"rendered":"<p>Vienpusis \u017eymeklis, idealiai tinkantis plastin\u0117ms chirurgijoms.<br \/>\nHipoalerginis ir netoksi\u0161kas violetinis ra\u0161alas.<br \/>\nD\u0117mes galima pa\u0161alinti alkoholiu ir skystu muilu.<br \/>\nSkirta vienkartiniam naudojimui.<br \/>\nKomplekte yra atskira \u0161e\u0161i\u0173 coli\u0173 lanksti liniuot\u0117, sukalibruota coliais ir centimetrais.<\/p>\n<p>100 vnt.\/pakuot\u0117je<\/p>","protected":false},"excerpt":{"rendered":"<p>Viengala mar\u0137ieris, ide\u0101li piem\u0113rots plastiskajai \u0137irur\u0123ijai. Hipoaler\u0123iska un violeta netoksiska tinte. Atz\u012bmes var no\u0146emt ar spirtu un \u0161\u0137idraj\u0101m ziep\u0113m. Paredz\u0113ts<\/p>","protected":false},"featured_media":20993,"comment_status":"open","ping_status":"closed","template":"","meta":[],"product_brand":[],"product_cat":[314],"product_tag":[],"class_list":{"0":"post-20992","1":"product","2":"type-product","3":"status-publish","4":"has-post-thumbnail","6":"product_cat-operaciju-vienreizlietojamie-materiali","8":"first","9":"instock","10":"taxable","11":"shipping-taxable","12":"product-type-simple"},"_links":{"self":[{"href":"https:\/\/medapp.lv\/lt\/wp-json\/wp\/v2\/product\/20992","targetHints":{"allow":["GET"]}}],"collection":[{"href":"https:\/\/medapp.lv\/lt\/wp-json\/wp\/v2\/product"}],"about":[{"href":"https:\/\/medapp.lv\/lt\/wp-json\/wp\/v2\/types\/product"}],"replies":[{"embeddable":true,"href":"https:\/\/medapp.lv\/lt\/wp-json\/wp\/v2\/comments?post=20992"}],"version-history":[{"count":3,"href":"https:\/\/medapp.lv\/lt\/wp-json\/wp\/v2\/product\/20992\/revisions"}],"predecessor-version":[{"id":21390,"href":"https:\/\/medapp.lv\/lt\/wp-json\/wp\/v2\/product\/20992\/revisions\/21390"}],"wp:featuredmedia":[{"embeddable":true,"href":"https:\/\/medapp.lv\/lt\/wp-json\/wp\/v2\/media\/20993"}],"wp:attachment":[{"href":"https:\/\/medapp.lv\/lt\/wp-json\/wp\/v2\/media?parent=20992"}],"wp:term":[{"taxonomy":"product_brand","embeddable":true,"href":"https:\/\/medapp.lv\/lt\/wp-json\/wp\/v2\/product_brand?post=20992"},{"taxonomy":"product_cat","embeddable":true,"href":"https:\/\/medapp.lv\/lt\/wp-json\/wp\/v2\/product_cat?post=20992"},{"taxonomy":"product_tag","embeddable":true,"href":"https:\/\/medapp.lv\/lt\/wp-json\/wp\/v2\/product_tag?post=20992"}],"curies":[{"name":"wp","href":"https:\/\/api.w.org\/{rel}","templated":true}]}}