{"id":21003,"date":"2025-06-27T13:49:29","date_gmt":"2025-06-27T11:49:29","guid":{"rendered":"https:\/\/medapp.lv\/?post_type=product&#038;p=21003"},"modified":"2025-07-17T10:04:17","modified_gmt":"2025-07-17T08:04:17","slug":"bd-microlance-adatas","status":"publish","type":"product","link":"https:\/\/medapp.lv\/lt\/produktas\/bd-microlance-adatas\/","title":{"rendered":"BD MICROLANCE adatos"},"content":{"rendered":"<p>Galima \u012fsigyti \u012fvairi\u0173 dyd\u017ei\u0173.<\/p>\n<p>100 vienet\u0173 pakuot\u0117je.<\/p>","protected":false},"excerpt":{"rendered":"<p>Pieejamas da\u017e\u0101dos izm\u0113ros. Iepakojum\u0101 100gab.<\/p>","protected":false},"featured_media":21004,"comment_status":"open","ping_status":"closed","template":"","meta":[],"product_brand":[],"product_cat":[241],"product_tag":[],"class_list":{"0":"post-21003","1":"product","2":"type-product","3":"status-publish","4":"has-post-thumbnail","6":"product_cat-slirces-un-adatas","8":"first","9":"instock","10":"taxable","11":"shipping-taxable","12":"product-type-simple"},"_links":{"self":[{"href":"https:\/\/medapp.lv\/lt\/wp-json\/wp\/v2\/product\/21003","targetHints":{"allow":["GET"]}}],"collection":[{"href":"https:\/\/medapp.lv\/lt\/wp-json\/wp\/v2\/product"}],"about":[{"href":"https:\/\/medapp.lv\/lt\/wp-json\/wp\/v2\/types\/product"}],"replies":[{"embeddable":true,"href":"https:\/\/medapp.lv\/lt\/wp-json\/wp\/v2\/comments?post=21003"}],"version-history":[{"count":2,"href":"https:\/\/medapp.lv\/lt\/wp-json\/wp\/v2\/product\/21003\/revisions"}],"predecessor-version":[{"id":21006,"href":"https:\/\/medapp.lv\/lt\/wp-json\/wp\/v2\/product\/21003\/revisions\/21006"}],"wp:featuredmedia":[{"embeddable":true,"href":"https:\/\/medapp.lv\/lt\/wp-json\/wp\/v2\/media\/21004"}],"wp:attachment":[{"href":"https:\/\/medapp.lv\/lt\/wp-json\/wp\/v2\/media?parent=21003"}],"wp:term":[{"taxonomy":"product_brand","embeddable":true,"href":"https:\/\/medapp.lv\/lt\/wp-json\/wp\/v2\/product_brand?post=21003"},{"taxonomy":"product_cat","embeddable":true,"href":"https:\/\/medapp.lv\/lt\/wp-json\/wp\/v2\/product_cat?post=21003"},{"taxonomy":"product_tag","embeddable":true,"href":"https:\/\/medapp.lv\/lt\/wp-json\/wp\/v2\/product_tag?post=21003"}],"curies":[{"name":"wp","href":"https:\/\/api.w.org\/{rel}","templated":true}]}}