{"id":21011,"date":"2025-06-27T13:53:16","date_gmt":"2025-06-27T11:53:16","guid":{"rendered":"https:\/\/medapp.lv\/?post_type=product&#038;p=21011"},"modified":"2025-07-17T10:04:16","modified_gmt":"2025-07-17T08:04:16","slug":"pacientu-kimano","status":"publish","type":"product","link":"https:\/\/medapp.lv\/lt\/produktas\/pacientu-kimano\/","title":{"rendered":"Kantri kimono"},"content":{"rendered":"<p>Nepermatomas neaustinis kimono 30 g\/m2 su trumpomis rankov\u0117mis.<\/p>\n<p>Atsegama priekyje ir u\u017esegama rai\u0161teliais ties juosmeniu.<\/p>\n<p>Dydis: ilgis 120 cm \/ plotis 150 cm.<\/p>","protected":false},"excerpt":{"rendered":"<p>Necaursp\u012bd\u012bgs neausts kimono 30 g\/m2 ar \u012bs\u0101m piedurkn\u0113m. Priek\u0161pus\u0113 atverama un aizverama jostasviet\u0101 ar \u0161\u0146or\u0113m. Izm\u0113rs: garums 120 cm\/platums 150<\/p>","protected":false},"featured_media":21012,"comment_status":"open","ping_status":"closed","template":"","meta":[],"product_brand":[],"product_cat":[236],"product_tag":[],"class_list":{"0":"post-21011","1":"product","2":"type-product","3":"status-publish","4":"has-post-thumbnail","6":"product_cat-kirurgiskie-cimdi-apgerbs","8":"first","9":"instock","10":"taxable","11":"shipping-taxable","12":"product-type-simple"},"_links":{"self":[{"href":"https:\/\/medapp.lv\/lt\/wp-json\/wp\/v2\/product\/21011","targetHints":{"allow":["GET"]}}],"collection":[{"href":"https:\/\/medapp.lv\/lt\/wp-json\/wp\/v2\/product"}],"about":[{"href":"https:\/\/medapp.lv\/lt\/wp-json\/wp\/v2\/types\/product"}],"replies":[{"embeddable":true,"href":"https:\/\/medapp.lv\/lt\/wp-json\/wp\/v2\/comments?post=21011"}],"version-history":[{"count":2,"href":"https:\/\/medapp.lv\/lt\/wp-json\/wp\/v2\/product\/21011\/revisions"}],"predecessor-version":[{"id":21014,"href":"https:\/\/medapp.lv\/lt\/wp-json\/wp\/v2\/product\/21011\/revisions\/21014"}],"wp:featuredmedia":[{"embeddable":true,"href":"https:\/\/medapp.lv\/lt\/wp-json\/wp\/v2\/media\/21012"}],"wp:attachment":[{"href":"https:\/\/medapp.lv\/lt\/wp-json\/wp\/v2\/media?parent=21011"}],"wp:term":[{"taxonomy":"product_brand","embeddable":true,"href":"https:\/\/medapp.lv\/lt\/wp-json\/wp\/v2\/product_brand?post=21011"},{"taxonomy":"product_cat","embeddable":true,"href":"https:\/\/medapp.lv\/lt\/wp-json\/wp\/v2\/product_cat?post=21011"},{"taxonomy":"product_tag","embeddable":true,"href":"https:\/\/medapp.lv\/lt\/wp-json\/wp\/v2\/product_tag?post=21011"}],"curies":[{"name":"wp","href":"https:\/\/api.w.org\/{rel}","templated":true}]}}