{"id":21020,"date":"2025-06-30T09:56:28","date_gmt":"2025-06-30T07:56:28","guid":{"rendered":"https:\/\/medapp.lv\/?post_type=product&#038;p=21020"},"modified":"2025-07-17T10:04:15","modified_gmt":"2025-07-17T08:04:15","slug":"absorbejosie-tamponi","status":"publish","type":"product","link":"https:\/\/medapp.lv\/lt\/produktas\/absorbejosie-tamponi\/","title":{"rendered":"Hemostatin\u0117s \u017eelatinos kempin\u0117s TAMPON"},"content":{"rendered":"<p>Sterili, greitai \u012fsigerianti \u017eelatinos kempin\u0117, pasi\u017eyminti puikiomis hemostatin\u0117mis savyb\u0117mis.<\/p>\n<p>80 x 30 mm | 16 vnt. pakuot\u0117je<\/p>","protected":false},"excerpt":{"rendered":"<p>Sterils, absorb\u0113jams \u017eelat\u012bna s\u016bklis ar izcil\u0101m hemostatisk\u0101m \u012bpa\u0161\u012bb\u0101m. 80x30mm | 16gb\/iepakojum\u0101<\/p>","protected":false},"featured_media":21022,"comment_status":"open","ping_status":"closed","template":"","meta":[],"product_brand":[],"product_cat":[208],"product_tag":[],"class_list":{"0":"post-21020","1":"product","2":"type-product","3":"status-publish","4":"has-post-thumbnail","6":"product_cat-hemostati","8":"first","9":"instock","10":"taxable","11":"shipping-taxable","12":"product-type-simple"},"_links":{"self":[{"href":"https:\/\/medapp.lv\/lt\/wp-json\/wp\/v2\/product\/21020","targetHints":{"allow":["GET"]}}],"collection":[{"href":"https:\/\/medapp.lv\/lt\/wp-json\/wp\/v2\/product"}],"about":[{"href":"https:\/\/medapp.lv\/lt\/wp-json\/wp\/v2\/types\/product"}],"replies":[{"embeddable":true,"href":"https:\/\/medapp.lv\/lt\/wp-json\/wp\/v2\/comments?post=21020"}],"version-history":[{"count":3,"href":"https:\/\/medapp.lv\/lt\/wp-json\/wp\/v2\/product\/21020\/revisions"}],"predecessor-version":[{"id":21386,"href":"https:\/\/medapp.lv\/lt\/wp-json\/wp\/v2\/product\/21020\/revisions\/21386"}],"wp:featuredmedia":[{"embeddable":true,"href":"https:\/\/medapp.lv\/lt\/wp-json\/wp\/v2\/media\/21022"}],"wp:attachment":[{"href":"https:\/\/medapp.lv\/lt\/wp-json\/wp\/v2\/media?parent=21020"}],"wp:term":[{"taxonomy":"product_brand","embeddable":true,"href":"https:\/\/medapp.lv\/lt\/wp-json\/wp\/v2\/product_brand?post=21020"},{"taxonomy":"product_cat","embeddable":true,"href":"https:\/\/medapp.lv\/lt\/wp-json\/wp\/v2\/product_cat?post=21020"},{"taxonomy":"product_tag","embeddable":true,"href":"https:\/\/medapp.lv\/lt\/wp-json\/wp\/v2\/product_tag?post=21020"}],"curies":[{"name":"wp","href":"https:\/\/api.w.org\/{rel}","templated":true}]}}