{"id":21030,"date":"2025-06-30T10:19:05","date_gmt":"2025-06-30T08:19:05","guid":{"rendered":"https:\/\/medapp.lv\/?post_type=product&#038;p=21030"},"modified":"2025-07-17T10:04:14","modified_gmt":"2025-07-17T08:04:14","slug":"absorbejosi-suklisi-special","status":"publish","type":"product","link":"https:\/\/medapp.lv\/lt\/produktas\/absorbejosi-suklisi-special\/","title":{"rendered":"Hemostatin\u0117s \u017eelatinos kempin\u0117s SPECIAL"},"content":{"rendered":"<p>\u201eWillospon\u201c yra sterili \u017eelatinin\u0117 hemostatin\u0117 kempin\u0117, netirpi vandenyje, lengvai naudojama ir \u012fsigerianti. \u201eWillospon\u201c kempin\u0119 galima supjaustyti iki norimo dyd\u017eio, ji nesubyra.<\/p>\n<p>Dydis: 80 x 50 x 1 mm | 20 vnt.\/d\u0117\u017eut\u0117je<\/p>","protected":false},"excerpt":{"rendered":"<p>Willospon ir sterils \u017eelat\u012bna hemostatisks s\u016bklis, ne\u0161\u0137\u012bst \u016bden\u012b, viegli lietojams un uzs\u016bcas. Willospon s\u016bkli var sagriezt v\u0113lamaj\u0101 izm\u0113r\u0101, \u0161\u012b procesa<\/p>","protected":false},"featured_media":21028,"comment_status":"open","ping_status":"closed","template":"","meta":[],"product_brand":[],"product_cat":[208],"product_tag":[],"class_list":{"0":"post-21030","1":"product","2":"type-product","3":"status-publish","4":"has-post-thumbnail","6":"product_cat-hemostati","8":"first","9":"instock","10":"taxable","11":"shipping-taxable","12":"product-type-simple"},"_links":{"self":[{"href":"https:\/\/medapp.lv\/lt\/wp-json\/wp\/v2\/product\/21030","targetHints":{"allow":["GET"]}}],"collection":[{"href":"https:\/\/medapp.lv\/lt\/wp-json\/wp\/v2\/product"}],"about":[{"href":"https:\/\/medapp.lv\/lt\/wp-json\/wp\/v2\/types\/product"}],"replies":[{"embeddable":true,"href":"https:\/\/medapp.lv\/lt\/wp-json\/wp\/v2\/comments?post=21030"}],"version-history":[{"count":2,"href":"https:\/\/medapp.lv\/lt\/wp-json\/wp\/v2\/product\/21030\/revisions"}],"predecessor-version":[{"id":21381,"href":"https:\/\/medapp.lv\/lt\/wp-json\/wp\/v2\/product\/21030\/revisions\/21381"}],"wp:featuredmedia":[{"embeddable":true,"href":"https:\/\/medapp.lv\/lt\/wp-json\/wp\/v2\/media\/21028"}],"wp:attachment":[{"href":"https:\/\/medapp.lv\/lt\/wp-json\/wp\/v2\/media?parent=21030"}],"wp:term":[{"taxonomy":"product_brand","embeddable":true,"href":"https:\/\/medapp.lv\/lt\/wp-json\/wp\/v2\/product_brand?post=21030"},{"taxonomy":"product_cat","embeddable":true,"href":"https:\/\/medapp.lv\/lt\/wp-json\/wp\/v2\/product_cat?post=21030"},{"taxonomy":"product_tag","embeddable":true,"href":"https:\/\/medapp.lv\/lt\/wp-json\/wp\/v2\/product_tag?post=21030"}],"curies":[{"name":"wp","href":"https:\/\/api.w.org\/{rel}","templated":true}]}}