{"id":21032,"date":"2025-06-30T10:22:43","date_gmt":"2025-06-30T08:22:43","guid":{"rendered":"https:\/\/medapp.lv\/?post_type=product&#038;p=21032"},"modified":"2025-07-17T10:04:13","modified_gmt":"2025-07-17T08:04:13","slug":"vienreizejas-lietosanas-slirce","status":"publish","type":"product","link":"https:\/\/medapp.lv\/lt\/produktas\/vienreizejas-lietosanas-slirce\/","title":{"rendered":"Vienkartinis \u0161virk\u0161tas"},"content":{"rendered":"<p>Vienkartinis \u0161virk\u0161tas su Luer Lock jungtimi. Skaidrus korpusas su juoda skale. Adata nepridedama.<\/p>\n<p>T\u016bris: 5 ml 100 vnt.\/pakuot\u0117je<\/p>\n<p>T\u016bris: 20 ml 50 vnt.\/pakuot\u0117je<\/p>\n<p>T\u016bris: 50\/60 ml 25 vnt.\/pakuot\u0117je<\/p>","protected":false},"excerpt":{"rendered":"<p>Luer Lock vienreizlietojam\u0101 \u0161\u013circe. Caursp\u012bd\u012bgs cilindrs ar melnu skalu. Komplekt\u0101 nav pievienota adata. Tilpums: 5 ml 100gb\/iepakojum\u0101 Tilpums: 20 ml<\/p>","protected":false},"featured_media":21033,"comment_status":"open","ping_status":"closed","template":"","meta":[],"product_brand":[],"product_cat":[241],"product_tag":[],"class_list":{"0":"post-21032","1":"product","2":"type-product","3":"status-publish","4":"has-post-thumbnail","6":"product_cat-slirces-un-adatas","8":"first","9":"instock","10":"taxable","11":"shipping-taxable","12":"product-type-simple"},"_links":{"self":[{"href":"https:\/\/medapp.lv\/lt\/wp-json\/wp\/v2\/product\/21032","targetHints":{"allow":["GET"]}}],"collection":[{"href":"https:\/\/medapp.lv\/lt\/wp-json\/wp\/v2\/product"}],"about":[{"href":"https:\/\/medapp.lv\/lt\/wp-json\/wp\/v2\/types\/product"}],"replies":[{"embeddable":true,"href":"https:\/\/medapp.lv\/lt\/wp-json\/wp\/v2\/comments?post=21032"}],"version-history":[{"count":1,"href":"https:\/\/medapp.lv\/lt\/wp-json\/wp\/v2\/product\/21032\/revisions"}],"predecessor-version":[{"id":21034,"href":"https:\/\/medapp.lv\/lt\/wp-json\/wp\/v2\/product\/21032\/revisions\/21034"}],"wp:featuredmedia":[{"embeddable":true,"href":"https:\/\/medapp.lv\/lt\/wp-json\/wp\/v2\/media\/21033"}],"wp:attachment":[{"href":"https:\/\/medapp.lv\/lt\/wp-json\/wp\/v2\/media?parent=21032"}],"wp:term":[{"taxonomy":"product_brand","embeddable":true,"href":"https:\/\/medapp.lv\/lt\/wp-json\/wp\/v2\/product_brand?post=21032"},{"taxonomy":"product_cat","embeddable":true,"href":"https:\/\/medapp.lv\/lt\/wp-json\/wp\/v2\/product_cat?post=21032"},{"taxonomy":"product_tag","embeddable":true,"href":"https:\/\/medapp.lv\/lt\/wp-json\/wp\/v2\/product_tag?post=21032"}],"curies":[{"name":"wp","href":"https:\/\/api.w.org\/{rel}","templated":true}]}}