{"id":21041,"date":"2025-06-30T10:36:52","date_gmt":"2025-06-30T08:36:52","guid":{"rendered":"https:\/\/medapp.lv\/?post_type=product&#038;p=21041"},"modified":"2025-07-17T10:04:11","modified_gmt":"2025-07-17T08:04:11","slug":"inciziju-pleve","status":"publish","type":"product","link":"https:\/\/medapp.lv\/lt\/produktas\/inciziju-pleve\/","title":{"rendered":"Pj\u016bvio pl\u0117vel\u0117"},"content":{"rendered":"<p>Galimi dyd\u017eiai ir pakuot\u0117s:<br \/>\n\u2022 14 \u00d7 25 cm \u2013 40 vnt. \/ pakuot\u0117je<br \/>\n\u2022 15 \u00d7 28 cm \u2013 40 vnt. \/ pakuot\u0117je<br \/>\n\u2022 20 \u00d7 30 cm \u2013 30 vnt. \/ pakuot\u0117je<br \/>\n\u2022 30 \u00d7 28 cm \u2013 20 vnt. \/ pakuot\u0117je<br \/>\n\u2022 30 \u00d7 40 cm \u2013 20 vnt. \/ pakuot\u0117je<br \/>\n\u2022 40 \u00d7 42 cm \u2013 20 vnt. \/ pakuot\u0117je<br \/>\n\u2022 45 \u00d7 28 cm \u2013 20 vnt. \/ pakuot\u0117je<br \/>\n\u2022 45 \u00d7 55 cm \u2013 20 vnt. \/ pakuot\u0117je<br \/>\n\u2022 55 \u00d7 55 cm \u2013 20 vnt. \/ pakuot\u0117je<br \/>\n\u2022 84 \u00d7 56 cm \u2013 6 vnt. \/ pakuot\u0117je<\/p>","protected":false},"excerpt":{"rendered":"<p>Pieejamie izm\u0113ri un iepakojums: \u2022 14 \u00d7 25 cm \u2013 40 gab. \/ iepakojum\u0101 \u2022 15 \u00d7 28 cm \u2013<\/p>","protected":false},"featured_media":21042,"comment_status":"open","ping_status":"closed","template":"","meta":[],"product_brand":[],"product_cat":[314],"product_tag":[],"class_list":{"0":"post-21041","1":"product","2":"type-product","3":"status-publish","4":"has-post-thumbnail","6":"product_cat-operaciju-vienreizlietojamie-materiali","8":"first","9":"instock","10":"taxable","11":"shipping-taxable","12":"product-type-simple"},"_links":{"self":[{"href":"https:\/\/medapp.lv\/lt\/wp-json\/wp\/v2\/product\/21041","targetHints":{"allow":["GET"]}}],"collection":[{"href":"https:\/\/medapp.lv\/lt\/wp-json\/wp\/v2\/product"}],"about":[{"href":"https:\/\/medapp.lv\/lt\/wp-json\/wp\/v2\/types\/product"}],"replies":[{"embeddable":true,"href":"https:\/\/medapp.lv\/lt\/wp-json\/wp\/v2\/comments?post=21041"}],"version-history":[{"count":1,"href":"https:\/\/medapp.lv\/lt\/wp-json\/wp\/v2\/product\/21041\/revisions"}],"predecessor-version":[{"id":21043,"href":"https:\/\/medapp.lv\/lt\/wp-json\/wp\/v2\/product\/21041\/revisions\/21043"}],"wp:featuredmedia":[{"embeddable":true,"href":"https:\/\/medapp.lv\/lt\/wp-json\/wp\/v2\/media\/21042"}],"wp:attachment":[{"href":"https:\/\/medapp.lv\/lt\/wp-json\/wp\/v2\/media?parent=21041"}],"wp:term":[{"taxonomy":"product_brand","embeddable":true,"href":"https:\/\/medapp.lv\/lt\/wp-json\/wp\/v2\/product_brand?post=21041"},{"taxonomy":"product_cat","embeddable":true,"href":"https:\/\/medapp.lv\/lt\/wp-json\/wp\/v2\/product_cat?post=21041"},{"taxonomy":"product_tag","embeddable":true,"href":"https:\/\/medapp.lv\/lt\/wp-json\/wp\/v2\/product_tag?post=21041"}],"curies":[{"name":"wp","href":"https:\/\/api.w.org\/{rel}","templated":true}]}}