{"id":21045,"date":"2025-06-30T10:38:43","date_gmt":"2025-06-30T08:38:43","guid":{"rendered":"https:\/\/medapp.lv\/?post_type=product&#038;p=21045"},"modified":"2025-07-17T10:11:44","modified_gmt":"2025-07-17T08:11:44","slug":"nitrila-cimdi","status":"publish","type":"product","link":"https:\/\/medapp.lv\/lt\/produktas\/nitrila-cimdi\/","title":{"rendered":"Nitrilo pir\u0161tin\u0117s"},"content":{"rendered":"<p>M\u0117lynos nitrilo pir\u0161tin\u0117s, be pudros, nesterilios.<\/p>\n<p>Galimi dyd\u017eiai: S, M, L, XL | 100 vnt. pakuot\u0117je<\/p>","protected":false},"excerpt":{"rendered":"<p>Zili nitrila cimdi, bez p\u016bdera, nesterili. Pieejamie izm\u0113ri: S, M, L, XL | 100gb\/iepakojum\u0101<\/p>","protected":false},"featured_media":21046,"comment_status":"open","ping_status":"closed","template":"","meta":[],"product_brand":[],"product_cat":[132],"product_tag":[],"class_list":{"0":"post-21045","1":"product","2":"type-product","3":"status-publish","4":"has-post-thumbnail","6":"product_cat-citi","8":"first","9":"outofstock","10":"taxable","11":"shipping-taxable","12":"product-type-variable"},"_links":{"self":[{"href":"https:\/\/medapp.lv\/lt\/wp-json\/wp\/v2\/product\/21045","targetHints":{"allow":["GET"]}}],"collection":[{"href":"https:\/\/medapp.lv\/lt\/wp-json\/wp\/v2\/product"}],"about":[{"href":"https:\/\/medapp.lv\/lt\/wp-json\/wp\/v2\/types\/product"}],"replies":[{"embeddable":true,"href":"https:\/\/medapp.lv\/lt\/wp-json\/wp\/v2\/comments?post=21045"}],"version-history":[{"count":2,"href":"https:\/\/medapp.lv\/lt\/wp-json\/wp\/v2\/product\/21045\/revisions"}],"predecessor-version":[{"id":21048,"href":"https:\/\/medapp.lv\/lt\/wp-json\/wp\/v2\/product\/21045\/revisions\/21048"}],"wp:featuredmedia":[{"embeddable":true,"href":"https:\/\/medapp.lv\/lt\/wp-json\/wp\/v2\/media\/21046"}],"wp:attachment":[{"href":"https:\/\/medapp.lv\/lt\/wp-json\/wp\/v2\/media?parent=21045"}],"wp:term":[{"taxonomy":"product_brand","embeddable":true,"href":"https:\/\/medapp.lv\/lt\/wp-json\/wp\/v2\/product_brand?post=21045"},{"taxonomy":"product_cat","embeddable":true,"href":"https:\/\/medapp.lv\/lt\/wp-json\/wp\/v2\/product_cat?post=21045"},{"taxonomy":"product_tag","embeddable":true,"href":"https:\/\/medapp.lv\/lt\/wp-json\/wp\/v2\/product_tag?post=21045"}],"curies":[{"name":"wp","href":"https:\/\/api.w.org\/{rel}","templated":true}]}}